{"id":11090,"date":"2024-10-24T03:53:24","date_gmt":"2024-10-24T01:53:24","guid":{"rendered":"http:\/\/billigtrikots.com\/?post_type=product&#038;p=11090"},"modified":"2024-10-24T03:55:59","modified_gmt":"2024-10-24T01:55:59","slug":"kinder-portugal-heimtrikot-t-shirt-fussball-wm-2022-rot-gruen-trikotsatz-kit-horta-9","status":"publish","type":"product","link":"https:\/\/www.billigtrikotde.com\/hr\/kinder-portugal-heimtrikot-t-shirt-fussball-wm-2022-rot-gruen-trikotsatz-kit-horta-9\/","title":{"rendered":"Djeca Portugal ku\u0107ni dres majica nogomet WTM 2022 crvena zelena komplet dresova kit HORTA 9"},"content":{"rendered":"<p>Nike Portugal 2022 majica je uglavnom crvena (\u201ePepper Red\u201c), kombinirana s zelenom u dijagonalnom dizajnu nalik Monaku i zlatno-zlatnim logotipima (\u201eGold Dart\u201c).<\/p>\n<p>Izvanredan izgled i novitet u povijesti mom\u010dadi: Dres za Svjetsko prvenstvo u nogometu 2022. u Portugalu ima dijagonalnu zelenu grafiku na prednjoj i stra\u017enjoj strani. Ona se \u010dak prote\u017ee i na desnom rukavu. Ovaj izgled trebao bi imitirati zastavu koja se omotava oko tijela, navodi se u slu\u017ebenom [\u2026]<\/p>\n<p>To\u010dno kao na Europskom prvenstvu 2020., Nike kombinira Nike Portugal 2022 majicu s zelenim hla\u010dama. Stras poti\u0161teni Portugal 2022 doma\u0107i dres su crveni, s zelenim obrubom i zlatnim logotipima.<\/p>\n<p>Savjeti za ispis: Ako ime i broj na slici to\u010dno odgovaraju va\u0161im \u017eeljama, ne morate ih ponovno unositi. Ako ne, unesite \u017eeljeno ime i broj.<\/p>\n<p>Savjeti za pranje: Preporu\u010duje se ru\u010dno pranje nogometnih dresova. Ako \u017eelite koristiti perilicu, sjetite se okrenuti dresove naopako prije pranja. Napunite perilicu hladnom vodom i koristite program za osjetljive tkanine kako biste bolje za\u0161titili boje.<\/p>","protected":false},"excerpt":{"rendered":"<p>Nike Portugal 2022 dres je uglavnom crvene boje (\u201ePepper Red\u201c), kombiniran s zelenom u dijagonalnom dizajnu sli\u010dnom Monacu i zlatno-zlatnim logotipima (\u201eGold Dart\u201c). Izvanredan izgled i novost u povijesti mom\u010dadi: Dres za Svjetsko prvenstvo u nogometu 2022. u Portugal je s dijagonalnom zelenom grafikom na prednjoj i stra\u017enjoj strani. Oni [\u2026]<\/p>","protected":false},"featured_media":11131,"comment_status":"open","ping_status":"closed","template":"","meta":[],"product_brand":[],"product_cat":[239],"product_tag":[20,222,21,23,24,94,240,347,348],"class_list":{"0":"post-11090","1":"product","2":"type-product","3":"status-publish","4":"has-post-thumbnail","6":"product_cat-portugal-trikots","7":"product_tag-coole-fussballtrikots","8":"product_tag-fussball-wm-2022-trikots","9":"product_tag-fussballtrikot-fuer-herren","10":"product_tag-fussballtrikot-kurzarm","11":"product_tag-guenstiges-fussballtrikot","12":"product_tag-kinder-fussball-trikotsatz","13":"product_tag-portugal-heimtrikot","14":"product_tag-portugal-trikots","15":"product_tag-portugal-trikotsatz-fuer-kinder","17":"first","18":"instock","19":"shipping-taxable","20":"purchasable","21":"product-type-variable"},"_links":{"self":[{"href":"https:\/\/www.billigtrikotde.com\/hr\/wp-json\/wp\/v2\/product\/11090","targetHints":{"allow":["GET"]}}],"collection":[{"href":"https:\/\/www.billigtrikotde.com\/hr\/wp-json\/wp\/v2\/product"}],"about":[{"href":"https:\/\/www.billigtrikotde.com\/hr\/wp-json\/wp\/v2\/types\/product"}],"replies":[{"embeddable":true,"href":"https:\/\/www.billigtrikotde.com\/hr\/wp-json\/wp\/v2\/comments?post=11090"}],"wp:featuredmedia":[{"embeddable":true,"href":"https:\/\/www.billigtrikotde.com\/hr\/wp-json\/wp\/v2\/media\/11131"}],"wp:attachment":[{"href":"https:\/\/www.billigtrikotde.com\/hr\/wp-json\/wp\/v2\/media?parent=11090"}],"wp:term":[{"taxonomy":"product_brand","embeddable":true,"href":"https:\/\/www.billigtrikotde.com\/hr\/wp-json\/wp\/v2\/product_brand?post=11090"},{"taxonomy":"product_cat","embeddable":true,"href":"https:\/\/www.billigtrikotde.com\/hr\/wp-json\/wp\/v2\/product_cat?post=11090"},{"taxonomy":"product_tag","embeddable":true,"href":"https:\/\/www.billigtrikotde.com\/hr\/wp-json\/wp\/v2\/product_tag?post=11090"}],"curies":[{"name":"wp","href":"https:\/\/api.w.org\/{rel}","templated":true}]}}