{"id":1103,"date":"2024-10-23T13:16:28","date_gmt":"2024-10-23T11:16:28","guid":{"rendered":"http:\/\/billigtrikots.com\/?post_type=product&#038;p=1103"},"modified":"2024-10-23T13:18:25","modified_gmt":"2024-10-23T11:18:25","slug":"manchester-united-herren-auswaertstrikot-2022-weiss-mit-aufdruck-james-21","status":"publish","type":"product","link":"https:\/\/www.billigtrikotde.com\/hr\/manchester-united-herren-auswaertstrikot-2022-weiss-mit-aufdruck-james-21\/","title":{"rendered":"Manchester United mu\u0161ki gostuju\u0107i dres 2022. bijeli s betlajom James 21"},"content":{"rendered":"<p>Slovo \u201eM\u201c za mati\u010dni grad kluba ve\u0107 je \u010desto pronalazio svoj put na legendarne opreme Manchester Uniteda. Ova adidas nogometna majica ponovno koristi to slovo i dolazi s modernim, apstraktnim dizajnom koji podsje\u0107a na klasi\u010dnu majicu s po\u010detka 90-ih. Mekani dvostruki pleteni materijal i tehnologija AEROREADY za upijanje vlage garantiraju ugodan osje\u0107aj suho\u0107e. Tiskanog klupskog logotipa tako\u0111er pokazuje da si pravi navija\u010d Manchester Uniteda.<\/p>\n<p>Savjeti za ispis: Ako ime i broj na slici to\u010dno odgovaraju va\u0161im \u017eeljama, ne morate ih ponovno unositi. Ako ne, unesite \u017eeljeno ime i broj.<\/p>\n<p>Savjeti za pranje: Preporu\u010duje se ru\u010dno pranje nogometnih dresova. Ako \u017eelite koristiti perilicu, sjetite se okrenuti dresove naopako prije pranja. Napunite perilicu hladnom vodom i koristite program za osjetljive tkanine kako biste bolje za\u0161titili boje.<\/p>","protected":false},"excerpt":{"rendered":"<p>Slovo \u201eM\u201c za rodni grad kluba ve\u0107 je \u010desto pronalazilo svoj put na legendarne opreme Manchester Uniteda. Ova fudbalska majica a-didas ponovno koristi to slovo i dolazi s modernim, apstraktnim dizajnom koji podsje\u0107a na klasi\u010dnu majicu s po\u010detka 90-ih. Mekani dvostruki pleteni materijal i tehnologija AEROREADY za upijanje vlage jam\u010de [\u2026]<\/p>","protected":false},"featured_media":1146,"comment_status":"open","ping_status":"closed","template":"","meta":[],"product_brand":[],"product_cat":[50],"product_tag":[20,43,21,22,23,24,51,52],"class_list":{"0":"post-1103","1":"product","2":"type-product","3":"status-publish","4":"has-post-thumbnail","6":"product_cat-manchester-united","7":"product_tag-coole-fussballtrikots","8":"product_tag-fussballkleidung","9":"product_tag-fussballtrikot-fuer-herren","10":"product_tag-fussballtrikot-guenstig-kaufen","11":"product_tag-fussballtrikot-kurzarm","12":"product_tag-guenstiges-fussballtrikot","13":"product_tag-manchester-united-auswaertstrikot","14":"product_tag-manchester-united-trikots","16":"first","17":"instock","18":"shipping-taxable","19":"purchasable","20":"product-type-variable"},"_links":{"self":[{"href":"https:\/\/www.billigtrikotde.com\/hr\/wp-json\/wp\/v2\/product\/1103","targetHints":{"allow":["GET"]}}],"collection":[{"href":"https:\/\/www.billigtrikotde.com\/hr\/wp-json\/wp\/v2\/product"}],"about":[{"href":"https:\/\/www.billigtrikotde.com\/hr\/wp-json\/wp\/v2\/types\/product"}],"replies":[{"embeddable":true,"href":"https:\/\/www.billigtrikotde.com\/hr\/wp-json\/wp\/v2\/comments?post=1103"}],"wp:featuredmedia":[{"embeddable":true,"href":"https:\/\/www.billigtrikotde.com\/hr\/wp-json\/wp\/v2\/media\/1146"}],"wp:attachment":[{"href":"https:\/\/www.billigtrikotde.com\/hr\/wp-json\/wp\/v2\/media?parent=1103"}],"wp:term":[{"taxonomy":"product_brand","embeddable":true,"href":"https:\/\/www.billigtrikotde.com\/hr\/wp-json\/wp\/v2\/product_brand?post=1103"},{"taxonomy":"product_cat","embeddable":true,"href":"https:\/\/www.billigtrikotde.com\/hr\/wp-json\/wp\/v2\/product_cat?post=1103"},{"taxonomy":"product_tag","embeddable":true,"href":"https:\/\/www.billigtrikotde.com\/hr\/wp-json\/wp\/v2\/product_tag?post=1103"}],"curies":[{"name":"wp","href":"https:\/\/api.w.org\/{rel}","templated":true}]}}