{"id":10849,"date":"2024-10-24T03:39:48","date_gmt":"2024-10-24T01:39:48","guid":{"rendered":"http:\/\/billigtrikots.com\/?post_type=product&#038;p=10849"},"modified":"2024-10-24T03:42:23","modified_gmt":"2024-10-24T01:42:23","slug":"herren-argentinien-fussball-wm-2022-world-cup-heimtrikots-mit-aufdruck-lo-celso-18","status":"publish","type":"product","link":"https:\/\/www.billigtrikotde.com\/hr\/herren-argentinien-fussball-wm-2022-world-cup-heimtrikots-mit-aufdruck-lo-celso-18\/","title":{"rendered":"Mu\u0161ki dres Argentina za Svjetsko prvenstvo 2022 Svjetsko prvenstvo s natpisom LO CELSO 18"},"content":{"rendered":"<p>Novi dres Argentine za 2022. godinu je uglavnom bijel s crnim logotipima \u2013 uklju\u010duju\u0107i potpuno novi Adidasov logo, koji svoju nogometnu premijeru ima na dresovima za Svjetsko prvenstvo 2022. Pruge na novom dresu Argentine za Svjetsko prvenstvo 2022 su klasi\u010dne, ali samo na prednjoj strani. Pruge na stra\u017enjoj strani su zaista neobi\u010dne: umjesto da budu jednako \u0161iroke, postoje dvije tanje nebesko plave pruge u sredini i dvije \u0161ire na vanjskim stranama dresa. Ove \u0161ire pruge su otprilike tri puta \u0161ire od pruga u sredini. Trebale bi izgledati kao zastava Argentine. Tako\u0111er, u skladu sa zastavom, na stra\u017enjoj strani ispod ovratnika nalazi se Sol de Mayo, argentinski nacionalni simbol.<\/p>\n<p>Savjeti za ispis: Ako ime i broj na slici to\u010dno odgovaraju va\u0161im \u017eeljama, ne morate ih ponovno unositi. Ako ne, unesite \u017eeljeno ime i broj.<\/p>\n<p>Savjeti za pranje: Preporu\u010duje se ru\u010dno pranje nogometnih dresova. Ako \u017eelite koristiti perilicu, sjetite se okrenuti dresove naopako prije pranja. Napunite perilicu hladnom vodom i koristite program za osjetljive tkanine kako biste bolje za\u0161titili boje.<\/p>","protected":false},"excerpt":{"rendered":"<p>Novi dres Argentine za 2022. uglavnom je bijel s crnim logotipima \u2013 uklju\u010duju\u0107i potpuno novi Adidasov logo, koji svoju nogometnu premijeru ima na dresovima za Svjetsko prvenstvo 2022. Pruge na novom dresu Argentine za Svjetsko prvenstvo 2022. su klasi\u010dne, ali samo na prednjoj strani. Pruge na stra\u017enjoj strani su zaista neobi\u010dne: umjesto da budu jednako \u0161iroke, postoje [\u2026]<\/p>","protected":false},"featured_media":10891,"comment_status":"open","ping_status":"closed","template":"","meta":[],"product_brand":[],"product_cat":[325],"product_tag":[356,421,422,20,21,22,23,24,423,424,425],"class_list":{"0":"post-10849","1":"product","2":"type-product","3":"status-publish","4":"has-post-thumbnail","6":"product_cat-argentinien-trikots","7":"product_tag-argentinien-trikots","8":"product_tag-argentinien-wm-2022-heimtrikots","9":"product_tag-argentiniens-neues-trikot-fuer-2022","10":"product_tag-coole-fussballtrikots","11":"product_tag-fussballtrikot-fuer-herren","12":"product_tag-fussballtrikot-guenstig-kaufen","13":"product_tag-fussballtrikot-kurzarm","14":"product_tag-guenstiges-fussballtrikot","15":"product_tag-heimtrikots-fuer-die-wm-2022","16":"product_tag-neue-argentinien-trikot","17":"product_tag-neuen-argentinien-wm-2022-trikot","19":"first","20":"instock","21":"shipping-taxable","22":"purchasable","23":"product-type-variable"},"_links":{"self":[{"href":"https:\/\/www.billigtrikotde.com\/hr\/wp-json\/wp\/v2\/product\/10849","targetHints":{"allow":["GET"]}}],"collection":[{"href":"https:\/\/www.billigtrikotde.com\/hr\/wp-json\/wp\/v2\/product"}],"about":[{"href":"https:\/\/www.billigtrikotde.com\/hr\/wp-json\/wp\/v2\/types\/product"}],"replies":[{"embeddable":true,"href":"https:\/\/www.billigtrikotde.com\/hr\/wp-json\/wp\/v2\/comments?post=10849"}],"wp:featuredmedia":[{"embeddable":true,"href":"https:\/\/www.billigtrikotde.com\/hr\/wp-json\/wp\/v2\/media\/10891"}],"wp:attachment":[{"href":"https:\/\/www.billigtrikotde.com\/hr\/wp-json\/wp\/v2\/media?parent=10849"}],"wp:term":[{"taxonomy":"product_brand","embeddable":true,"href":"https:\/\/www.billigtrikotde.com\/hr\/wp-json\/wp\/v2\/product_brand?post=10849"},{"taxonomy":"product_cat","embeddable":true,"href":"https:\/\/www.billigtrikotde.com\/hr\/wp-json\/wp\/v2\/product_cat?post=10849"},{"taxonomy":"product_tag","embeddable":true,"href":"https:\/\/www.billigtrikotde.com\/hr\/wp-json\/wp\/v2\/product_tag?post=10849"}],"curies":[{"name":"wp","href":"https:\/\/api.w.org\/{rel}","templated":true}]}}