{"id":10719,"date":"2024-10-24T03:32:51","date_gmt":"2024-10-24T01:32:51","guid":{"rendered":"http:\/\/billigtrikots.com\/?post_type=product&#038;p=10719"},"modified":"2024-10-24T03:35:03","modified_gmt":"2024-10-24T01:35:03","slug":"kinder-fussball-trikot-frankreich-wm-2022-auswaertstrikot-weiss-online-bestellen","status":"publish","type":"product","link":"https:\/\/www.billigtrikotde.com\/hr\/kinder-fussball-trikot-frankreich-wm-2022-auswaertstrikot-weiss-online-bestellen\/","title":{"rendered":"Dje\u010dja nogometna majica Francuska SP 2022 gostuju\u0107a majica bijela naru\u010divanje online"},"content":{"rendered":"<p>Triko nogometnog Svjetskog prvenstva 2022 u Francuskoj ima poseban grafi\u010dki otisak koji prikazuje stvari po kojima je Francuska poznata \u2013 Arc de Triomphe, prizore Francuske revolucije iz 1789. godine i vjetrenja\u010de. Dizajn izgleda jedinstveno, ali nije Nikeova izmi\u0161ljotina.<br \/>\nFrancuski \u201eToile de Jouy\u201c na engleskom jednostavno zna\u010di \u201etkanina od Jouyja\u201c i opisuje vrstu tiska na tkanini. \u201eToile de Jouy\u201c, ponekad i jednostavno \u201eToile\u201c, vrsta je ukrasnog uzorka koji se sastoji od bijelog ili gotovo bijelog pozadina na kojem se ponavlja uzorak prikazuju\u0107i prili\u010dno slo\u017eenu prizor, obi\u010dno pastirske teme, poput para na pikniku uz jezero ili cvjetni aran\u017eman.<\/p>\n<p>Savjeti za ispis: Ako ime i broj na slici to\u010dno odgovaraju va\u0161im \u017eeljama, ne morate ih ponovno unositi. Ako ne, unesite \u017eeljeno ime i broj.<\/p>\n<p>Savjeti za pranje: Preporu\u010duje se ru\u010dno pranje nogometnih dresova. Ako \u017eelite koristiti perilicu, sjetite se okrenuti dresove naopako prije pranja. Napunite perilicu hladnom vodom i koristite program za osjetljive tkanine kako biste bolje za\u0161titili boje.<\/p>","protected":false},"excerpt":{"rendered":"<p>Das Trikot der Fu\u00dfball-WM 2022 in Frankreich hat einen besonderen grafischen Aufdruck, der Dinge zeigt, f\u00fcr die Frankreich ber\u00fchmt ist \u2013 den Arc de Triomphe, Szenen der Franz\u00f6sischen Revolution von 1789 und Windm\u00fchlen. Das Design sieht einzigartig aus, ist aber keine Erfindung von Nike. Das franz\u00f6sische \u201eToile de Jouy\u201c bedeutet auf Englisch einfach \u201eStoff aus [&hellip;]<\/p>","protected":false},"featured_media":10758,"comment_status":"open","ping_status":"closed","template":"","meta":[],"product_brand":[],"product_cat":[117],"product_tag":[20,398,118,419,413,414,119,389,21,22,23,24],"class_list":{"0":"post-10719","1":"product","2":"type-product","3":"status-publish","4":"has-post-thumbnail","6":"product_cat-frankreich-trikots","7":"product_tag-coole-fussballtrikots","8":"product_tag-frankreich-2022-weltmeisterschaft-trikot","9":"product_tag-frankreich-auswaertstrikot","10":"product_tag-frankreich-fussball-trikot-kinder","11":"product_tag-frankreich-neue-trikots","12":"product_tag-frankreich-trikot-set","13":"product_tag-frankreich-trikots","14":"product_tag-fussball-wm-2022-trikot","15":"product_tag-fussballtrikot-fuer-herren","16":"product_tag-fussballtrikot-guenstig-kaufen","17":"product_tag-fussballtrikot-kurzarm","18":"product_tag-guenstiges-fussballtrikot","20":"first","21":"instock","22":"shipping-taxable","23":"purchasable","24":"product-type-variable"},"_links":{"self":[{"href":"https:\/\/www.billigtrikotde.com\/hr\/wp-json\/wp\/v2\/product\/10719","targetHints":{"allow":["GET"]}}],"collection":[{"href":"https:\/\/www.billigtrikotde.com\/hr\/wp-json\/wp\/v2\/product"}],"about":[{"href":"https:\/\/www.billigtrikotde.com\/hr\/wp-json\/wp\/v2\/types\/product"}],"replies":[{"embeddable":true,"href":"https:\/\/www.billigtrikotde.com\/hr\/wp-json\/wp\/v2\/comments?post=10719"}],"wp:featuredmedia":[{"embeddable":true,"href":"https:\/\/www.billigtrikotde.com\/hr\/wp-json\/wp\/v2\/media\/10758"}],"wp:attachment":[{"href":"https:\/\/www.billigtrikotde.com\/hr\/wp-json\/wp\/v2\/media?parent=10719"}],"wp:term":[{"taxonomy":"product_brand","embeddable":true,"href":"https:\/\/www.billigtrikotde.com\/hr\/wp-json\/wp\/v2\/product_brand?post=10719"},{"taxonomy":"product_cat","embeddable":true,"href":"https:\/\/www.billigtrikotde.com\/hr\/wp-json\/wp\/v2\/product_cat?post=10719"},{"taxonomy":"product_tag","embeddable":true,"href":"https:\/\/www.billigtrikotde.com\/hr\/wp-json\/wp\/v2\/product_tag?post=10719"}],"curies":[{"name":"wp","href":"https:\/\/api.w.org\/{rel}","templated":true}]}}