{"id":10689,"date":"2024-10-24T03:31:33","date_gmt":"2024-10-24T01:31:33","guid":{"rendered":"http:\/\/billigtrikots.com\/?post_type=product&#038;p=10689"},"modified":"2024-10-24T03:33:52","modified_gmt":"2024-10-24T01:33:52","slug":"polen-wm-2022-heim-trikot-weiss-kurzarm-fussballtrikots-mit-aufdruck-lewandowski-9","status":"publish","type":"product","link":"https:\/\/www.billigtrikotde.com\/hr\/polen-wm-2022-heim-trikot-weiss-kurzarm-fussballtrikots-mit-aufdruck-lewandowski-9\/","title":{"rendered":"Poljska Svjetsko prvenstvo 2022 doma\u0107i dres bijele boje kratkih rukava nogometni dresovi s tiskom LEWANDOWSKI 9"},"content":{"rendered":"<p>Dres poljskog doma\u0107eg dresa 2022 Nike predstavlja jasan dizajn u bijeloj boji s crvenim logotipima i suptilnom grafikom na ramenima i rukavima. Worn pattern on shoulders and sleeves of Poland 2022 WM Heimtrikot inspiriran je gnjezdom i perima bijelog orla, nacionalnog simbola Poljske.<\/p>\n<p>Savjeti za ispis: Ako ime i broj na slici to\u010dno odgovaraju va\u0161im \u017eeljama, ne morate ih ponovno unositi. Ako ne, unesite \u017eeljeno ime i broj.<\/p>\n<p>Savjeti za pranje: Preporu\u010duje se ru\u010dno pranje nogometnih dresova. Ako \u017eelite koristiti perilicu, sjetite se okrenuti dresove naopako prije pranja. Napunite perilicu hladnom vodom i koristite program za osjetljive tkanine kako biste bolje za\u0161titili boje.<\/p>","protected":false},"excerpt":{"rendered":"<p>Nike Poljski 2022 doma\u0107i dres prikazuje \u010dist dizajn u bijeloj boji s crvenim logotipima i suptilnom grafikom na ramenima i rukavima. Uzorak na ramenima i rukavima doma\u0107eg dresa za Svjetsko prvenstvo 2022. inspiriran je gnijezdom i perjem bijelog orla, nacionalnog simbola Poljske. Savjeti za tiskanje: Ako ime i ...<\/p>","protected":false},"featured_media":10723,"comment_status":"open","ping_status":"closed","template":"","meta":[],"product_brand":[],"product_cat":[415],"product_tag":[20,21,22,23,24,416,417],"class_list":{"0":"post-10689","1":"product","2":"type-product","3":"status-publish","4":"has-post-thumbnail","6":"product_cat-polen-trikots","7":"product_tag-coole-fussballtrikots","8":"product_tag-fussballtrikot-fuer-herren","9":"product_tag-fussballtrikot-guenstig-kaufen","10":"product_tag-fussballtrikot-kurzarm","11":"product_tag-guenstiges-fussballtrikot","12":"product_tag-polen-2022-wm-heimtrikots","13":"product_tag-polen-wm-2022-trikot","15":"first","16":"instock","17":"shipping-taxable","18":"purchasable","19":"product-type-variable"},"_links":{"self":[{"href":"https:\/\/www.billigtrikotde.com\/hr\/wp-json\/wp\/v2\/product\/10689","targetHints":{"allow":["GET"]}}],"collection":[{"href":"https:\/\/www.billigtrikotde.com\/hr\/wp-json\/wp\/v2\/product"}],"about":[{"href":"https:\/\/www.billigtrikotde.com\/hr\/wp-json\/wp\/v2\/types\/product"}],"replies":[{"embeddable":true,"href":"https:\/\/www.billigtrikotde.com\/hr\/wp-json\/wp\/v2\/comments?post=10689"}],"wp:featuredmedia":[{"embeddable":true,"href":"https:\/\/www.billigtrikotde.com\/hr\/wp-json\/wp\/v2\/media\/10723"}],"wp:attachment":[{"href":"https:\/\/www.billigtrikotde.com\/hr\/wp-json\/wp\/v2\/media?parent=10689"}],"wp:term":[{"taxonomy":"product_brand","embeddable":true,"href":"https:\/\/www.billigtrikotde.com\/hr\/wp-json\/wp\/v2\/product_brand?post=10689"},{"taxonomy":"product_cat","embeddable":true,"href":"https:\/\/www.billigtrikotde.com\/hr\/wp-json\/wp\/v2\/product_cat?post=10689"},{"taxonomy":"product_tag","embeddable":true,"href":"https:\/\/www.billigtrikotde.com\/hr\/wp-json\/wp\/v2\/product_tag?post=10689"}],"curies":[{"name":"wp","href":"https:\/\/api.w.org\/{rel}","templated":true}]}}