{"id":10603,"date":"2024-10-24T03:26:55","date_gmt":"2024-10-24T01:26:55","guid":{"rendered":"http:\/\/billigtrikots.com\/?post_type=product&#038;p=10603"},"modified":"2024-10-24T03:29:37","modified_gmt":"2024-10-24T01:29:37","slug":"herren-frankreich-wm-2022-heimtrikot-marineblau-kurzarm-kurze-hosen-veretout-17","status":"publish","type":"product","link":"https:\/\/www.billigtrikotde.com\/hr\/herren-frankreich-wm-2022-heimtrikot-marineblau-kurzarm-kurze-hosen-veretout-17\/","title":{"rendered":"Mu\u0161ka Francuska SP 2022 doma\u0107a majica morsko plava kratkih rukava + kratke hla\u010de VERETOUT 17"},"content":{"rendered":"<p>Nike je dizajnirao prilago\u0111eni font za dresove Hrvatske 2022., koji se koristi na Svjetskom prvenstvu 2022. Font za dres na Svjetskom prvenstvu u nogometu 2022. u Hrvatskoj je relativno klasi\u010dan. Slova natpisa su vrlo standardna, dok su brojevi vitkog stila. Nike Hrvatska 2022. dres za Svjetsko prvenstvo prvi je nakon 10 godina, koji ima zlatne aplikacije. Glavni je tamnoplave boje s zlatnim logotipima i mogu\u0107im zlatnim detaljima.<\/p>\n<p>Savjeti za ispis: Ako ime i broj na slici to\u010dno odgovaraju va\u0161im \u017eeljama, ne morate ih ponovno unositi. Ako ne, unesite \u017eeljeno ime i broj.<\/p>\n<p>Savjeti za pranje: Preporu\u010duje se ru\u010dno pranje nogometnih dresova. Ako \u017eelite koristiti perilicu, sjetite se okrenuti dresove naopako prije pranja. Napunite perilicu hladnom vodom i koristite program za osjetljive tkanine kako biste bolje za\u0161titili boje.<\/p>","protected":false},"excerpt":{"rendered":"<p>Nike je dizajnirao prilago\u0111eni font za dresove Francuske 2022., koji se koriste na Svjetskom prvenstvu 2022. Font za dres Svjetskog prvenstva u nogometu 2022. u Francuskoj je relativno klasi\u010dan. Slova na natpisu su vrlo standardna, dok su brojevi vitkog stila. Nike dres Francuske za Svjetsko prvenstvo 2022. prvi je od 10 godina, [...]<\/p>","protected":false},"featured_media":10640,"comment_status":"open","ping_status":"closed","template":"","meta":[],"product_brand":[],"product_cat":[117],"product_tag":[20,398,121,413,414,119,389,21,22,23,24],"class_list":{"0":"post-10603","1":"product","2":"type-product","3":"status-publish","4":"has-post-thumbnail","6":"product_cat-frankreich-trikots","7":"product_tag-coole-fussballtrikots","8":"product_tag-frankreich-2022-weltmeisterschaft-trikot","9":"product_tag-frankreich-heimtrikot","10":"product_tag-frankreich-neue-trikots","11":"product_tag-frankreich-trikot-set","12":"product_tag-frankreich-trikots","13":"product_tag-fussball-wm-2022-trikot","14":"product_tag-fussballtrikot-fuer-herren","15":"product_tag-fussballtrikot-guenstig-kaufen","16":"product_tag-fussballtrikot-kurzarm","17":"product_tag-guenstiges-fussballtrikot","19":"first","20":"instock","21":"shipping-taxable","22":"purchasable","23":"product-type-variable"},"_links":{"self":[{"href":"https:\/\/www.billigtrikotde.com\/hr\/wp-json\/wp\/v2\/product\/10603","targetHints":{"allow":["GET"]}}],"collection":[{"href":"https:\/\/www.billigtrikotde.com\/hr\/wp-json\/wp\/v2\/product"}],"about":[{"href":"https:\/\/www.billigtrikotde.com\/hr\/wp-json\/wp\/v2\/types\/product"}],"replies":[{"embeddable":true,"href":"https:\/\/www.billigtrikotde.com\/hr\/wp-json\/wp\/v2\/comments?post=10603"}],"wp:featuredmedia":[{"embeddable":true,"href":"https:\/\/www.billigtrikotde.com\/hr\/wp-json\/wp\/v2\/media\/10640"}],"wp:attachment":[{"href":"https:\/\/www.billigtrikotde.com\/hr\/wp-json\/wp\/v2\/media?parent=10603"}],"wp:term":[{"taxonomy":"product_brand","embeddable":true,"href":"https:\/\/www.billigtrikotde.com\/hr\/wp-json\/wp\/v2\/product_brand?post=10603"},{"taxonomy":"product_cat","embeddable":true,"href":"https:\/\/www.billigtrikotde.com\/hr\/wp-json\/wp\/v2\/product_cat?post=10603"},{"taxonomy":"product_tag","embeddable":true,"href":"https:\/\/www.billigtrikotde.com\/hr\/wp-json\/wp\/v2\/product_tag?post=10603"}],"curies":[{"name":"wp","href":"https:\/\/api.w.org\/{rel}","templated":true}]}}