{"id":10439,"date":"2024-10-24T03:18:32","date_gmt":"2024-10-24T01:18:32","guid":{"rendered":"http:\/\/billigtrikots.com\/?post_type=product&#038;p=10439"},"modified":"2024-10-24T03:20:50","modified_gmt":"2024-10-24T01:20:50","slug":"herren-spanien-fussball-wm-2022-23-auswaertstrikot-hellblaue-kurzarm-pedro-10","status":"publish","type":"product","link":"https:\/\/www.billigtrikotde.com\/hr\/herren-spanien-fussball-wm-2022-23-auswaertstrikot-hellblaue-kurzarm-pedro-10\/","title":{"rendered":"Mu\u0161ki \u0160panjolska nogomet Svjetsko prvenstvo 2022-23 gostuju\u0107i dres svijetloplave boje kratkih rukava PEDRO 10"},"content":{"rendered":"<p>SpremanH za osvajanje trona nogometa. Meko valovita grafika na ovom adidas dresu za djecu i tinejd\u017eere podsje\u0107a na Art-d\u00e9co logotip koji je pozdravio kvalificirane timove 1982. u \u0160panjolskoj. Dizajn upotpunjuje tiskanog logotipa savezni\u010dke udruge i adidas logo s 3 pruge u sredini na prsima. A kako biste u navijanju imali udobnost, verzija za navija\u010de s tehnologijom AEROREADY koja upija vlagu pru\u017ea suh osje\u0107aj pri no\u0161enju.<\/p>\n<p>Savjeti za ispis: Ako ime i broj na slici to\u010dno odgovaraju va\u0161im \u017eeljama, ne morate ih ponovno unositi. Ako ne, unesite \u017eeljeno ime i broj.<\/p>\n<p>Savjeti za pranje: Preporu\u010duje se ru\u010dno pranje nogometnih dresova. Ako \u017eelite koristiti perilicu, sjetite se okrenuti dresove naopako prije pranja. Napunite perilicu hladnom vodom i koristite program za osjetljive tkanine kako biste bolje za\u0161titili boje.<\/p>","protected":false},"excerpt":{"rendered":"<p>Spremni plasirati se na nogometni tron. Nje\u017eno valovita grafika na ovom adidas dresu za djecu i tinejd\u017eere je aluzija na Art-d\u00e9co logotip koji je 1982. godine u Hrvatskoj pozdravio kvalificirane timove. Dodatno dizajn \u010dini u\u0161iveni hrvatski savezni\u010dki logotip u novom izgledu i adidas 3-itis logo sredinom prsa. I time [\u2026]<\/p>","protected":false},"featured_media":10480,"comment_status":"open","ping_status":"closed","template":"","meta":[],"product_brand":[],"product_cat":[131],"product_tag":[20,407,21,22,23,24,359],"class_list":{"0":"post-10439","1":"product","2":"type-product","3":"status-publish","4":"has-post-thumbnail","6":"product_cat-spanien-trikots","7":"product_tag-coole-fussballtrikots","8":"product_tag-fifa-wm-katar-2022-trikot","9":"product_tag-fussballtrikot-fuer-herren","10":"product_tag-fussballtrikot-guenstig-kaufen","11":"product_tag-fussballtrikot-kurzarm","12":"product_tag-guenstiges-fussballtrikot","13":"product_tag-spanien-wm-2022-auswaertstrikot","15":"first","16":"instock","17":"shipping-taxable","18":"purchasable","19":"product-type-variable"},"_links":{"self":[{"href":"https:\/\/www.billigtrikotde.com\/hr\/wp-json\/wp\/v2\/product\/10439","targetHints":{"allow":["GET"]}}],"collection":[{"href":"https:\/\/www.billigtrikotde.com\/hr\/wp-json\/wp\/v2\/product"}],"about":[{"href":"https:\/\/www.billigtrikotde.com\/hr\/wp-json\/wp\/v2\/types\/product"}],"replies":[{"embeddable":true,"href":"https:\/\/www.billigtrikotde.com\/hr\/wp-json\/wp\/v2\/comments?post=10439"}],"wp:featuredmedia":[{"embeddable":true,"href":"https:\/\/www.billigtrikotde.com\/hr\/wp-json\/wp\/v2\/media\/10480"}],"wp:attachment":[{"href":"https:\/\/www.billigtrikotde.com\/hr\/wp-json\/wp\/v2\/media?parent=10439"}],"wp:term":[{"taxonomy":"product_brand","embeddable":true,"href":"https:\/\/www.billigtrikotde.com\/hr\/wp-json\/wp\/v2\/product_brand?post=10439"},{"taxonomy":"product_cat","embeddable":true,"href":"https:\/\/www.billigtrikotde.com\/hr\/wp-json\/wp\/v2\/product_cat?post=10439"},{"taxonomy":"product_tag","embeddable":true,"href":"https:\/\/www.billigtrikotde.com\/hr\/wp-json\/wp\/v2\/product_tag?post=10439"}],"curies":[{"name":"wp","href":"https:\/\/api.w.org\/{rel}","templated":true}]}}