{"id":10344,"date":"2024-10-24T03:13:49","date_gmt":"2024-10-24T01:13:49","guid":{"rendered":"http:\/\/billigtrikots.com\/?post_type=product&#038;p=10344"},"modified":"2024-10-24T03:15:58","modified_gmt":"2024-10-24T01:15:58","slug":"kaufe-herren-portugal-wm-2022-auswaertstrikot-kurzarm-trikotsatz-bernardo-10","status":"publish","type":"product","link":"https:\/\/www.billigtrikotde.com\/hr\/kaufe-herren-portugal-wm-2022-auswaertstrikot-kurzarm-trikotsatz-bernardo-10\/","title":{"rendered":"Kupi mu\u0161karci Portugal Svjetsko prvenstvo 2022 gostuju\u0107i dres kratkih rukava set dresova BERNARDO 10"},"content":{"rendered":"<p>Svje\u017ei i klasi\u010dni izgled za Portugal: Nike Portugal 2022 gostuju\u0107i dres kombinira kremasto bijelu osnovnu uzorak s mornarsko plavim Swooshom. Slu\u017ebene boje su \u201eSail\/Obsidian\u201c, dok je \u201ePepper Red\u201c tre\u0107a boja. Dizajn novog Nike Portugal 2022 Svjetsko prvenstvo gostuju\u0107eg dresa sastoji se od zeleno-crnog bloka na prsima. Dres Nike 22-23 temelji se na istoj verziji kao i doma\u0107i dresovi Atletico i Liverpool. Stra\u017enja rub kragne i man\u017eete rukava Portugal 2022 gostuju\u0107eg dresa odgovaraju tamnoplavoj boji Swoosha. Zeleni-crveni pojas prote\u017ee se i na stra\u017enjoj strani novog Portugal gostuju\u0107eg dresa, koji ina\u010de ima tamnoplavo polje na gornjem rubu, ispod kojeg je postavljen prilago\u0111eni zlatni simbol.<\/p>\n<p>Savjeti za ispis: Ako ime i broj na slici to\u010dno odgovaraju va\u0161im \u017eeljama, ne morate ih ponovno unositi. Ako ne, unesite \u017eeljeno ime i broj.<\/p>\n<p>Savjeti za pranje: Preporu\u010duje se ru\u010dno pranje nogometnih dresova. Ako \u017eelite koristiti perilicu, sjetite se okrenuti dresove naopako prije pranja. Napunite perilicu hladnom vodom i koristite program za osjetljive tkanine kako biste bolje za\u0161titili boje.<\/p>","protected":false},"excerpt":{"rendered":"<p>Svje\u017ei i klasi\u010dni izgled za Portugal: Nike Portugal 2022 gostuju\u0107a majica kombinira kremasto bijelu osnovnu uzorak s mornarsko plavim Swooshom. Slu\u017ebeno su boje \u201eSail\/Obsidian\u201c, dok je \u201ePepper Red\u201c tre\u0107a boja. Dizajn nove Nike Portugal 2022 Svjetsko prvenstvo gostuju\u0107e majice sastoji se od zeleno-crnog bloka na prsima. Nike 22-23 majica temelji se na [\u2026]<\/p>","protected":false},"featured_media":10384,"comment_status":"open","ping_status":"closed","template":"","meta":[],"product_brand":[],"product_cat":[239],"product_tag":[20,222,21,23,24,347,374],"class_list":{"0":"post-10344","1":"product","2":"type-product","3":"status-publish","4":"has-post-thumbnail","6":"product_cat-portugal-trikots","7":"product_tag-coole-fussballtrikots","8":"product_tag-fussball-wm-2022-trikots","9":"product_tag-fussballtrikot-fuer-herren","10":"product_tag-fussballtrikot-kurzarm","11":"product_tag-guenstiges-fussballtrikot","12":"product_tag-portugal-trikots","13":"product_tag-portugal-wm-2022-auswaertstrikot","15":"first","16":"instock","17":"shipping-taxable","18":"purchasable","19":"product-type-variable"},"_links":{"self":[{"href":"https:\/\/www.billigtrikotde.com\/hr\/wp-json\/wp\/v2\/product\/10344","targetHints":{"allow":["GET"]}}],"collection":[{"href":"https:\/\/www.billigtrikotde.com\/hr\/wp-json\/wp\/v2\/product"}],"about":[{"href":"https:\/\/www.billigtrikotde.com\/hr\/wp-json\/wp\/v2\/types\/product"}],"replies":[{"embeddable":true,"href":"https:\/\/www.billigtrikotde.com\/hr\/wp-json\/wp\/v2\/comments?post=10344"}],"wp:featuredmedia":[{"embeddable":true,"href":"https:\/\/www.billigtrikotde.com\/hr\/wp-json\/wp\/v2\/media\/10384"}],"wp:attachment":[{"href":"https:\/\/www.billigtrikotde.com\/hr\/wp-json\/wp\/v2\/media?parent=10344"}],"wp:term":[{"taxonomy":"product_brand","embeddable":true,"href":"https:\/\/www.billigtrikotde.com\/hr\/wp-json\/wp\/v2\/product_brand?post=10344"},{"taxonomy":"product_cat","embeddable":true,"href":"https:\/\/www.billigtrikotde.com\/hr\/wp-json\/wp\/v2\/product_cat?post=10344"},{"taxonomy":"product_tag","embeddable":true,"href":"https:\/\/www.billigtrikotde.com\/hr\/wp-json\/wp\/v2\/product_tag?post=10344"}],"curies":[{"name":"wp","href":"https:\/\/api.w.org\/{rel}","templated":true}]}}