{"id":1034,"date":"2024-10-23T13:13:42","date_gmt":"2024-10-23T11:13:42","guid":{"rendered":"http:\/\/billigtrikots.com\/?post_type=product&#038;p=1034"},"modified":"2025-10-16T16:05:00","modified_gmt":"2025-10-16T14:05:00","slug":"real-madrid-heimtrikot-2022-weiss-langarm-trikotsatz-mit-aufdruck-mariano-24","status":"publish","type":"product","link":"https:\/\/www.billigtrikotde.com\/hr\/real-madrid-heimtrikot-2022-weiss-langarm-trikotsatz-mit-aufdruck-mariano-24\/","title":{"rendered":"Real Madrid doma\u0107i dres 2022 bijeli dres s dugim rukavima s natpisom Mariano 24"},"content":{"rendered":"<p>U novoj ku\u0107noj dresu za mu\u0161karce \u201eKraljevske\u201c podr\u017eava\u0161 svoju omiljenu mom\u010dad u potpunosti. Predstavlja se u blistavo bijeloj boji i ukra\u0161ena je detaljima marke a-didas, kao i natpisom sponzora, te na prsima nosi ponosni grb kluba u autenti\u010dnim bojama mom\u010dadi.<\/p>\n<p>Izra\u0111en od visokou\u010dinkovitog materijala AEROREADY, slu\u017ebeni dres ti nudi i izvrsno upravljanje toplinom i vlagom. Osje\u0107a se mekano i lagano na ko\u017ei te se posebno brzo su\u0161i, pru\u017eaju\u0107i ti uvijek optimalnu udobnost no\u0161enja. Prozra\u010dne zone dodatno osiguravaju optimalnu ventilaciju. Replika-fit je tako\u0111er ne\u0161to \u0161iri od originalnog igra\u010dkog dresa, gotovo kao streetwear verzija, i pru\u017ea ti najve\u0107u slobodu kretanja tijekom navijanja, kao i u vlastitom treningu. Reciklirani poliester 100% nije samo dugotrajan i otporan, ve\u0107 i maksimalno odr\u017eiv!<\/p>\n<p>Ne \u010dekaj i odmah se uhvati! Osiguraj si popularni a-didas Real Madrid mu\u0161ki doma\u0107i dres 2021\/22 u blistavo bijeloj boji ve\u0107 danas! S njim ne\u0107e\u0161 imati dvojbe u svojoj pripadnosti i podr\u017eat \u0107e\u0161 svoj tim svim srcem!<\/p>\n<p>Savjeti za ispis: Ako ime i broj na slici to\u010dno odgovaraju va\u0161im \u017eeljama, ne morate ih ponovno unositi. Ako ne, unesite \u017eeljeno ime i broj.<\/p>\n<p>Savjeti za pranje: Preporu\u010duje se ru\u010dno pranje nogometnih dresova. Ako \u017eelite koristiti perilicu, sjetite se okrenuti dresove naopako prije pranja. Napunite perilicu hladnom vodom i koristite program za osjetljive tkanine kako biste bolje za\u0161titili boje.<\/p>","protected":false},"excerpt":{"rendered":"<p>U novom mu\u0161kom doma\u0107em dresu \u201eKraljevske\u201c podr\u017eava\u0161 svoju omiljenu mom\u010dad u potpunosti. Predstavlja se u blistavo bijeloj boji i ukra\u0161en je detaljima marke a-didas, kao i natpisom sponzora, te na prsima nosi ponosni grb kluba u autenti\u010dnim bojama mom\u010dadi. Izra\u0111en od visokou\u010dinkovitog materijala AEROREADY, slu\u017ebeni dres nudi ti i izvrsnu funkcionalnost [\u2026]<\/p>","protected":false},"featured_media":1068,"comment_status":"open","ping_status":"closed","template":"","meta":[],"product_brand":[],"product_cat":[45],"product_tag":[20,38,21,24,47],"class_list":{"0":"post-1034","1":"product","2":"type-product","3":"status-publish","4":"has-post-thumbnail","6":"product_cat-real-madrid","7":"product_tag-coole-fussballtrikots","8":"product_tag-fussball-trikot-langarm","9":"product_tag-fussballtrikot-fuer-herren","10":"product_tag-guenstiges-fussballtrikot","11":"product_tag-real-madrid-trikots","13":"first","14":"instock","15":"shipping-taxable","16":"purchasable","17":"product-type-variable"},"_links":{"self":[{"href":"https:\/\/www.billigtrikotde.com\/hr\/wp-json\/wp\/v2\/product\/1034","targetHints":{"allow":["GET"]}}],"collection":[{"href":"https:\/\/www.billigtrikotde.com\/hr\/wp-json\/wp\/v2\/product"}],"about":[{"href":"https:\/\/www.billigtrikotde.com\/hr\/wp-json\/wp\/v2\/types\/product"}],"replies":[{"embeddable":true,"href":"https:\/\/www.billigtrikotde.com\/hr\/wp-json\/wp\/v2\/comments?post=1034"}],"wp:featuredmedia":[{"embeddable":true,"href":"https:\/\/www.billigtrikotde.com\/hr\/wp-json\/wp\/v2\/media\/1068"}],"wp:attachment":[{"href":"https:\/\/www.billigtrikotde.com\/hr\/wp-json\/wp\/v2\/media?parent=1034"}],"wp:term":[{"taxonomy":"product_brand","embeddable":true,"href":"https:\/\/www.billigtrikotde.com\/hr\/wp-json\/wp\/v2\/product_brand?post=1034"},{"taxonomy":"product_cat","embeddable":true,"href":"https:\/\/www.billigtrikotde.com\/hr\/wp-json\/wp\/v2\/product_cat?post=1034"},{"taxonomy":"product_tag","embeddable":true,"href":"https:\/\/www.billigtrikotde.com\/hr\/wp-json\/wp\/v2\/product_tag?post=1034"}],"curies":[{"name":"wp","href":"https:\/\/api.w.org\/{rel}","templated":true}]}}