{"id":10092,"date":"2024-10-24T03:00:39","date_gmt":"2024-10-24T01:00:39","guid":{"rendered":"http:\/\/billigtrikots.com\/?post_type=product&#038;p=10092"},"modified":"2024-10-24T03:03:24","modified_gmt":"2024-10-24T01:03:24","slug":"maradona-10-kinder-argentinien-wm-2022-auswaertstrikot-lila-kurzarm-kurze-hosen","status":"publish","type":"product","link":"https:\/\/www.billigtrikotde.com\/hr\/maradona-10-kinder-argentinien-wm-2022-auswaertstrikot-lila-kurzarm-kurze-hosen\/","title":{"rendered":"MARADONA #10 Djeca Argentina Svjetsko prvenstvo 2022 gostuju\u0107i dres Ljubi\u010dasti kratkih rukava + kratke hla\u010de"},"content":{"rendered":"<p>Gostuju\u0107i dres Argentine za Svjetsko prvenstvo 2022. kombinira dvije razli\u010dite nijanse ljubi\u010daste sa srebrnim detaljima, poput Adidasovog logotipa i logotipa saveza. Slu\u017ebeno, boje su \u201eLegacy Indigo\/Purple Rush\u201c. Sol de Argentina u svijetlo srebrnoj boji nalazi se na stra\u017enjoj strani ispod ovratnika, sli\u010dno kao i na dresu. Tri pruge na ramenima novog gostuju\u0107eg dresa Argentine za Svjetsko prvenstvo 2022. su u decentnoj svijetloj ljubi\u010dastoj boji. Kako bi upotpunio izgled, gostuju\u0107i dres Argentine za Svjetsko prvenstvo 2022. ima slabu grafiku na prednjoj strani \u2013 i ova je grafika inspirirana Sol de Mayo.<\/p>\n<p>Savjeti za ispis: Ako ime i broj na slici to\u010dno odgovaraju va\u0161im \u017eeljama, ne morate ih ponovno unositi. Ako ne, unesite \u017eeljeno ime i broj.<\/p>\n<p>Savjeti za pranje: Preporu\u010duje se ru\u010dno pranje nogometnih dresova. Ako \u017eelite koristiti perilicu, sjetite se okrenuti dresove naopako prije pranja. Napunite perilicu hladnom vodom i koristite program za osjetljive tkanine kako biste bolje za\u0161titili boje.<\/p>","protected":false},"excerpt":{"rendered":"<p>Argentina Svjetsko prvenstvo 2022 gostuju\u0107i dres kombinira dvije razli\u010dite ljubi\u010daste nijanse s srebrnim detaljima, poput Adidas i logotipa saveza. Slu\u017ebeno se nazivaju bojama \u201eLegacy Indigo\/Purple Rush\u201c. Sol de Argentina u svijetlom srebrnom nalazi se na stra\u017enjoj strani ispod ovratnika, sli\u010dno kao na dresu. 3 pruge na ramenima novog Argentina Svjetsko prvenstvo 2022 gostuju\u0107eg dresa su [\u2026]<\/p>","protected":false},"featured_media":10130,"comment_status":"open","ping_status":"closed","template":"","meta":[],"product_brand":[],"product_cat":[325],"product_tag":[356,357,20,21,22,23,24,373],"class_list":{"0":"post-10092","1":"product","2":"type-product","3":"status-publish","4":"has-post-thumbnail","6":"product_cat-argentinien-trikots","7":"product_tag-argentinien-trikots","8":"product_tag-argentinien-wm-2022-auswaertstrikot","9":"product_tag-coole-fussballtrikots","10":"product_tag-fussballtrikot-fuer-herren","11":"product_tag-fussballtrikot-guenstig-kaufen","12":"product_tag-fussballtrikot-kurzarm","13":"product_tag-guenstiges-fussballtrikot","14":"product_tag-kinder-argentinien-auswaertstrikot","16":"first","17":"instock","18":"shipping-taxable","19":"purchasable","20":"product-type-variable"},"_links":{"self":[{"href":"https:\/\/www.billigtrikotde.com\/hr\/wp-json\/wp\/v2\/product\/10092","targetHints":{"allow":["GET"]}}],"collection":[{"href":"https:\/\/www.billigtrikotde.com\/hr\/wp-json\/wp\/v2\/product"}],"about":[{"href":"https:\/\/www.billigtrikotde.com\/hr\/wp-json\/wp\/v2\/types\/product"}],"replies":[{"embeddable":true,"href":"https:\/\/www.billigtrikotde.com\/hr\/wp-json\/wp\/v2\/comments?post=10092"}],"wp:featuredmedia":[{"embeddable":true,"href":"https:\/\/www.billigtrikotde.com\/hr\/wp-json\/wp\/v2\/media\/10130"}],"wp:attachment":[{"href":"https:\/\/www.billigtrikotde.com\/hr\/wp-json\/wp\/v2\/media?parent=10092"}],"wp:term":[{"taxonomy":"product_brand","embeddable":true,"href":"https:\/\/www.billigtrikotde.com\/hr\/wp-json\/wp\/v2\/product_brand?post=10092"},{"taxonomy":"product_cat","embeddable":true,"href":"https:\/\/www.billigtrikotde.com\/hr\/wp-json\/wp\/v2\/product_cat?post=10092"},{"taxonomy":"product_tag","embeddable":true,"href":"https:\/\/www.billigtrikotde.com\/hr\/wp-json\/wp\/v2\/product_tag?post=10092"}],"curies":[{"name":"wp","href":"https:\/\/api.w.org\/{rel}","templated":true}]}}