{"id":10018,"date":"2024-10-24T02:56:56","date_gmt":"2024-10-24T00:56:56","guid":{"rendered":"http:\/\/billigtrikots.com\/?post_type=product&#038;p=10018"},"modified":"2024-10-24T02:59:14","modified_gmt":"2024-10-24T00:59:14","slug":"herren-brasilien-fifa-wm-katar-2022-heimtrikot-gelb-kurzarm-personalisierbar","status":"publish","type":"product","link":"https:\/\/www.billigtrikotde.com\/hr\/herren-brasilien-fifa-wm-katar-2022-heimtrikot-gelb-kurzarm-personalisierbar\/","title":{"rendered":"Mu\u0161ki Brazil FIFA SP Katar 2022 doma\u0107i dres \u017euta boja kratki rukav Personaliziran"},"content":{"rendered":"<p>Boje Nike Brazil 2022 Svjetsko prvenstvo doma\u0107eg dresa podsje\u0107aju na dres prvaka Svjetskog prvenstva iz 2002. godine \u2013 mo\u017ee se smatrati odavanjem po\u010dasti 20-godi\u0161njoj obljetnici njegove objave. Nike Brazil 2022 dres temelji se na Nike 2022 Svjetsko prvenstvo \/ 22-23 predlo\u0161ku, kojeg smo ve\u0107 vidjeli na nekim primjerima vrhunskih klubova marke. Koristi isti predlo\u017eak kao i Chelsea 22-23 dres.<\/p>\n<p>Savjeti za ispis: Ako ime i broj na slici to\u010dno odgovaraju va\u0161im \u017eeljama, ne morate ih ponovno unositi. Ako ne, unesite \u017eeljeno ime i broj.<\/p>\n<p>Savjeti za pranje: Preporu\u010duje se ru\u010dno pranje nogometnih dresova. Ako \u017eelite koristiti perilicu, sjetite se okrenuti dresove naopako prije pranja. Napunite perilicu hladnom vodom i koristite program za osjetljive tkanine kako biste bolje za\u0161titili boje.<\/p>","protected":false},"excerpt":{"rendered":"<p>Boje Nike Brazil 2022 doma\u0107eg dresa za Svjetsko prvenstvo podsje\u0107aju na dres prvaka Svjetskog prvenstva iz 2002. \u2013 mo\u017ee se smatrati odavanjem po\u010dasti 20. obljetnici njegove objave. Nike Brazil 2022 dres temelji se na Nike 2022 World Cup \/ 22-23 predlo\u0161ku, od kojeg ve\u0107 imamo neke primjere kod vrhunskih klubova [...]<\/p>","protected":false},"featured_media":10058,"comment_status":"open","ping_status":"closed","template":"","meta":[],"product_brand":[],"product_cat":[112],"product_tag":[20,113,114,405,407,222,21,22,23,24],"class_list":{"0":"post-10018","1":"product","2":"type-product","3":"status-publish","4":"has-post-thumbnail","6":"product_cat-brasilien-trikots","7":"product_tag-coole-fussballtrikots","8":"product_tag-brasilien-heimtrikot","9":"product_tag-brasilien-trikots","10":"product_tag-fifa-wm-katar-2022","11":"product_tag-fifa-wm-katar-2022-trikot","12":"product_tag-fussball-wm-2022-trikots","13":"product_tag-fussballtrikot-fuer-herren","14":"product_tag-fussballtrikot-guenstig-kaufen","15":"product_tag-fussballtrikot-kurzarm","16":"product_tag-guenstiges-fussballtrikot","18":"first","19":"instock","20":"shipping-taxable","21":"purchasable","22":"product-type-variable"},"_links":{"self":[{"href":"https:\/\/www.billigtrikotde.com\/hr\/wp-json\/wp\/v2\/product\/10018","targetHints":{"allow":["GET"]}}],"collection":[{"href":"https:\/\/www.billigtrikotde.com\/hr\/wp-json\/wp\/v2\/product"}],"about":[{"href":"https:\/\/www.billigtrikotde.com\/hr\/wp-json\/wp\/v2\/types\/product"}],"replies":[{"embeddable":true,"href":"https:\/\/www.billigtrikotde.com\/hr\/wp-json\/wp\/v2\/comments?post=10018"}],"wp:featuredmedia":[{"embeddable":true,"href":"https:\/\/www.billigtrikotde.com\/hr\/wp-json\/wp\/v2\/media\/10058"}],"wp:attachment":[{"href":"https:\/\/www.billigtrikotde.com\/hr\/wp-json\/wp\/v2\/media?parent=10018"}],"wp:term":[{"taxonomy":"product_brand","embeddable":true,"href":"https:\/\/www.billigtrikotde.com\/hr\/wp-json\/wp\/v2\/product_brand?post=10018"},{"taxonomy":"product_cat","embeddable":true,"href":"https:\/\/www.billigtrikotde.com\/hr\/wp-json\/wp\/v2\/product_cat?post=10018"},{"taxonomy":"product_tag","embeddable":true,"href":"https:\/\/www.billigtrikotde.com\/hr\/wp-json\/wp\/v2\/product_tag?post=10018"}],"curies":[{"name":"wp","href":"https:\/\/api.w.org\/{rel}","templated":true}]}}