{"id":9838,"date":"2024-10-24T02:47:33","date_gmt":"2024-10-24T00:47:33","guid":{"rendered":"http:\/\/billigtrikots.com\/?post_type=product&#038;p=9838"},"modified":"2024-10-24T02:49:49","modified_gmt":"2024-10-24T00:49:49","slug":"neuen-frankreich-fifa-wm-katar-2022-marineblau-heimtrikot-kurzarm-lloris-1","status":"publish","type":"product","link":"https:\/\/www.billigtrikotde.com\/fr\/neuen-frankreich-fifa-wm-katar-2022-marineblau-heimtrikot-kurzarm-lloris-1\/","title":{"rendered":"Nouvelle France Coupe du Monde FIFA Qatar 2022 bleu marine Maillot domicile manches courtes LLORIS 1"},"content":{"rendered":"<p>Le maillot de la Coupe du Monde Nike France 2022 est le premier depuis 10 ans \u00e0 pr\u00e9senter des applications dor\u00e9es. Il est principalement bleu marine avec des logos dor\u00e9s et \u00e9ventuellement quelques d\u00e9tails dor\u00e9s.<\/p>\n<p>Conseils pour l'impression : Si le nom et le num\u00e9ro figurant sur l'image correspondent exactement \u00e0 ce que vous souhaitez, vous ne devez pas les saisir \u00e0 nouveau. Si ce n'est pas le cas, vous devez saisir le nom et le num\u00e9ro que vous souhaitez.<\/p>\n<p>Conseils pour le lavage : Il est recommand\u00e9 de laver les maillots de football \u00e0 la main. Si vous souhaitez utiliser la machine \u00e0 laver, pensez \u00e0 retourner les maillots de football avant de les laver. Remplissez la machine avec de l'eau froide et utilisez un cycle de lavage d\u00e9licat pour mieux prot\u00e9ger les couleurs.<\/p>","protected":false},"excerpt":{"rendered":"<p>Das Nike Frankreich 2022 WM-Trikot ist das erste seit 10 Jahren, das goldene Applikationen aufweist. Es ist haupts\u00e4chlich marineblau mit goldenen Logos und m\u00f6glicherweise einigen goldenen Details. Tipps zum Drucken: Wenn der Name und die Nummer auf dem Bild genau Ihren W\u00fcnschen entsprechen, m\u00fcssen Sie sie nicht erneut eingeben. Wenn nicht, sollten Sie Ihren gew\u00fcnschten [&hellip;]<\/p>","protected":false},"featured_media":9878,"comment_status":"open","ping_status":"closed","template":"","meta":[],"product_brand":[],"product_cat":[117],"product_tag":[20,398,121,119,389,21,22,23,24],"class_list":{"0":"post-9838","1":"product","2":"type-product","3":"status-publish","4":"has-post-thumbnail","6":"product_cat-frankreich-trikots","7":"product_tag-coole-fussballtrikots","8":"product_tag-frankreich-2022-weltmeisterschaft-trikot","9":"product_tag-frankreich-heimtrikot","10":"product_tag-frankreich-trikots","11":"product_tag-fussball-wm-2022-trikot","12":"product_tag-fussballtrikot-fuer-herren","13":"product_tag-fussballtrikot-guenstig-kaufen","14":"product_tag-fussballtrikot-kurzarm","15":"product_tag-guenstiges-fussballtrikot","17":"first","18":"instock","19":"shipping-taxable","20":"purchasable","21":"product-type-variable"},"_links":{"self":[{"href":"https:\/\/www.billigtrikotde.com\/fr\/wp-json\/wp\/v2\/product\/9838","targetHints":{"allow":["GET"]}}],"collection":[{"href":"https:\/\/www.billigtrikotde.com\/fr\/wp-json\/wp\/v2\/product"}],"about":[{"href":"https:\/\/www.billigtrikotde.com\/fr\/wp-json\/wp\/v2\/types\/product"}],"replies":[{"embeddable":true,"href":"https:\/\/www.billigtrikotde.com\/fr\/wp-json\/wp\/v2\/comments?post=9838"}],"wp:featuredmedia":[{"embeddable":true,"href":"https:\/\/www.billigtrikotde.com\/fr\/wp-json\/wp\/v2\/media\/9878"}],"wp:attachment":[{"href":"https:\/\/www.billigtrikotde.com\/fr\/wp-json\/wp\/v2\/media?parent=9838"}],"wp:term":[{"taxonomy":"product_brand","embeddable":true,"href":"https:\/\/www.billigtrikotde.com\/fr\/wp-json\/wp\/v2\/product_brand?post=9838"},{"taxonomy":"product_cat","embeddable":true,"href":"https:\/\/www.billigtrikotde.com\/fr\/wp-json\/wp\/v2\/product_cat?post=9838"},{"taxonomy":"product_tag","embeddable":true,"href":"https:\/\/www.billigtrikotde.com\/fr\/wp-json\/wp\/v2\/product_tag?post=9838"}],"curies":[{"name":"wp","href":"https:\/\/api.w.org\/{rel}","templated":true}]}}