{"id":9816,"date":"2024-10-24T02:46:22","date_gmt":"2024-10-24T00:46:22","guid":{"rendered":"http:\/\/billigtrikots.com\/?post_type=product&#038;p=9816"},"modified":"2024-10-24T02:48:37","modified_gmt":"2024-10-24T00:48:37","slug":"herren-england-fifa-wm-katar-2022-weiss-blau-heimtrikot-kurzarm-toney-20","status":"publish","type":"product","link":"https:\/\/www.billigtrikotde.com\/fr\/herren-england-fifa-wm-katar-2022-weiss-blau-heimtrikot-kurzarm-toney-20\/","title":{"rendered":"Hommes Angleterre FIFA CM Katar 2022 blanc bleu maillot domicile Manche courte TONEY 20"},"content":{"rendered":"<p>Le maillot domicile Nike de la Coupe du Monde 2022 de l'Angleterre, qui poss\u00e8de une base blanche propre, tire une grande partie de ses ventes des d\u00e9grad\u00e9s de couleurs sur les manches raglan. Commencant derri\u00e8re les \u00e9paules, la base blanche commence un passage progressif et d\u00e9lav\u00e9 vers le bleu, d\u00e9butant par une teinte claire avant de descendre en une teinte tr\u00e8s fonc\u00e9e au niveau de l'encolure ronde. Les tons bleu clair et fonc\u00e9 sont appliqu\u00e9s dans un design clair moiti\u00e9-moiti\u00e9 sur les poignets des manches, ressemblant aux couleurs du maillot ext\u00e9rieur croate pour l'ann\u00e9e mentionn\u00e9e. Historiquement, le bleu fonc\u00e9 utilis\u00e9 \u00e9voque d'une certaine mani\u00e8re l'ambiance des kits des ann\u00e9es 90.<\/p>\n<p>Conseils pour l'impression : Si le nom et le num\u00e9ro figurant sur l'image correspondent exactement \u00e0 ce que vous souhaitez, vous ne devez pas les saisir \u00e0 nouveau. Si ce n'est pas le cas, vous devez saisir le nom et le num\u00e9ro que vous souhaitez.<\/p>\n<p>Conseils pour le lavage : Il est recommand\u00e9 de laver les maillots de football \u00e0 la main. Si vous souhaitez utiliser la machine \u00e0 laver, pensez \u00e0 retourner les maillots de football avant de les laver. Remplissez la machine avec de l'eau froide et utilisez un cycle de lavage d\u00e9licat pour mieux prot\u00e9ger les couleurs.<\/p>","protected":false},"excerpt":{"rendered":"<p>Le maillot domicile Nike de la Coupe du Monde 2022 de l'Angleterre, qui poss\u00e8de une base blanche propre, tire une grande partie de ses ventes des d\u00e9grad\u00e9s de couleurs sur les manches raglan. Commencant derri\u00e8re les \u00e9paules, la base blanche commence un passage progressif et d\u00e9lav\u00e9 vers le bleu, d\u00e9butant par une teinte claire avant de devenir une teinte tr\u00e8s profonde en [\u2026]<\/p>","protected":false},"featured_media":9855,"comment_status":"open","ping_status":"closed","template":"","meta":[],"product_brand":[],"product_cat":[115],"product_tag":[20,363,116,407,21,22,23,24],"class_list":{"0":"post-9816","1":"product","2":"type-product","3":"status-publish","4":"has-post-thumbnail","6":"product_cat-england-trikots","7":"product_tag-coole-fussballtrikots","8":"product_tag-england-2022-world-cup-trikot","9":"product_tag-england-heimtrikot","10":"product_tag-fifa-wm-katar-2022-trikot","11":"product_tag-fussballtrikot-fuer-herren","12":"product_tag-fussballtrikot-guenstig-kaufen","13":"product_tag-fussballtrikot-kurzarm","14":"product_tag-guenstiges-fussballtrikot","16":"first","17":"instock","18":"shipping-taxable","19":"purchasable","20":"product-type-variable"},"_links":{"self":[{"href":"https:\/\/www.billigtrikotde.com\/fr\/wp-json\/wp\/v2\/product\/9816","targetHints":{"allow":["GET"]}}],"collection":[{"href":"https:\/\/www.billigtrikotde.com\/fr\/wp-json\/wp\/v2\/product"}],"about":[{"href":"https:\/\/www.billigtrikotde.com\/fr\/wp-json\/wp\/v2\/types\/product"}],"replies":[{"embeddable":true,"href":"https:\/\/www.billigtrikotde.com\/fr\/wp-json\/wp\/v2\/comments?post=9816"}],"wp:featuredmedia":[{"embeddable":true,"href":"https:\/\/www.billigtrikotde.com\/fr\/wp-json\/wp\/v2\/media\/9855"}],"wp:attachment":[{"href":"https:\/\/www.billigtrikotde.com\/fr\/wp-json\/wp\/v2\/media?parent=9816"}],"wp:term":[{"taxonomy":"product_brand","embeddable":true,"href":"https:\/\/www.billigtrikotde.com\/fr\/wp-json\/wp\/v2\/product_brand?post=9816"},{"taxonomy":"product_cat","embeddable":true,"href":"https:\/\/www.billigtrikotde.com\/fr\/wp-json\/wp\/v2\/product_cat?post=9816"},{"taxonomy":"product_tag","embeddable":true,"href":"https:\/\/www.billigtrikotde.com\/fr\/wp-json\/wp\/v2\/product_tag?post=9816"}],"curies":[{"name":"wp","href":"https:\/\/api.w.org\/{rel}","templated":true}]}}