{"id":9732,"date":"2024-10-24T02:42:07","date_gmt":"2024-10-24T00:42:07","guid":{"rendered":"http:\/\/billigtrikots.com\/?post_type=product&#038;p=9732"},"modified":"2024-10-24T02:44:23","modified_gmt":"2024-10-24T00:44:23","slug":"mexiko-fifa-wm-katar-2022-heimtrikot-gruen-kurzarm-mit-namen-raul-9","status":"publish","type":"product","link":"https:\/\/www.billigtrikotde.com\/fr\/mexiko-fifa-wm-katar-2022-heimtrikot-gruen-kurzarm-mit-namen-raul-9\/","title":{"rendered":"Maillot domicile FIFA Coupe du Monde Qatar 2022 Mexique vert \u00e0 manches courtes avec le nom RAUL 9"},"content":{"rendered":"<p>C'est la premi\u00e8re fois depuis de nombreuses ann\u00e9es que le Mexique aura un maillot vert. Le maillot du Mexique pour la Coupe du monde 2018 \u00e9tait vert et un match amical contre l'Argentine la m\u00eame ann\u00e9e a \u00e9t\u00e9 la derni\u00e8re fois que l'\u00e9quipe nationale A mexicaine a port\u00e9 un maillot vert. Le maillot olympique port\u00e9 par l'\u00e9quipe nationale des moins de 24 ans cet \u00e9t\u00e9, qui n'a pas \u00e9t\u00e9 fabriqu\u00e9 par Adidas, \u00e9tait \u00e9galement vert.<br \/>\nLe maillot Adidas Mexique 2022 Coupe du Monde est vert avec un pantalon blanc et des chaussettes rouges, ramenant ainsi les couleurs embl\u00e9matiques du Mexique.<\/p>\n<p>La principale caract\u00e9ristique de conception du maillot domicile Mexique 2022 est une subtile impression graphique sur le haut et les manches, inspir\u00e9e du Quetzalcoatl.<br \/>\nDans la culture mexicaine, Quetzalcoatl est le dieu du vent, le patron des pr\u00eatres et l'inventeur des calendriers et des livres. Il est \u00e9galement parfois repr\u00e9sent\u00e9 comme symbole de la mort et de la r\u00e9surrection. Un graphisme de Quetzalcoatl se trouve \u00e9galement au dos, sous le col.<\/p>\n<p>Conseils pour l'impression : Si le nom et le num\u00e9ro figurant sur l'image correspondent exactement \u00e0 ce que vous souhaitez, vous ne devez pas les saisir \u00e0 nouveau. Si ce n'est pas le cas, vous devez saisir le nom et le num\u00e9ro que vous souhaitez.<\/p>\n<p>Conseils pour le lavage : Il est recommand\u00e9 de laver les maillots de football \u00e0 la main. Si vous souhaitez utiliser la machine \u00e0 laver, pensez \u00e0 retourner les maillots de football avant de les laver. Remplissez la machine avec de l'eau froide et utilisez un cycle de lavage d\u00e9licat pour mieux prot\u00e9ger les couleurs.<\/p>","protected":false},"excerpt":{"rendered":"<p>C'est la premi\u00e8re fois depuis de nombreuses ann\u00e9es que le Mexique aura un maillot vert. Le maillot du Mexique pour la Coupe du monde 2018 \u00e9tait vert et un match amical contre l'Argentine la m\u00eame ann\u00e9e a \u00e9t\u00e9 la derni\u00e8re fois que l'\u00e9quipe nationale A mexicaine a port\u00e9 un maillot vert. Le maillot olympique port\u00e9 par l'\u00e9quipe nationale des moins de 24 ans cet \u00e9t\u00e9, qui n'a pas \u00e9t\u00e9 fabriqu\u00e9 par Adidas, \u00e9tait \u00e9galement vert.<\/p>","protected":false},"featured_media":9771,"comment_status":"open","ping_status":"closed","template":"","meta":[],"product_brand":[],"product_cat":[251],"product_tag":[20,405,21,22,23,24,252,406,253],"class_list":{"0":"post-9732","1":"product","2":"type-product","3":"status-publish","4":"has-post-thumbnail","6":"product_cat-mexiko-trikots","7":"product_tag-coole-fussballtrikots","8":"product_tag-fifa-wm-katar-2022","9":"product_tag-fussballtrikot-fuer-herren","10":"product_tag-fussballtrikot-guenstig-kaufen","11":"product_tag-fussballtrikot-kurzarm","12":"product_tag-guenstiges-fussballtrikot","13":"product_tag-mexiko-2022-trikots","14":"product_tag-mexiko-2022-wm-heimtrikot","15":"product_tag-mexiko-heimtrikot","17":"first","18":"instock","19":"shipping-taxable","20":"purchasable","21":"product-type-variable"},"_links":{"self":[{"href":"https:\/\/www.billigtrikotde.com\/fr\/wp-json\/wp\/v2\/product\/9732","targetHints":{"allow":["GET"]}}],"collection":[{"href":"https:\/\/www.billigtrikotde.com\/fr\/wp-json\/wp\/v2\/product"}],"about":[{"href":"https:\/\/www.billigtrikotde.com\/fr\/wp-json\/wp\/v2\/types\/product"}],"replies":[{"embeddable":true,"href":"https:\/\/www.billigtrikotde.com\/fr\/wp-json\/wp\/v2\/comments?post=9732"}],"wp:featuredmedia":[{"embeddable":true,"href":"https:\/\/www.billigtrikotde.com\/fr\/wp-json\/wp\/v2\/media\/9771"}],"wp:attachment":[{"href":"https:\/\/www.billigtrikotde.com\/fr\/wp-json\/wp\/v2\/media?parent=9732"}],"wp:term":[{"taxonomy":"product_brand","embeddable":true,"href":"https:\/\/www.billigtrikotde.com\/fr\/wp-json\/wp\/v2\/product_brand?post=9732"},{"taxonomy":"product_cat","embeddable":true,"href":"https:\/\/www.billigtrikotde.com\/fr\/wp-json\/wp\/v2\/product_cat?post=9732"},{"taxonomy":"product_tag","embeddable":true,"href":"https:\/\/www.billigtrikotde.com\/fr\/wp-json\/wp\/v2\/product_tag?post=9732"}],"curies":[{"name":"wp","href":"https:\/\/api.w.org\/{rel}","templated":true}]}}