{"id":9685,"date":"2024-10-24T02:39:45","date_gmt":"2024-10-24T00:39:45","guid":{"rendered":"http:\/\/billigtrikots.com\/?post_type=product&#038;p=9685"},"modified":"2024-10-24T02:41:57","modified_gmt":"2024-10-24T00:41:57","slug":"herren-mexiko-fifa-wm-katar-2022-auswaertstrikot-weiss-rot-kurzarm-alvarez-4","status":"publish","type":"product","link":"https:\/\/www.billigtrikotde.com\/fr\/herren-mexiko-fifa-wm-katar-2022-auswaertstrikot-weiss-rot-kurzarm-alvarez-4\/","title":{"rendered":"Hommes Mexique FIFA Coupe du Monde Qatar 2022 Maillot Ext\u00e9rieur blanc rouge manches courtes ALVAREZ 4"},"content":{"rendered":"<p>Invoquez votre esprit combatif pour atteindre la vitesse du football ultime. Pour cela, nous avons donn\u00e9 \u00e0 ce maillot ext\u00e9rieur du Mexique adidas pour enfants et adolescents une allure inspir\u00e9e par Mixteken et les divinit\u00e9s azt\u00e8ques. Au milieu de ce motif imprim\u00e9 tout-en-un se trouve \u00e9galement le corps du serpent de Quetzalcoatl \u2013 une repr\u00e9sentation des capacit\u00e9s physiques de l'humanit\u00e9. Les emmanchures en mesh et la technologie AEROREADY qui absorbe l'humidit\u00e9 vous garantissent un port agr\u00e9able. Et le tout nouveau logo du club fait une d\u00e9claration pour votre ferveur de supporter.<\/p>\n<p>Conseils pour l'impression : Si le nom et le num\u00e9ro figurant sur l'image correspondent exactement \u00e0 ce que vous souhaitez, vous ne devez pas les saisir \u00e0 nouveau. Si ce n'est pas le cas, vous devez saisir le nom et le num\u00e9ro que vous souhaitez.<\/p>\n<p>Conseils pour le lavage : Il est recommand\u00e9 de laver les maillots de football \u00e0 la main. Si vous souhaitez utiliser la machine \u00e0 laver, pensez \u00e0 retourner les maillots de football avant de les laver. Remplissez la machine avec de l'eau froide et utilisez un cycle de lavage d\u00e9licat pour mieux prot\u00e9ger les couleurs.<\/p>","protected":false},"excerpt":{"rendered":"<p>Invoque ton esprit de combat pour atteindre la gloire du football mondial. Pour cela, nous avons dot\u00e9 ce maillot ext\u00e9rieur pour enfants et adolescents du Mexique adidas d\u2019un design inspir\u00e9 par des motifs mixt\u00e8ques et des divinit\u00e9s azt\u00e8ques. Au c\u0153ur de ce motif saisissant en allover, on trouve \u00e9galement le corps serpent de Quetzalcoatl \u2013 une repr\u00e9sentation des capacit\u00e9s physiques de l\u2019humanit\u00e9. Les inserts en mesh et la technologie absorbante \u00e0 l\u2019humidit\u00e9 [\u2026]<\/p>","protected":false},"featured_media":9723,"comment_status":"open","ping_status":"closed","template":"","meta":[],"product_brand":[],"product_cat":[251],"product_tag":[20,405,21,22,23,24,252,360,364],"class_list":{"0":"post-9685","1":"product","2":"type-product","3":"status-publish","4":"has-post-thumbnail","6":"product_cat-mexiko-trikots","7":"product_tag-coole-fussballtrikots","8":"product_tag-fifa-wm-katar-2022","9":"product_tag-fussballtrikot-fuer-herren","10":"product_tag-fussballtrikot-guenstig-kaufen","11":"product_tag-fussballtrikot-kurzarm","12":"product_tag-guenstiges-fussballtrikot","13":"product_tag-mexiko-2022-trikots","14":"product_tag-mexiko-2022-wm-auswaertstrikot","15":"product_tag-mexiko-auswaertstrikot","17":"first","18":"instock","19":"shipping-taxable","20":"purchasable","21":"product-type-variable"},"_links":{"self":[{"href":"https:\/\/www.billigtrikotde.com\/fr\/wp-json\/wp\/v2\/product\/9685","targetHints":{"allow":["GET"]}}],"collection":[{"href":"https:\/\/www.billigtrikotde.com\/fr\/wp-json\/wp\/v2\/product"}],"about":[{"href":"https:\/\/www.billigtrikotde.com\/fr\/wp-json\/wp\/v2\/types\/product"}],"replies":[{"embeddable":true,"href":"https:\/\/www.billigtrikotde.com\/fr\/wp-json\/wp\/v2\/comments?post=9685"}],"wp:featuredmedia":[{"embeddable":true,"href":"https:\/\/www.billigtrikotde.com\/fr\/wp-json\/wp\/v2\/media\/9723"}],"wp:attachment":[{"href":"https:\/\/www.billigtrikotde.com\/fr\/wp-json\/wp\/v2\/media?parent=9685"}],"wp:term":[{"taxonomy":"product_brand","embeddable":true,"href":"https:\/\/www.billigtrikotde.com\/fr\/wp-json\/wp\/v2\/product_brand?post=9685"},{"taxonomy":"product_cat","embeddable":true,"href":"https:\/\/www.billigtrikotde.com\/fr\/wp-json\/wp\/v2\/product_cat?post=9685"},{"taxonomy":"product_tag","embeddable":true,"href":"https:\/\/www.billigtrikotde.com\/fr\/wp-json\/wp\/v2\/product_tag?post=9685"}],"curies":[{"name":"wp","href":"https:\/\/api.w.org\/{rel}","templated":true}]}}