{"id":9675,"date":"2024-10-24T02:39:11","date_gmt":"2024-10-24T00:39:11","guid":{"rendered":"http:\/\/billigtrikots.com\/?post_type=product&#038;p=9675"},"modified":"2024-10-24T02:41:55","modified_gmt":"2024-10-24T00:41:55","slug":"herren-italien-trikots-2022-23-heimtrikot-blau-kurzarm-mit-aufdruck-chiesa-14","status":"publish","type":"product","link":"https:\/\/www.billigtrikotde.com\/fr\/herren-italien-trikots-2022-23-heimtrikot-blau-kurzarm-mit-aufdruck-chiesa-14\/","title":{"rendered":"Hommes Italie Maillots 2022-23 domicile Bleu Manches Courtes avec Impression CHIESA 14"},"content":{"rendered":"<p>Le maillot domicile de la Squadra Azzurra 2022 se pr\u00e9sente dans un bleu classique. Les quatre carr\u00e9s sur le devant du maillot sont destin\u00e9s \u00e0 rendre hommage \u00e0 chaque g\u00e9n\u00e9ration championne du monde de l'Italie. Chaque carr\u00e9 fait r\u00e9f\u00e9rence \u00e0 un triomphe en Coupe du Monde des ann\u00e9es 1934, 1938, 1982 et 2006. Des d\u00e9tails dor\u00e9s, ainsi que le col compos\u00e9 des couleurs du tricolore italien, compl\u00e8tent le maillot.<\/p>\n<p>Ce maillot de PUMA en bleu te permet de porter les couleurs de ton \u00e9quipe favorite et de montrer \u00e0 tous pour quoi ton c\u0153ur bat. Aucun collectionneur de fans ne devrait manquer ce maillot italien. La respirabilit\u00e9, la l\u00e9g\u00e8ret\u00e9, la gestion de la transpiration et le confort exceptionnel de cette fonctionnalit\u00e9 le rendent convaincant. Avec ce haut de sport, tu peux compter sur le logo de la f\u00e9d\u00e9ration sur la poitrine. Avec ce maillot, tu peux te pr\u00e9parer id\u00e9alement pour ton prochain adversaire.<\/p>\n<p>Conseils pour l'impression : Si le nom et le num\u00e9ro figurant sur l'image correspondent exactement \u00e0 ce que vous souhaitez, vous ne devez pas les saisir \u00e0 nouveau. Si ce n'est pas le cas, vous devez saisir le nom et le num\u00e9ro que vous souhaitez.<\/p>\n<p>Conseils pour le lavage : Il est recommand\u00e9 de laver les maillots de football \u00e0 la main. Si vous souhaitez utiliser la machine \u00e0 laver, pensez \u00e0 retourner les maillots de football avant de les laver. Remplissez la machine avec de l'eau froide et utilisez un cycle de lavage d\u00e9licat pour mieux prot\u00e9ger les couleurs.<\/p>","protected":false},"excerpt":{"rendered":"<p>Le maillot domicile de la Squadra Azzurra 2022 se pr\u00e9sente dans un bleu classique. Les quatre carr\u00e9s sur le devant du maillot sont destin\u00e9s \u00e0 rendre hommage \u00e0 chaque g\u00e9n\u00e9ration championne du monde de l'Italie. Chaque carr\u00e9 fait r\u00e9f\u00e9rence \u00e0 un triomphe en Coupe du Monde des ann\u00e9es 1934, 1938, 1982 et 2006. Des d\u00e9tails dor\u00e9s, ainsi que le col compos\u00e9 des couleurs du tricolore italien, compl\u00e8tent le maillot.<\/p>","protected":false},"featured_media":9713,"comment_status":"open","ping_status":"closed","template":"","meta":[],"product_brand":[],"product_cat":[316],"product_tag":[20,21,22,23,24,404,317,318],"class_list":{"0":"post-9675","1":"product","2":"type-product","3":"status-publish","4":"has-post-thumbnail","6":"product_cat-italien-trikots","7":"product_tag-coole-fussballtrikots","8":"product_tag-fussballtrikot-fuer-herren","9":"product_tag-fussballtrikot-guenstig-kaufen","10":"product_tag-fussballtrikot-kurzarm","11":"product_tag-guenstiges-fussballtrikot","12":"product_tag-herren-italien-trikots","13":"product_tag-italien-heimtrikot","14":"product_tag-italien-trikots","16":"first","17":"instock","18":"shipping-taxable","19":"purchasable","20":"product-type-variable"},"_links":{"self":[{"href":"https:\/\/www.billigtrikotde.com\/fr\/wp-json\/wp\/v2\/product\/9675","targetHints":{"allow":["GET"]}}],"collection":[{"href":"https:\/\/www.billigtrikotde.com\/fr\/wp-json\/wp\/v2\/product"}],"about":[{"href":"https:\/\/www.billigtrikotde.com\/fr\/wp-json\/wp\/v2\/types\/product"}],"replies":[{"embeddable":true,"href":"https:\/\/www.billigtrikotde.com\/fr\/wp-json\/wp\/v2\/comments?post=9675"}],"wp:featuredmedia":[{"embeddable":true,"href":"https:\/\/www.billigtrikotde.com\/fr\/wp-json\/wp\/v2\/media\/9713"}],"wp:attachment":[{"href":"https:\/\/www.billigtrikotde.com\/fr\/wp-json\/wp\/v2\/media?parent=9675"}],"wp:term":[{"taxonomy":"product_brand","embeddable":true,"href":"https:\/\/www.billigtrikotde.com\/fr\/wp-json\/wp\/v2\/product_brand?post=9675"},{"taxonomy":"product_cat","embeddable":true,"href":"https:\/\/www.billigtrikotde.com\/fr\/wp-json\/wp\/v2\/product_cat?post=9675"},{"taxonomy":"product_tag","embeddable":true,"href":"https:\/\/www.billigtrikotde.com\/fr\/wp-json\/wp\/v2\/product_tag?post=9675"}],"curies":[{"name":"wp","href":"https:\/\/api.w.org\/{rel}","templated":true}]}}