{"id":9623,"date":"2024-10-24T02:36:45","date_gmt":"2024-10-24T00:36:45","guid":{"rendered":"http:\/\/billigtrikots.com\/?post_type=product&#038;p=9623"},"modified":"2024-10-24T02:38:59","modified_gmt":"2024-10-24T00:38:59","slug":"2022-uefa-european-england-womens-euro-heimtrikot-kurzarm-mit-aufdruck-calvert-lewin-18","status":"publish","type":"product","link":"https:\/\/www.billigtrikotde.com\/fr\/2022-uefa-european-england-womens-euro-heimtrikot-kurzarm-mit-aufdruck-calvert-lewin-18\/","title":{"rendered":"Maillot domicile f\u00e9minin Euro UEFA 2022 de l'Angleterre, manches courtes, avec impression CALVERT-LEWIN 18"},"content":{"rendered":"<p>Le maillot Nike Women\u2019s Euro 2022 de l\u2019Angleterre combine une couleur de fond blanche avec des logos \u00e9clatants et iris\u00e9es \u2013 c\u2019est la premi\u00e8re fois qu\u2019un maillot d\u2019Angleterre pr\u00e9sente des logos iris\u00e9es. Mis \u00e0 part les logos iris\u00e9es, le design du maillot domicile Nike Women 2022 de l\u2019Angleterre est discret. Il est recouvert d\u2019un motif g\u00e9om\u00e9trique tr\u00e8s subtil et brillant.<\/p>\n<p>Conseils pour l'impression : Si le nom et le num\u00e9ro figurant sur l'image correspondent exactement \u00e0 ce que vous souhaitez, vous ne devez pas les saisir \u00e0 nouveau. Si ce n'est pas le cas, vous devez saisir le nom et le num\u00e9ro que vous souhaitez.<\/p>\n<p>Conseils pour le lavage : Il est recommand\u00e9 de laver les maillots de football \u00e0 la main. Si vous souhaitez utiliser la machine \u00e0 laver, pensez \u00e0 retourner les maillots de football avant de les laver. Remplissez la machine avec de l'eau froide et utilisez un cycle de lavage d\u00e9licat pour mieux prot\u00e9ger les couleurs.<\/p>","protected":false},"excerpt":{"rendered":"<p>Le maillot Nike Women\u2019s Euro 2022 de l\u2019Angleterre combine une couleur de fond blanche avec des logos \u00e9clatants et iris\u00e9es \u2013 c\u2019est la premi\u00e8re fois qu\u2019un maillot d\u2019Angleterre pr\u00e9sente des logos iris\u00e9es. Mis \u00e0 part les logos iris\u00e9es, le design du maillot domicile Nike Women 2022 de l\u2019Angleterre est discret. Il est recouvert d\u2019un motif g\u00e9om\u00e9trique tr\u00e8s subtil et brillant.<\/p>","protected":false},"featured_media":9664,"comment_status":"open","ping_status":"closed","template":"","meta":[],"product_brand":[],"product_cat":[115],"product_tag":[20,402,116,218,403,21,22,23,24],"class_list":{"0":"post-9623","1":"product","2":"type-product","3":"status-publish","4":"has-post-thumbnail","6":"product_cat-england-trikots","7":"product_tag-coole-fussballtrikots","8":"product_tag-england-frauen-2022-trikot","9":"product_tag-england-heimtrikot","10":"product_tag-england-heimtrikot-euro-2022-damen","11":"product_tag-england-womens-euro-2022-trikot","12":"product_tag-fussballtrikot-fuer-herren","13":"product_tag-fussballtrikot-guenstig-kaufen","14":"product_tag-fussballtrikot-kurzarm","15":"product_tag-guenstiges-fussballtrikot","17":"first","18":"instock","19":"shipping-taxable","20":"purchasable","21":"product-type-variable"},"_links":{"self":[{"href":"https:\/\/www.billigtrikotde.com\/fr\/wp-json\/wp\/v2\/product\/9623","targetHints":{"allow":["GET"]}}],"collection":[{"href":"https:\/\/www.billigtrikotde.com\/fr\/wp-json\/wp\/v2\/product"}],"about":[{"href":"https:\/\/www.billigtrikotde.com\/fr\/wp-json\/wp\/v2\/types\/product"}],"replies":[{"embeddable":true,"href":"https:\/\/www.billigtrikotde.com\/fr\/wp-json\/wp\/v2\/comments?post=9623"}],"wp:featuredmedia":[{"embeddable":true,"href":"https:\/\/www.billigtrikotde.com\/fr\/wp-json\/wp\/v2\/media\/9664"}],"wp:attachment":[{"href":"https:\/\/www.billigtrikotde.com\/fr\/wp-json\/wp\/v2\/media?parent=9623"}],"wp:term":[{"taxonomy":"product_brand","embeddable":true,"href":"https:\/\/www.billigtrikotde.com\/fr\/wp-json\/wp\/v2\/product_brand?post=9623"},{"taxonomy":"product_cat","embeddable":true,"href":"https:\/\/www.billigtrikotde.com\/fr\/wp-json\/wp\/v2\/product_cat?post=9623"},{"taxonomy":"product_tag","embeddable":true,"href":"https:\/\/www.billigtrikotde.com\/fr\/wp-json\/wp\/v2\/product_tag?post=9623"}],"curies":[{"name":"wp","href":"https:\/\/api.w.org\/{rel}","templated":true}]}}