{"id":9599,"date":"2024-10-24T02:35:34","date_gmt":"2024-10-24T00:35:34","guid":{"rendered":"http:\/\/billigtrikots.com\/?post_type=product&#038;p=9599"},"modified":"2024-10-24T02:37:46","modified_gmt":"2024-10-24T00:37:46","slug":"2022-uefa-european-womens-football-championship-england-heimtrikot-euro-damen-henderson-8","status":"publish","type":"product","link":"https:\/\/www.billigtrikotde.com\/fr\/2022-uefa-european-womens-football-championship-england-heimtrikot-euro-damen-henderson-8\/","title":{"rendered":"2022 UEFA European Women\u2019s Football Championship England Heimtrikot EURO Damen HENDERSON 8"},"content":{"rendered":"<p>Con\u00e7ues exclusivement pour les Lionnes, les maillots Nike pour l'UEFA Euro 2022 de football f\u00e9minin ont des logos iridescents. Les couleurs de chaque maillot sont plut\u00f4t audacieuses pour une \u00e9quipe nationale.<\/p>\n<p>Le maillot domicile Nike pour l'Euro 2022 de football f\u00e9minin combine une base blanche avec des logos iridescents accrocheurs \u2013 si nous ne nous trompons pas, ce sera la premi\u00e8re fois qu'un maillot anglais comporte des logos iridescents.<\/p>","protected":false},"excerpt":{"rendered":"<p>Con\u00e7ues exclusivement pour les Lionnes, les maillots Nike de l'\u00e9quipe de France pour le Championnat d'Europe f\u00e9minin de l'UEFA 2022 ont des logos iridescents. Les couleurs de chaque maillot sont plut\u00f4t audacieuses pour une \u00e9quipe nationale. Le maillot domicile de l'\u00e9quipe de France pour l'Euro 2022 combine une base blanche avec des logos iridescents accrocheurs \u2013 si nous ne nous trompons pas, cela sera [\u2026]<\/p>","protected":false},"featured_media":9640,"comment_status":"open","ping_status":"closed","template":"","meta":[],"product_brand":[],"product_cat":[115],"product_tag":[20,116,218,21,22,23,24],"class_list":{"0":"post-9599","1":"product","2":"type-product","3":"status-publish","4":"has-post-thumbnail","6":"product_cat-england-trikots","7":"product_tag-coole-fussballtrikots","8":"product_tag-england-heimtrikot","9":"product_tag-england-heimtrikot-euro-2022-damen","10":"product_tag-fussballtrikot-fuer-herren","11":"product_tag-fussballtrikot-guenstig-kaufen","12":"product_tag-fussballtrikot-kurzarm","13":"product_tag-guenstiges-fussballtrikot","15":"first","16":"instock","17":"shipping-taxable","18":"purchasable","19":"product-type-variable"},"_links":{"self":[{"href":"https:\/\/www.billigtrikotde.com\/fr\/wp-json\/wp\/v2\/product\/9599","targetHints":{"allow":["GET"]}}],"collection":[{"href":"https:\/\/www.billigtrikotde.com\/fr\/wp-json\/wp\/v2\/product"}],"about":[{"href":"https:\/\/www.billigtrikotde.com\/fr\/wp-json\/wp\/v2\/types\/product"}],"replies":[{"embeddable":true,"href":"https:\/\/www.billigtrikotde.com\/fr\/wp-json\/wp\/v2\/comments?post=9599"}],"wp:featuredmedia":[{"embeddable":true,"href":"https:\/\/www.billigtrikotde.com\/fr\/wp-json\/wp\/v2\/media\/9640"}],"wp:attachment":[{"href":"https:\/\/www.billigtrikotde.com\/fr\/wp-json\/wp\/v2\/media?parent=9599"}],"wp:term":[{"taxonomy":"product_brand","embeddable":true,"href":"https:\/\/www.billigtrikotde.com\/fr\/wp-json\/wp\/v2\/product_brand?post=9599"},{"taxonomy":"product_cat","embeddable":true,"href":"https:\/\/www.billigtrikotde.com\/fr\/wp-json\/wp\/v2\/product_cat?post=9599"},{"taxonomy":"product_tag","embeddable":true,"href":"https:\/\/www.billigtrikotde.com\/fr\/wp-json\/wp\/v2\/product_tag?post=9599"}],"curies":[{"name":"wp","href":"https:\/\/api.w.org\/{rel}","templated":true}]}}