{"id":9200,"date":"2024-10-24T02:15:26","date_gmt":"2024-10-24T00:15:26","guid":{"rendered":"http:\/\/billigtrikots.com\/?post_type=product&#038;p=9200"},"modified":"2024-10-24T02:17:42","modified_gmt":"2024-10-24T00:17:42","slug":"herren-niederlande-heimtrikot-wm-2022-fussballtrikot-orange-kurzarm-mit-aufdruck-de-ligt-3","status":"publish","type":"product","link":"https:\/\/www.billigtrikotde.com\/fr\/herren-niederlande-heimtrikot-wm-2022-fussballtrikot-orange-kurzarm-mit-aufdruck-de-ligt-3\/","title":{"rendered":"Maillot domicile pour hommes Pays-Bas Coupe du Monde 2022 Maillot orange \u00e0 manches courtes avec impression DE LIGT 3"},"content":{"rendered":"<p>Regardez le maillot Nike pour la Coupe du Monde de football 2022 en Hollande.<\/p>\n<p>Le maillot Nike Hollande 2022 a une teinte d\u2019orange diff\u00e9rente des anciens maillots domicile Nike \u2013 le maillot Nike Hollande 2022 est \u00ab Laser Orange \u00bb, une couleur tr\u00e8s jaune-orange. Une seconde teinte d\u2019orange, plus sombre et plus \u00ab traditionnelle \u00bb, est utilis\u00e9e pour le graphisme.<\/p>\n<p>La caract\u00e9ristique saillante est un design graphique sur tout le maillot, inspir\u00e9 par la toison d\u2019un lion. Selon Nike, le design \u00ab tourbillonnant \u00bb rappelle non seulement la crini\u00e8re du lion, mais symbolise aussi la fluidit\u00e9 du syst\u00e8me tactique du Total Football.<\/p>\n<p>Conseils pour l'impression : Si le nom et le num\u00e9ro figurant sur l'image correspondent exactement \u00e0 ce que vous souhaitez, vous ne devez pas les saisir \u00e0 nouveau. Si ce n'est pas le cas, vous devez saisir le nom et le num\u00e9ro que vous souhaitez.<\/p>\n<p>Conseils pour le lavage : Il est recommand\u00e9 de laver les maillots de football \u00e0 la main. Si vous souhaitez utiliser la machine \u00e0 laver, pensez \u00e0 retourner les maillots de football avant de les laver. Remplissez la machine avec de l'eau froide et utilisez un cycle de lavage d\u00e9licat pour mieux prot\u00e9ger les couleurs.<\/p>","protected":false},"excerpt":{"rendered":"<p>Regardez le maillot Nike pour la Coupe du Monde de football 2022 en Hollande. Le maillot Nike Hollande 2022 a une teinte d'orange diff\u00e9rente de celle des maillots domicile Nike pr\u00e9c\u00e9dents \u2013 le maillot Nike Hollande 2022 est \u00ab Laser Orange \u00bb, une couleur tr\u00e8s jaune-orange. Une seconde teinte d'orange, plus fonc\u00e9e et plus \u00ab traditionnelle \u00bb, est utilis\u00e9e pour la graphique. La caract\u00e9ristique remarquable est [\u2026]<\/p>","protected":false},"featured_media":9241,"comment_status":"open","ping_status":"closed","template":"","meta":[],"product_brand":[],"product_cat":[219],"product_tag":[20,222,21,22,23,24,392,221],"class_list":{"0":"post-9200","1":"product","2":"type-product","3":"status-publish","4":"has-post-thumbnail","6":"product_cat-niederlande-trikots","7":"product_tag-coole-fussballtrikots","8":"product_tag-fussball-wm-2022-trikots","9":"product_tag-fussballtrikot-fuer-herren","10":"product_tag-fussballtrikot-guenstig-kaufen","11":"product_tag-fussballtrikot-kurzarm","12":"product_tag-guenstiges-fussballtrikot","13":"product_tag-niederlande-heimtrikot","14":"product_tag-niederlande-trikots","16":"first","17":"instock","18":"shipping-taxable","19":"purchasable","20":"product-type-variable"},"_links":{"self":[{"href":"https:\/\/www.billigtrikotde.com\/fr\/wp-json\/wp\/v2\/product\/9200","targetHints":{"allow":["GET"]}}],"collection":[{"href":"https:\/\/www.billigtrikotde.com\/fr\/wp-json\/wp\/v2\/product"}],"about":[{"href":"https:\/\/www.billigtrikotde.com\/fr\/wp-json\/wp\/v2\/types\/product"}],"replies":[{"embeddable":true,"href":"https:\/\/www.billigtrikotde.com\/fr\/wp-json\/wp\/v2\/comments?post=9200"}],"wp:featuredmedia":[{"embeddable":true,"href":"https:\/\/www.billigtrikotde.com\/fr\/wp-json\/wp\/v2\/media\/9241"}],"wp:attachment":[{"href":"https:\/\/www.billigtrikotde.com\/fr\/wp-json\/wp\/v2\/media?parent=9200"}],"wp:term":[{"taxonomy":"product_brand","embeddable":true,"href":"https:\/\/www.billigtrikotde.com\/fr\/wp-json\/wp\/v2\/product_brand?post=9200"},{"taxonomy":"product_cat","embeddable":true,"href":"https:\/\/www.billigtrikotde.com\/fr\/wp-json\/wp\/v2\/product_cat?post=9200"},{"taxonomy":"product_tag","embeddable":true,"href":"https:\/\/www.billigtrikotde.com\/fr\/wp-json\/wp\/v2\/product_tag?post=9200"}],"curies":[{"name":"wp","href":"https:\/\/api.w.org\/{rel}","templated":true}]}}