{"id":9120,"date":"2024-10-24T02:11:16","date_gmt":"2024-10-24T00:11:16","guid":{"rendered":"http:\/\/billigtrikots.com\/?post_type=product&#038;p=9120"},"modified":"2024-10-24T02:13:31","modified_gmt":"2024-10-24T00:13:31","slug":"herren-niederlande-auswaertstrikot-blau-fussball-wm-2022-trikotsatz-kit-de-vrij-6","status":"publish","type":"product","link":"https:\/\/www.billigtrikotde.com\/fr\/herren-niederlande-auswaertstrikot-blau-fussball-wm-2022-trikotsatz-kit-de-vrij-6\/","title":{"rendered":"Herren Niederlande Ausw\u00e4rtstrikot blau Fu\u00dfball WM 2022 Trikotsatz Kit DE VRIJ 6"},"content":{"rendered":"<p>Nike a d\u00e9velopp\u00e9 des polices de caract\u00e8res sur mesure pour de nombreux maillots de la Coupe du Monde de football 2022. Aujourd'hui, nous examinons de plus pr\u00e8s la police des maillots domicile et ext\u00e9rieur des Pays-Bas pour la Coupe du Monde 2022.<br \/>\nLe nouveau troph\u00e9e de la Coupe du Monde FIFA 2022 des Pays-Bas poss\u00e8de un design unique, notamment au niveau des chiffres. Celui-ci est peut-\u00eatre inspir\u00e9 des caract\u00e8res m\u00e9talliques grav\u00e9s de l'\u00e2ge d'or des Pays-Bas.<\/p>\n<p>La police du nouveau maillot domicile des Pays-Bas pour la Coupe du Monde 2022 est noire, tandis que celle du maillot ext\u00e9rieur est d'un rouge vif.<\/p>\n<p>Conseils pour l'impression : Si le nom et le num\u00e9ro figurant sur l'image correspondent exactement \u00e0 ce que vous souhaitez, vous ne devez pas les saisir \u00e0 nouveau. Si ce n'est pas le cas, vous devez saisir le nom et le num\u00e9ro que vous souhaitez.<\/p>\n<p>Conseils pour le lavage : Il est recommand\u00e9 de laver les maillots de football \u00e0 la main. Si vous souhaitez utiliser la machine \u00e0 laver, pensez \u00e0 retourner les maillots de football avant de les laver. Remplissez la machine avec de l'eau froide et utilisez un cycle de lavage d\u00e9licat pour mieux prot\u00e9ger les couleurs.<\/p>","protected":false},"excerpt":{"rendered":"<p>Nike a d\u00e9velopp\u00e9 des polices de caract\u00e8res sur mesure pour de nombreux maillots de la Coupe du Monde de football 2022. Aujourd'hui, nous examinons de plus pr\u00e8s la police des maillots domicile et ext\u00e9rieur des Pays-Bas pour la Coupe du Monde 2022. La nouvelle Coupe du Monde FIFA 2022 des Pays-Bas pr\u00e9sente un design unique, notamment au niveau des chiffres. Ceux-ci sont peut-\u00eatre inspir\u00e9s des caract\u00e8res m\u00e9talliques grav\u00e9s du Golden [\u2026]<\/p>","protected":false},"featured_media":9159,"comment_status":"open","ping_status":"closed","template":"","meta":[],"product_brand":[],"product_cat":[219],"product_tag":[20,393,21,22,23,24,394,355,221],"class_list":{"0":"post-9120","1":"product","2":"type-product","3":"status-publish","4":"has-post-thumbnail","6":"product_cat-niederlande-trikots","7":"product_tag-coole-fussballtrikots","8":"product_tag-fussball-weltmeisterschaft-2022","9":"product_tag-fussballtrikot-fuer-herren","10":"product_tag-fussballtrikot-guenstig-kaufen","11":"product_tag-fussballtrikot-kurzarm","12":"product_tag-guenstiges-fussballtrikot","13":"product_tag-niederlande-2022-world-cup-trikotschrift","14":"product_tag-niederlande-auswaertstrikot","15":"product_tag-niederlande-trikots","17":"first","18":"instock","19":"shipping-taxable","20":"purchasable","21":"product-type-variable"},"_links":{"self":[{"href":"https:\/\/www.billigtrikotde.com\/fr\/wp-json\/wp\/v2\/product\/9120","targetHints":{"allow":["GET"]}}],"collection":[{"href":"https:\/\/www.billigtrikotde.com\/fr\/wp-json\/wp\/v2\/product"}],"about":[{"href":"https:\/\/www.billigtrikotde.com\/fr\/wp-json\/wp\/v2\/types\/product"}],"replies":[{"embeddable":true,"href":"https:\/\/www.billigtrikotde.com\/fr\/wp-json\/wp\/v2\/comments?post=9120"}],"wp:featuredmedia":[{"embeddable":true,"href":"https:\/\/www.billigtrikotde.com\/fr\/wp-json\/wp\/v2\/media\/9159"}],"wp:attachment":[{"href":"https:\/\/www.billigtrikotde.com\/fr\/wp-json\/wp\/v2\/media?parent=9120"}],"wp:term":[{"taxonomy":"product_brand","embeddable":true,"href":"https:\/\/www.billigtrikotde.com\/fr\/wp-json\/wp\/v2\/product_brand?post=9120"},{"taxonomy":"product_cat","embeddable":true,"href":"https:\/\/www.billigtrikotde.com\/fr\/wp-json\/wp\/v2\/product_cat?post=9120"},{"taxonomy":"product_tag","embeddable":true,"href":"https:\/\/www.billigtrikotde.com\/fr\/wp-json\/wp\/v2\/product_tag?post=9120"}],"curies":[{"name":"wp","href":"https:\/\/api.w.org\/{rel}","templated":true}]}}