{"id":8983,"date":"2024-10-24T02:04:16","date_gmt":"2024-10-24T00:04:16","guid":{"rendered":"http:\/\/billigtrikots.com\/?post_type=product&#038;p=8983"},"modified":"2024-10-24T02:06:58","modified_gmt":"2024-10-24T00:06:58","slug":"herren-manchester-united-auswaertstrikot-2022-23-trikotsatz-online-bestellen-shaw-23","status":"publish","type":"product","link":"https:\/\/www.billigtrikotde.com\/fr\/herren-manchester-united-auswaertstrikot-2022-23-trikotsatz-online-bestellen-shaw-23\/","title":{"rendered":"Hommes Manchester United Maillot Ext\u00e9rieur 2022-23 Commander en ligne SHAW 23"},"content":{"rendered":"<p>Le maillot ext\u00e9rieur de Manchester United FC 2022-2023 d'Adidas combine la couleur principale blanche avec des applications rouges et noires. Pour les trois bandes, Adidas a opt\u00e9 pour une teinte rouge cerise, tandis que les logos d'Adidas et TeamViewer sont noirs.<\/p>\n<p>Tout comme le maillot Manchester United 22-23, le maillot ext\u00e9rieur Man Utd 22-23 poss\u00e8de \u00e9galement un blason avec un \u00e9cusson.<\/p>\n<p>L'\u00e9l\u00e9ment caract\u00e9ristique du maillot ext\u00e9rieur Manchester United 22-23 est le motif triangulaire blanc-rouge sur le col noir et les poignets des manches. De plus, il y a sur le devant un motif tr\u00e8s discret en h\u00e9lice.<\/p>\n<p>Conseils pour l'impression : Si le nom et le num\u00e9ro figurant sur l'image correspondent exactement \u00e0 ce que vous souhaitez, vous ne devez pas les saisir \u00e0 nouveau. Si ce n'est pas le cas, vous devez saisir le nom et le num\u00e9ro que vous souhaitez.<\/p>\n<p>Conseils pour le lavage : Il est recommand\u00e9 de laver les maillots de football \u00e0 la main. Si vous souhaitez utiliser la machine \u00e0 laver, pensez \u00e0 retourner les maillots de football avant de les laver. Remplissez la machine avec de l'eau froide et utilisez un cycle de lavage d\u00e9licat pour mieux prot\u00e9ger les couleurs.<\/p>","protected":false},"excerpt":{"rendered":"<p>Le maillot ext\u00e9rieur Adidas Manchester United FC 2022-2023 associe la couleur principale blanche \u00e0 des applications rouges et noires. Pour les Trois Bandes, Adidas a opt\u00e9 pour une teinte cerise, tandis que les logos d'Adidas et de TeamViewer sont noirs. Tout comme le maillot Manchester United 22-23, le maillot ext\u00e9rieur Man Utd 22-23 arbore \u00e9galement un \u00e9cusson avec un blason. [\u2026]<\/p>","protected":false},"featured_media":9020,"comment_status":"open","ping_status":"closed","template":"","meta":[],"product_brand":[],"product_cat":[50],"product_tag":[20,21,22,23,24,217,223,52],"class_list":{"0":"post-8983","1":"product","2":"type-product","3":"status-publish","4":"has-post-thumbnail","6":"product_cat-manchester-united","7":"product_tag-coole-fussballtrikots","8":"product_tag-fussballtrikot-fuer-herren","9":"product_tag-fussballtrikot-guenstig-kaufen","10":"product_tag-fussballtrikot-kurzarm","11":"product_tag-guenstiges-fussballtrikot","12":"product_tag-manchester-united-trikot-bestellen","13":"product_tag-manchester-united-trikot-shop","14":"product_tag-manchester-united-trikots","16":"first","17":"instock","18":"shipping-taxable","19":"purchasable","20":"product-type-variable"},"_links":{"self":[{"href":"https:\/\/www.billigtrikotde.com\/fr\/wp-json\/wp\/v2\/product\/8983","targetHints":{"allow":["GET"]}}],"collection":[{"href":"https:\/\/www.billigtrikotde.com\/fr\/wp-json\/wp\/v2\/product"}],"about":[{"href":"https:\/\/www.billigtrikotde.com\/fr\/wp-json\/wp\/v2\/types\/product"}],"replies":[{"embeddable":true,"href":"https:\/\/www.billigtrikotde.com\/fr\/wp-json\/wp\/v2\/comments?post=8983"}],"wp:featuredmedia":[{"embeddable":true,"href":"https:\/\/www.billigtrikotde.com\/fr\/wp-json\/wp\/v2\/media\/9020"}],"wp:attachment":[{"href":"https:\/\/www.billigtrikotde.com\/fr\/wp-json\/wp\/v2\/media?parent=8983"}],"wp:term":[{"taxonomy":"product_brand","embeddable":true,"href":"https:\/\/www.billigtrikotde.com\/fr\/wp-json\/wp\/v2\/product_brand?post=8983"},{"taxonomy":"product_cat","embeddable":true,"href":"https:\/\/www.billigtrikotde.com\/fr\/wp-json\/wp\/v2\/product_cat?post=8983"},{"taxonomy":"product_tag","embeddable":true,"href":"https:\/\/www.billigtrikotde.com\/fr\/wp-json\/wp\/v2\/product_tag?post=8983"}],"curies":[{"name":"wp","href":"https:\/\/api.w.org\/{rel}","templated":true}]}}