{"id":8958,"date":"2024-10-24T02:02:44","date_gmt":"2024-10-24T00:02:44","guid":{"rendered":"http:\/\/billigtrikots.com\/?post_type=product&#038;p=8958"},"modified":"2024-10-24T02:05:16","modified_gmt":"2024-10-24T00:05:16","slug":"italien-trikots-fuer-kinder-zum-fussballspielen-2022-23-in-blaue-chiellini-3","status":"publish","type":"product","link":"https:\/\/www.billigtrikotde.com\/fr\/italien-trikots-fuer-kinder-zum-fussballspielen-2022-23-in-blaue-chiellini-3\/","title":{"rendered":"Italie Maillots pour enfants pour jouer au football 2022-23 en bleu CHIELLINI 3"},"content":{"rendered":"<p>Azzurri classiques. Le maillot domicile de l'Italie 2022 f\u00eate la tradition des maillots bleus et du football brillant. Avec des accents dor\u00e9s, des polices r\u00e9tro et des r\u00e9f\u00e9rences aux triomphes de 1934, 1938, 1982 et 2006, le devant du maillot est divis\u00e9 en quadrants tonaux pour rendre hommage aux quatre g\u00e9n\u00e9rations de champions du monde.<\/p>\n<p>Conseils pour l'impression : Si le nom et le num\u00e9ro figurant sur l'image correspondent exactement \u00e0 ce que vous souhaitez, vous ne devez pas les saisir \u00e0 nouveau. Si ce n'est pas le cas, vous devez saisir le nom et le num\u00e9ro que vous souhaitez.<\/p>\n<p>Conseils pour le lavage : Il est recommand\u00e9 de laver les maillots de football \u00e0 la main. Si vous souhaitez utiliser la machine \u00e0 laver, pensez \u00e0 retourner les maillots de football avant de les laver. Remplissez la machine avec de l'eau froide et utilisez un cycle de lavage d\u00e9licat pour mieux prot\u00e9ger les couleurs.<\/p>","protected":false},"excerpt":{"rendered":"<p>Classiques Azzurri. Le maillot domicile de l'Italie 2022 c\u00e9l\u00e8bre la tradition des maillots bleus et d'un football brillant. Avec des accents dor\u00e9s, des polices r\u00e9tro et des r\u00e9f\u00e9rences aux triomphes de 1934, 1938, 1982 et 2006, l'avant du maillot est divis\u00e9 en quadrants tonaux pour honorer les quatre g\u00e9n\u00e9rations de champions du monde. Conseils d'impression : Lorsque le nom et la [\u2026]<\/p>","protected":false},"featured_media":8998,"comment_status":"open","ping_status":"closed","template":"","meta":[],"product_brand":[],"product_cat":[316],"product_tag":[20,21,22,23,24,317,318,390],"class_list":{"0":"post-8958","1":"product","2":"type-product","3":"status-publish","4":"has-post-thumbnail","6":"product_cat-italien-trikots","7":"product_tag-coole-fussballtrikots","8":"product_tag-fussballtrikot-fuer-herren","9":"product_tag-fussballtrikot-guenstig-kaufen","10":"product_tag-fussballtrikot-kurzarm","11":"product_tag-guenstiges-fussballtrikot","12":"product_tag-italien-heimtrikot","13":"product_tag-italien-trikots","14":"product_tag-kinder-italien-trikots","16":"first","17":"instock","18":"shipping-taxable","19":"purchasable","20":"product-type-variable"},"_links":{"self":[{"href":"https:\/\/www.billigtrikotde.com\/fr\/wp-json\/wp\/v2\/product\/8958","targetHints":{"allow":["GET"]}}],"collection":[{"href":"https:\/\/www.billigtrikotde.com\/fr\/wp-json\/wp\/v2\/product"}],"about":[{"href":"https:\/\/www.billigtrikotde.com\/fr\/wp-json\/wp\/v2\/types\/product"}],"replies":[{"embeddable":true,"href":"https:\/\/www.billigtrikotde.com\/fr\/wp-json\/wp\/v2\/comments?post=8958"}],"wp:featuredmedia":[{"embeddable":true,"href":"https:\/\/www.billigtrikotde.com\/fr\/wp-json\/wp\/v2\/media\/8998"}],"wp:attachment":[{"href":"https:\/\/www.billigtrikotde.com\/fr\/wp-json\/wp\/v2\/media?parent=8958"}],"wp:term":[{"taxonomy":"product_brand","embeddable":true,"href":"https:\/\/www.billigtrikotde.com\/fr\/wp-json\/wp\/v2\/product_brand?post=8958"},{"taxonomy":"product_cat","embeddable":true,"href":"https:\/\/www.billigtrikotde.com\/fr\/wp-json\/wp\/v2\/product_cat?post=8958"},{"taxonomy":"product_tag","embeddable":true,"href":"https:\/\/www.billigtrikotde.com\/fr\/wp-json\/wp\/v2\/product_tag?post=8958"}],"curies":[{"name":"wp","href":"https:\/\/api.w.org\/{rel}","templated":true}]}}