{"id":8932,"date":"2024-10-24T02:01:29","date_gmt":"2024-10-24T00:01:29","guid":{"rendered":"http:\/\/billigtrikots.com\/?post_type=product&#038;p=8932"},"modified":"2025-10-16T16:03:43","modified_gmt":"2025-10-16T14:03:43","slug":"kroos-8-real-madrid-auswaertstrikot-2022-23-trikot-away-lila-fuer-kinder","status":"publish","type":"product","link":"https:\/\/www.billigtrikotde.com\/fr\/kroos-8-real-madrid-auswaertstrikot-2022-23-trikot-away-lila-fuer-kinder\/","title":{"rendered":"KROOS 8 Real Madrid maillot ext\u00e9rieur 2022\/23 Maillot Ext\u00e9rieur Violet pour enfants"},"content":{"rendered":"<p>Le mod\u00e8le l\u00e9ger en violet vous aide \u00e0 soutenir votre \u00e9quipe lors du prochain match. adidas propose avec ce maillot un produit tr\u00e8s remarquable dans sa gamme. Un soutien maximal ! Avec ce maillot ext\u00e9rieur du Real Madrid, vous compl\u00e9tez votre collection de fans avec un article port\u00e9 par les joueurs de la Primera Division. Le mod\u00e8le absorbant la transpiration, confortable, l\u00e9ger et respirant, convainc pleinement. Ce maillot est le compagnon id\u00e9al pour vos activit\u00e9s sportives. Il se distingue visuellement par un blason du club sur la poitrine.<\/p>\n<p>Conseils pour l'impression : Si le nom et le num\u00e9ro figurant sur l'image correspondent exactement \u00e0 ce que vous souhaitez, vous ne devez pas les saisir \u00e0 nouveau. Si ce n'est pas le cas, vous devez saisir le nom et le num\u00e9ro que vous souhaitez.<\/p>\n<p>Conseils pour le lavage : Il est recommand\u00e9 de laver les maillots de football \u00e0 la main. Si vous souhaitez utiliser la machine \u00e0 laver, pensez \u00e0 retourner les maillots de football avant de les laver. Remplissez la machine avec de l'eau froide et utilisez un cycle de lavage d\u00e9licat pour mieux prot\u00e9ger les couleurs.<\/p>","protected":false},"excerpt":{"rendered":"<p>Le mod\u00e8le l\u00e9ger en violet vous aide \u00e0 soutenir votre \u00e9quipe lors du prochain match. adidas propose avec ce maillot un produit tr\u00e8s remarquable dans sa gamme. Un soutien maximal ! Avec ce maillot ext\u00e9rieur du Real Madrid, vous compl\u00e9tez votre collection de fans avec un article port\u00e9 par les joueurs en Primera Division. Le maillot respirant, confortable, l\u00e9ger et [\u2026]<\/p>","protected":false},"featured_media":8971,"comment_status":"open","ping_status":"closed","template":"","meta":[],"product_brand":[],"product_cat":[165],"product_tag":[20,35,21,22,23,24,94,49,47,166],"class_list":{"0":"post-8932","1":"product","2":"type-product","3":"status-publish","4":"has-post-thumbnail","6":"product_cat-real-madrid-kindertrikot","7":"product_tag-coole-fussballtrikots","8":"product_tag-fussball-torwarttrikots","9":"product_tag-fussballtrikot-fuer-herren","10":"product_tag-fussballtrikot-guenstig-kaufen","11":"product_tag-fussballtrikot-kurzarm","12":"product_tag-guenstiges-fussballtrikot","13":"product_tag-kinder-fussball-trikotsatz","14":"product_tag-real-madrid-auswaertstrikot","15":"product_tag-real-madrid-trikots","16":"product_tag-real-madrid-trikotsatz-fuer-kinder","18":"first","19":"instock","20":"shipping-taxable","21":"purchasable","22":"product-type-variable"},"_links":{"self":[{"href":"https:\/\/www.billigtrikotde.com\/fr\/wp-json\/wp\/v2\/product\/8932","targetHints":{"allow":["GET"]}}],"collection":[{"href":"https:\/\/www.billigtrikotde.com\/fr\/wp-json\/wp\/v2\/product"}],"about":[{"href":"https:\/\/www.billigtrikotde.com\/fr\/wp-json\/wp\/v2\/types\/product"}],"replies":[{"embeddable":true,"href":"https:\/\/www.billigtrikotde.com\/fr\/wp-json\/wp\/v2\/comments?post=8932"}],"wp:featuredmedia":[{"embeddable":true,"href":"https:\/\/www.billigtrikotde.com\/fr\/wp-json\/wp\/v2\/media\/8971"}],"wp:attachment":[{"href":"https:\/\/www.billigtrikotde.com\/fr\/wp-json\/wp\/v2\/media?parent=8932"}],"wp:term":[{"taxonomy":"product_brand","embeddable":true,"href":"https:\/\/www.billigtrikotde.com\/fr\/wp-json\/wp\/v2\/product_brand?post=8932"},{"taxonomy":"product_cat","embeddable":true,"href":"https:\/\/www.billigtrikotde.com\/fr\/wp-json\/wp\/v2\/product_cat?post=8932"},{"taxonomy":"product_tag","embeddable":true,"href":"https:\/\/www.billigtrikotde.com\/fr\/wp-json\/wp\/v2\/product_tag?post=8932"}],"curies":[{"name":"wp","href":"https:\/\/api.w.org\/{rel}","templated":true}]}}