{"id":8900,"date":"2024-10-24T01:59:48","date_gmt":"2024-10-23T23:59:48","guid":{"rendered":"http:\/\/billigtrikots.com\/?post_type=product&#038;p=8900"},"modified":"2024-10-24T02:01:58","modified_gmt":"2024-10-24T00:01:58","slug":"belgien-wm-2022-heimtrikot-rot-schwarz-kurzarm-kurze-hosen-castagne-21","status":"publish","type":"product","link":"https:\/\/www.billigtrikotde.com\/fr\/belgien-wm-2022-heimtrikot-rot-schwarz-kurzarm-kurze-hosen-castagne-21\/","title":{"rendered":"Belgique Coupe du Monde 2022 Maillot domicile rouge noir manches courtes + short CASTAGNE 21"},"content":{"rendered":"<p>Cette \u00e9quipe promet d'allumer un v\u00e9ritable feu d'artifice footballistique lors du plus grand tournoi du monde. Le maillot domicile de la Belgique est inspir\u00e9 par le surnom de l'\u00e9quipe nationale et vient avec des flammes rouges et jaunes sur les manches noires. La version fan assure une sensation de port agr\u00e9ablement s\u00e8che gr\u00e2ce \u00e0 AEROREADY qui absorbe l'humidit\u00e9 et \u00e0 des inserts en mesh. De plus, le logo \u00e0 trois bandes et le logo tiss\u00e9 de l'association belge de football d\u00e9gagent une ambiance moderne.<\/p>\n<p>Conseils pour l'impression : Si le nom et le num\u00e9ro figurant sur l'image correspondent exactement \u00e0 ce que vous souhaitez, vous ne devez pas les saisir \u00e0 nouveau. Si ce n'est pas le cas, vous devez saisir le nom et le num\u00e9ro que vous souhaitez.<\/p>\n<p>Conseils pour le lavage : Il est recommand\u00e9 de laver les maillots de football \u00e0 la main. Si vous souhaitez utiliser la machine \u00e0 laver, pensez \u00e0 retourner les maillots de football avant de les laver. Remplissez la machine avec de l'eau froide et utilisez un cycle de lavage d\u00e9licat pour mieux prot\u00e9ger les couleurs.<\/p>","protected":false},"excerpt":{"rendered":"<p>Cette \u00e9quipe promet d'allumer un v\u00e9ritable feu d'artifice footballistique lors du plus grand tournoi du monde. Le maillot domicile de la Belgique est inspir\u00e9 par le surnom de l'\u00e9quipe nationale et vient avec des flammes rouges et jaunes sur les manches noires. La version fan assure une sensation de port agr\u00e9ablement s\u00e8che gr\u00e2ce \u00e0 AEROREADY qui absorbe l'humidit\u00e9 et \u00e0 des inserts en mesh. De plus, le logo \u00e0 trois bandes et le logo tiss\u00e9 de l'association belge de football d\u00e9gagent une ambiance moderne.<\/p>","protected":false},"featured_media":8938,"comment_status":"open","ping_status":"closed","template":"","meta":[],"product_brand":[],"product_cat":[173],"product_tag":[382,120,20,21,22,23,24],"class_list":{"0":"post-8900","1":"product","2":"type-product","3":"status-publish","4":"has-post-thumbnail","6":"product_cat-belgien-trikots","7":"product_tag-belgien-heimtrikot","8":"product_tag-belgien-trikots","9":"product_tag-coole-fussballtrikots","10":"product_tag-fussballtrikot-fuer-herren","11":"product_tag-fussballtrikot-guenstig-kaufen","12":"product_tag-fussballtrikot-kurzarm","13":"product_tag-guenstiges-fussballtrikot","15":"first","16":"instock","17":"shipping-taxable","18":"purchasable","19":"product-type-variable"},"_links":{"self":[{"href":"https:\/\/www.billigtrikotde.com\/fr\/wp-json\/wp\/v2\/product\/8900","targetHints":{"allow":["GET"]}}],"collection":[{"href":"https:\/\/www.billigtrikotde.com\/fr\/wp-json\/wp\/v2\/product"}],"about":[{"href":"https:\/\/www.billigtrikotde.com\/fr\/wp-json\/wp\/v2\/types\/product"}],"replies":[{"embeddable":true,"href":"https:\/\/www.billigtrikotde.com\/fr\/wp-json\/wp\/v2\/comments?post=8900"}],"wp:featuredmedia":[{"embeddable":true,"href":"https:\/\/www.billigtrikotde.com\/fr\/wp-json\/wp\/v2\/media\/8938"}],"wp:attachment":[{"href":"https:\/\/www.billigtrikotde.com\/fr\/wp-json\/wp\/v2\/media?parent=8900"}],"wp:term":[{"taxonomy":"product_brand","embeddable":true,"href":"https:\/\/www.billigtrikotde.com\/fr\/wp-json\/wp\/v2\/product_brand?post=8900"},{"taxonomy":"product_cat","embeddable":true,"href":"https:\/\/www.billigtrikotde.com\/fr\/wp-json\/wp\/v2\/product_cat?post=8900"},{"taxonomy":"product_tag","embeddable":true,"href":"https:\/\/www.billigtrikotde.com\/fr\/wp-json\/wp\/v2\/product_tag?post=8900"}],"curies":[{"name":"wp","href":"https:\/\/api.w.org\/{rel}","templated":true}]}}