{"id":8758,"date":"2024-10-24T01:52:46","date_gmt":"2024-10-23T23:52:46","guid":{"rendered":"http:\/\/billigtrikots.com\/?post_type=product&#038;p=8758"},"modified":"2024-10-24T01:54:55","modified_gmt":"2024-10-23T23:54:55","slug":"kinder-fussball-trikot-spanien-wm-2022-auswaertstrikot-hellblaue-trikotsatz-gavi-9","status":"publish","type":"product","link":"https:\/\/www.billigtrikotde.com\/fr\/kinder-fussball-trikot-spanien-wm-2022-auswaertstrikot-hellblaue-trikotsatz-gavi-9\/","title":{"rendered":"Maillot de football enfant Espagne Coupe du Monde 2022 Maillot ext\u00e9rieur Bleu clair Ensemble de maillots GAVI 9"},"content":{"rendered":"<p>Am\u00e9liorer le maillot ext\u00e9rieur de l'\u00e9quipe nationale espagnole pour la Coupe du Monde 2022 en utilisant les \u00e9l\u00e9ments existants. Le maillot est bleu clair et pr\u00e9sente un motif ondul\u00e9 et un motif \u00e0 rayures, tous deux utilisant des d\u00e9grad\u00e9s pour donner l'impression de mouvement. lorsque la couleur de fond est devenue nettement plus sombre, les vagues ont \u00e9t\u00e9 compl\u00e8tement retir\u00e9es et le d\u00e9grad\u00e9 de fines rayures a \u00e9t\u00e9 prolong\u00e9. Le drapeau espagnol se retrouve dans le passe-poil au niveau de l'encolure en V et sur les poignets.<\/p>\n<p>Conseils pour l'impression : Si le nom et le num\u00e9ro figurant sur l'image correspondent exactement \u00e0 ce que vous souhaitez, vous ne devez pas les saisir \u00e0 nouveau. Si ce n'est pas le cas, vous devez saisir le nom et le num\u00e9ro que vous souhaitez.<\/p>\n<p>Conseils pour le lavage : Il est recommand\u00e9 de laver les maillots de football \u00e0 la main. Si vous souhaitez utiliser la machine \u00e0 laver, pensez \u00e0 retourner les maillots de football avant de les laver. Remplissez la machine avec de l'eau froide et utilisez un cycle de lavage d\u00e9licat pour mieux prot\u00e9ger les couleurs.<\/p>","protected":false},"excerpt":{"rendered":"<p>Das Ausw\u00e4rtstrikot der spanischen Nationalmannschaft f\u00fcr die WM 2022 zu verbessern und dabei die vorhandenen Elemente zu verwenden. Das Trikot ist hellblau und hat ein Wellen- und ein Linienmuster, die beide Farbverl\u00e4ufe nutzen, um den Eindruck von Bewegung zu erzeugen.bei dem die Grundfarbe deutlich dunkler wurde, die Wellen ganz entfernt wurden und der Nadelstreifenverlauf verl\u00e4ngert [&hellip;]<\/p>","protected":false},"featured_media":8798,"comment_status":"open","ping_status":"closed","template":"","meta":[],"product_brand":[],"product_cat":[131],"product_tag":[20,21,22,23,24,359],"class_list":{"0":"post-8758","1":"product","2":"type-product","3":"status-publish","4":"has-post-thumbnail","6":"product_cat-spanien-trikots","7":"product_tag-coole-fussballtrikots","8":"product_tag-fussballtrikot-fuer-herren","9":"product_tag-fussballtrikot-guenstig-kaufen","10":"product_tag-fussballtrikot-kurzarm","11":"product_tag-guenstiges-fussballtrikot","12":"product_tag-spanien-wm-2022-auswaertstrikot","14":"first","15":"instock","16":"shipping-taxable","17":"purchasable","18":"product-type-variable"},"_links":{"self":[{"href":"https:\/\/www.billigtrikotde.com\/fr\/wp-json\/wp\/v2\/product\/8758","targetHints":{"allow":["GET"]}}],"collection":[{"href":"https:\/\/www.billigtrikotde.com\/fr\/wp-json\/wp\/v2\/product"}],"about":[{"href":"https:\/\/www.billigtrikotde.com\/fr\/wp-json\/wp\/v2\/types\/product"}],"replies":[{"embeddable":true,"href":"https:\/\/www.billigtrikotde.com\/fr\/wp-json\/wp\/v2\/comments?post=8758"}],"wp:featuredmedia":[{"embeddable":true,"href":"https:\/\/www.billigtrikotde.com\/fr\/wp-json\/wp\/v2\/media\/8798"}],"wp:attachment":[{"href":"https:\/\/www.billigtrikotde.com\/fr\/wp-json\/wp\/v2\/media?parent=8758"}],"wp:term":[{"taxonomy":"product_brand","embeddable":true,"href":"https:\/\/www.billigtrikotde.com\/fr\/wp-json\/wp\/v2\/product_brand?post=8758"},{"taxonomy":"product_cat","embeddable":true,"href":"https:\/\/www.billigtrikotde.com\/fr\/wp-json\/wp\/v2\/product_cat?post=8758"},{"taxonomy":"product_tag","embeddable":true,"href":"https:\/\/www.billigtrikotde.com\/fr\/wp-json\/wp\/v2\/product_tag?post=8758"}],"curies":[{"name":"wp","href":"https:\/\/api.w.org\/{rel}","templated":true}]}}