{"id":8710,"date":"2024-10-24T01:50:25","date_gmt":"2024-10-23T23:50:25","guid":{"rendered":"http:\/\/billigtrikots.com\/?post_type=product&#038;p=8710"},"modified":"2024-10-24T01:52:38","modified_gmt":"2024-10-23T23:52:38","slug":"herren-spanien-wm-2022-heimtrikot-teampower-rot-trikotsatz-kit-online-kaufen-david-villa-7","status":"publish","type":"product","link":"https:\/\/www.billigtrikotde.com\/fr\/herren-spanien-wm-2022-heimtrikot-teampower-rot-trikotsatz-kit-online-kaufen-david-villa-7\/","title":{"rendered":"Hommes Espagne Coupe du Monde 2022 \u00e0 domicile Teampower Rouge Kit Maillot Acheter en ligne DAVID VILLA 7"},"content":{"rendered":"<p>Un pays, une \u00e9quipe, un objectif commun : le prochain titre. Ce maillot domicile intemporel regorge de l'ADN du football espagnol et arbore les couleurs rouges typiques de l'\u00e9quipe. Le logo tiss\u00e9 de la F\u00e9d\u00e9ration espagnole de football et le logo aux trois bandes sur la poitrine compl\u00e8tent le design. De plus, la technologie AEROREADY, qui absorbe l'humidit\u00e9, assure un confort optimal lorsque les supporters vibrent pour le plus grand \u00e9v\u00e9nement footballistique du monde.<br \/>\n\u00c9largis ta collection de maillots de l'Espagne avec le maillot domicile que portent les joueurs lors de la Coupe du monde. Nous te recommandons ce mod\u00e8le qui \u00e9vacue la transpiration, super confortable et respirant, et qui est tr\u00e8s agr\u00e9able \u00e0 porter. Avec ce maillot, tu peux te pr\u00e9parer id\u00e9alement pour ton prochain adversaire. Il se distingue visuellement par le logo de la f\u00e9d\u00e9ration sur la poitrine.<\/p>\n<p>Conseils pour l'impression : Si le nom et le num\u00e9ro figurant sur l'image correspondent exactement \u00e0 ce que vous souhaitez, vous ne devez pas les saisir \u00e0 nouveau. Si ce n'est pas le cas, vous devez saisir le nom et le num\u00e9ro que vous souhaitez.<\/p>\n<p>Conseils pour le lavage : Il est recommand\u00e9 de laver les maillots de football \u00e0 la main. Si vous souhaitez utiliser la machine \u00e0 laver, pensez \u00e0 retourner les maillots de football avant de les laver. Remplissez la machine avec de l'eau froide et utilisez un cycle de lavage d\u00e9licat pour mieux prot\u00e9ger les couleurs.<\/p>","protected":false},"excerpt":{"rendered":"<p>Un pays, une \u00e9quipe, un objectif commun : le prochain titre. Ce maillot domicile intemporel respire l'ADN du football espagnol et est dans les couleurs rouges typiques de l'\u00e9quipe. Le logo tiss\u00e9 de la f\u00e9d\u00e9ration espagnole de football et le logo \u00e0 3 bandes sur la poitrine compl\u00e8tent le design. De plus, la technologie absorbante d'humidit\u00e9 AEROREADY garantit un confort agr\u00e9able lors du portage, lorsque [...]<\/p>","protected":false},"featured_media":8750,"comment_status":"open","ping_status":"closed","template":"","meta":[],"product_brand":[],"product_cat":[131],"product_tag":[20,21,22,23,24,385,386],"class_list":{"0":"post-8710","1":"product","2":"type-product","3":"status-publish","4":"has-post-thumbnail","6":"product_cat-spanien-trikots","7":"product_tag-coole-fussballtrikots","8":"product_tag-fussballtrikot-fuer-herren","9":"product_tag-fussballtrikot-guenstig-kaufen","10":"product_tag-fussballtrikot-kurzarm","11":"product_tag-guenstiges-fussballtrikot","12":"product_tag-herren-spanien-trikot","13":"product_tag-spanien-wm-2022-heimtrikot","15":"first","16":"instock","17":"shipping-taxable","18":"purchasable","19":"product-type-variable"},"_links":{"self":[{"href":"https:\/\/www.billigtrikotde.com\/fr\/wp-json\/wp\/v2\/product\/8710","targetHints":{"allow":["GET"]}}],"collection":[{"href":"https:\/\/www.billigtrikotde.com\/fr\/wp-json\/wp\/v2\/product"}],"about":[{"href":"https:\/\/www.billigtrikotde.com\/fr\/wp-json\/wp\/v2\/types\/product"}],"replies":[{"embeddable":true,"href":"https:\/\/www.billigtrikotde.com\/fr\/wp-json\/wp\/v2\/comments?post=8710"}],"wp:featuredmedia":[{"embeddable":true,"href":"https:\/\/www.billigtrikotde.com\/fr\/wp-json\/wp\/v2\/media\/8750"}],"wp:attachment":[{"href":"https:\/\/www.billigtrikotde.com\/fr\/wp-json\/wp\/v2\/media?parent=8710"}],"wp:term":[{"taxonomy":"product_brand","embeddable":true,"href":"https:\/\/www.billigtrikotde.com\/fr\/wp-json\/wp\/v2\/product_brand?post=8710"},{"taxonomy":"product_cat","embeddable":true,"href":"https:\/\/www.billigtrikotde.com\/fr\/wp-json\/wp\/v2\/product_cat?post=8710"},{"taxonomy":"product_tag","embeddable":true,"href":"https:\/\/www.billigtrikotde.com\/fr\/wp-json\/wp\/v2\/product_tag?post=8710"}],"curies":[{"name":"wp","href":"https:\/\/api.w.org\/{rel}","templated":true}]}}