{"id":8682,"date":"2024-10-24T01:49:09","date_gmt":"2024-10-23T23:49:09","guid":{"rendered":"http:\/\/billigtrikots.com\/?post_type=product&#038;p=8682"},"modified":"2024-10-24T01:51:27","modified_gmt":"2024-10-23T23:51:27","slug":"herren-spanien-wm-2022-23-auswaertstrikot-trikotsatz-mit-aufdruck-gavi-9","status":"publish","type":"product","link":"https:\/\/www.billigtrikotde.com\/fr\/herren-spanien-wm-2022-23-auswaertstrikot-trikotsatz-mit-aufdruck-gavi-9\/","title":{"rendered":"Hommes Espagne Coupe du Monde 2022-23 Jeu de maillots ext\u00e9rieurs avec impression GAVI 9"},"content":{"rendered":"<p>Pr\u00eat \u00e0 monter sur le tr\u00f4ne du football. Le graphisme l\u00e9g\u00e8rement ondul\u00e9 sur ce maillot adidas pour enfants et adolescents est une allusion au logo Art d\u00e9co qui a accueilli les \u00e9quipes qualifi\u00e9es en 1982 en Espagne. Le design est compl\u00e9t\u00e9 par le logo de la f\u00e9d\u00e9ration espagnole tiss\u00e9 dans la nouvelle identit\u00e9 et le logo \u00e0 3 bandes adidas centr\u00e9 sur la poitrine. Et pour que vous puissiez l\u2019encourager confortablement, la version fan avec la technologie AEROREADY qui absorbe l\u2019humidit\u00e9 offre un port sec.<\/p>\n<p>Conseils pour l'impression : Si le nom et le num\u00e9ro figurant sur l'image correspondent exactement \u00e0 ce que vous souhaitez, vous ne devez pas les saisir \u00e0 nouveau. Si ce n'est pas le cas, vous devez saisir le nom et le num\u00e9ro que vous souhaitez.<\/p>\n<p>Conseils pour le lavage : Il est recommand\u00e9 de laver les maillots de football \u00e0 la main. Si vous souhaitez utiliser la machine \u00e0 laver, pensez \u00e0 retourner les maillots de football avant de les laver. Remplissez la machine avec de l'eau froide et utilisez un cycle de lavage d\u00e9licat pour mieux prot\u00e9ger les couleurs.<\/p>","protected":false},"excerpt":{"rendered":"<p>Bereit, den Fu\u00dfballthron zu besteigen. Die sanft gewellte Grafik auf diesem adidas Trikot f\u00fcr Kinder und Teens ist eine Anspielung auf das Art-d\u00e9co-Logo, das die qualifizierten Teams 1982 in Spanien willkommen hie\u00df. Erg\u00e4nzt wird das Design durch das gewebte spanische Verbandslogo im neuen Look und das adidas 3-Streifen Logo mittig auf der Brust. Und damit [&hellip;]<\/p>","protected":false},"featured_media":8716,"comment_status":"open","ping_status":"closed","template":"","meta":[],"product_brand":[],"product_cat":[131],"product_tag":[20,21,22,23,24,359],"class_list":{"0":"post-8682","1":"product","2":"type-product","3":"status-publish","4":"has-post-thumbnail","6":"product_cat-spanien-trikots","7":"product_tag-coole-fussballtrikots","8":"product_tag-fussballtrikot-fuer-herren","9":"product_tag-fussballtrikot-guenstig-kaufen","10":"product_tag-fussballtrikot-kurzarm","11":"product_tag-guenstiges-fussballtrikot","12":"product_tag-spanien-wm-2022-auswaertstrikot","14":"first","15":"instock","16":"shipping-taxable","17":"purchasable","18":"product-type-variable"},"_links":{"self":[{"href":"https:\/\/www.billigtrikotde.com\/fr\/wp-json\/wp\/v2\/product\/8682","targetHints":{"allow":["GET"]}}],"collection":[{"href":"https:\/\/www.billigtrikotde.com\/fr\/wp-json\/wp\/v2\/product"}],"about":[{"href":"https:\/\/www.billigtrikotde.com\/fr\/wp-json\/wp\/v2\/types\/product"}],"replies":[{"embeddable":true,"href":"https:\/\/www.billigtrikotde.com\/fr\/wp-json\/wp\/v2\/comments?post=8682"}],"wp:featuredmedia":[{"embeddable":true,"href":"https:\/\/www.billigtrikotde.com\/fr\/wp-json\/wp\/v2\/media\/8716"}],"wp:attachment":[{"href":"https:\/\/www.billigtrikotde.com\/fr\/wp-json\/wp\/v2\/media?parent=8682"}],"wp:term":[{"taxonomy":"product_brand","embeddable":true,"href":"https:\/\/www.billigtrikotde.com\/fr\/wp-json\/wp\/v2\/product_brand?post=8682"},{"taxonomy":"product_cat","embeddable":true,"href":"https:\/\/www.billigtrikotde.com\/fr\/wp-json\/wp\/v2\/product_cat?post=8682"},{"taxonomy":"product_tag","embeddable":true,"href":"https:\/\/www.billigtrikotde.com\/fr\/wp-json\/wp\/v2\/product_tag?post=8682"}],"curies":[{"name":"wp","href":"https:\/\/api.w.org\/{rel}","templated":true}]}}