{"id":8670,"date":"2024-10-24T01:48:33","date_gmt":"2024-10-23T23:48:33","guid":{"rendered":"http:\/\/billigtrikots.com\/?post_type=product&#038;p=8670"},"modified":"2024-10-24T01:50:51","modified_gmt":"2024-10-23T23:50:51","slug":"kindertrikot-brasilien-wm-2022-auswaertstrikot-blaue-weiss-kurzarm-trainingsanzug-richarlison-9","status":"publish","type":"product","link":"https:\/\/www.billigtrikotde.com\/fr\/kindertrikot-brasilien-wm-2022-auswaertstrikot-blaue-weiss-kurzarm-trainingsanzug-richarlison-9\/","title":{"rendered":"Maillot enfant Br\u00e9sil Coupe du Monde 2022 Away bleu blanc manches courtes surv\u00eatement RICHARLISON 9"},"content":{"rendered":"<p>Ceci est le maillot ext\u00e9rieur de la Coupe du Monde de football 2022 du Br\u00e9sil de Nike. Le maillot ext\u00e9rieur Nike du Br\u00e9sil pour la Coupe du Monde 2022 combine une couleur de fond bleue avec un swoosh vert clair. Les couleurs officielles sont \u00ab Paramount Blue\/Dynamic Yellow\/Green Spark \u00bb.<\/p>\n<p>Conseils pour l'impression : Si le nom et le num\u00e9ro figurant sur l'image correspondent exactement \u00e0 ce que vous souhaitez, vous ne devez pas les saisir \u00e0 nouveau. Si ce n'est pas le cas, vous devez saisir le nom et le num\u00e9ro que vous souhaitez.<\/p>\n<p>Conseils pour le lavage : Il est recommand\u00e9 de laver les maillots de football \u00e0 la main. Si vous souhaitez utiliser la machine \u00e0 laver, pensez \u00e0 retourner les maillots de football avant de les laver. Remplissez la machine avec de l'eau froide et utilisez un cycle de lavage d\u00e9licat pour mieux prot\u00e9ger les couleurs.<\/p>","protected":false},"excerpt":{"rendered":"<p>Ceci est le maillot ext\u00e9rieur de la Coupe du Monde de football 2022 du Br\u00e9sil de Nike. Le maillot ext\u00e9rieur Nike Br\u00e9sil 2022 de la Coupe du Monde combine une couleur de fond bleue avec un swoosh vert clair. Les couleurs officielles sont \u00ab Paramount Blue\/Dynamic Yellow\/Green Spark \u00bb. Conseils pour l'impression : si le nom et le num\u00e9ro sur l'image correspondent exactement \u00e0 vos souhaits, vous n'avez pas besoin de les saisir \u00e0 nouveau. Sinon, [...]<\/p>","protected":false},"featured_media":8704,"comment_status":"open","ping_status":"closed","template":"","meta":[],"product_brand":[],"product_cat":[112],"product_tag":[20,210,114,222,21,22,23,24],"class_list":{"0":"post-8670","1":"product","2":"type-product","3":"status-publish","4":"has-post-thumbnail","6":"product_cat-brasilien-trikots","7":"product_tag-coole-fussballtrikots","8":"product_tag-brasilien-auswaertstrikot","9":"product_tag-brasilien-trikots","10":"product_tag-fussball-wm-2022-trikots","11":"product_tag-fussballtrikot-fuer-herren","12":"product_tag-fussballtrikot-guenstig-kaufen","13":"product_tag-fussballtrikot-kurzarm","14":"product_tag-guenstiges-fussballtrikot","16":"first","17":"instock","18":"shipping-taxable","19":"purchasable","20":"product-type-variable"},"_links":{"self":[{"href":"https:\/\/www.billigtrikotde.com\/fr\/wp-json\/wp\/v2\/product\/8670","targetHints":{"allow":["GET"]}}],"collection":[{"href":"https:\/\/www.billigtrikotde.com\/fr\/wp-json\/wp\/v2\/product"}],"about":[{"href":"https:\/\/www.billigtrikotde.com\/fr\/wp-json\/wp\/v2\/types\/product"}],"replies":[{"embeddable":true,"href":"https:\/\/www.billigtrikotde.com\/fr\/wp-json\/wp\/v2\/comments?post=8670"}],"wp:featuredmedia":[{"embeddable":true,"href":"https:\/\/www.billigtrikotde.com\/fr\/wp-json\/wp\/v2\/media\/8704"}],"wp:attachment":[{"href":"https:\/\/www.billigtrikotde.com\/fr\/wp-json\/wp\/v2\/media?parent=8670"}],"wp:term":[{"taxonomy":"product_brand","embeddable":true,"href":"https:\/\/www.billigtrikotde.com\/fr\/wp-json\/wp\/v2\/product_brand?post=8670"},{"taxonomy":"product_cat","embeddable":true,"href":"https:\/\/www.billigtrikotde.com\/fr\/wp-json\/wp\/v2\/product_cat?post=8670"},{"taxonomy":"product_tag","embeddable":true,"href":"https:\/\/www.billigtrikotde.com\/fr\/wp-json\/wp\/v2\/product_tag?post=8670"}],"curies":[{"name":"wp","href":"https:\/\/api.w.org\/{rel}","templated":true}]}}