{"id":8598,"date":"2024-10-24T01:45:00","date_gmt":"2024-10-23T23:45:00","guid":{"rendered":"http:\/\/billigtrikots.com\/?post_type=product&#038;p=8598"},"modified":"2024-10-24T01:47:15","modified_gmt":"2024-10-23T23:47:15","slug":"herren-manchester-city-3rd-trikot-2022-23-gelb-fluo-fussballtrikots-set","status":"publish","type":"product","link":"https:\/\/www.billigtrikotde.com\/fr\/herren-manchester-city-3rd-trikot-2022-23-gelb-fluo-fussballtrikots-set\/","title":{"rendered":"Maillot third Manchester City homme 2022\/23 jaune fluo ensemble de maillots"},"content":{"rendered":"<p>La soci\u00e9t\u00e9 sportive mondiale PUMA a pr\u00e9sent\u00e9 le maillot d\u2019\u00e9cartement de Manchester City 2022\/23 dans le cadre de sa toute premi\u00e8re introduction de maillots m\u00e9tavers. Le nouveau maillot vif a \u00e9t\u00e9 d\u00e9voil\u00e9 pour la premi\u00e8re fois sur Roblox et a offert aux joueurs la possibilit\u00e9 d\u2019explorer et d\u2019interagir avec le nouveau maillot dans l\u2019exp\u00e9rience PUMA et le pays des jeux. Le nouveau maillot d\u2019\u00e9cartement, d\u00e9voil\u00e9 dans l\u2019exp\u00e9rience, c\u00e9l\u00e8bre la cr\u00e9ativit\u00e9 de Manchester avec une palette de couleurs Fizzy Light et Parisian Night et des d\u00e9tails audacieux inspir\u00e9s par le street art de la ville.<br \/>\nL\u2019\u00e9v\u00e9nement m\u00e9taverse sp\u00e9cial propose une re-skinisation de Manchester City dans le hall et le stade actuels sous PUMA et le pays des jeux, et pour une p\u00e9riode limit\u00e9e, l\u2019exp\u00e9rience comprendra les maillots domicile et away de Manchester City. L\u2019\u00e9v\u00e9nement apportera \u00e9galement de nouveaux articles de marchandise cr\u00e9\u00e9s par la communaut\u00e9, de nouveaux articles In-Experience, des articles Layered Clothing et des mises \u00e0 jour sur des activit\u00e9s pr\u00e9sent\u00e9es. Dans le cadre du lancement, un portail sera ouvert entre l\u2019exp\u00e9rience Blue Moon de Man City sur Roblox, offrant aux visiteurs la possibilit\u00e9 de gagner un objet gratuit lors de la visite des deux exp\u00e9riences.<\/p>\n<p>Conseils pour l'impression : Si le nom et le num\u00e9ro figurant sur l'image correspondent exactement \u00e0 ce que vous souhaitez, vous ne devez pas les saisir \u00e0 nouveau. Si ce n'est pas le cas, vous devez saisir le nom et le num\u00e9ro que vous souhaitez.<\/p>\n<p>Conseils pour le lavage : Il est recommand\u00e9 de laver les maillots de football \u00e0 la main. Si vous souhaitez utiliser la machine \u00e0 laver, pensez \u00e0 retourner les maillots de football avant de les laver. Remplissez la machine avec de l'eau froide et utilisez un cycle de lavage d\u00e9licat pour mieux prot\u00e9ger les couleurs.<\/p>","protected":false},"excerpt":{"rendered":"<p>Das globale Sportunternehmen PUMA hat das Manchester-City-Ausweichtrikot 2022\/23 im Rahmen seiner allerersten Einf\u00fchrung von Metaverse-Trikots vorgestellt. Das lebhafte neue Kit wurde zum ersten Mal auf Roblox enth\u00fcllt und gab den Spielern die M\u00f6glichkeit, das neue Kit in der Erfahrung von PUMA und dem Land der Spiele zu erkunden und mit ihm zu interagieren. Das neue [&hellip;]<\/p>","protected":false},"featured_media":8632,"comment_status":"open","ping_status":"closed","template":"","meta":[],"product_brand":[],"product_cat":[82],"product_tag":[20,21,22,24,334,273,337,84],"class_list":{"0":"post-8598","1":"product","2":"type-product","3":"status-publish","4":"has-post-thumbnail","6":"product_cat-manchester-city","7":"product_tag-coole-fussballtrikots","8":"product_tag-fussballtrikot-fuer-herren","9":"product_tag-fussballtrikot-guenstig-kaufen","10":"product_tag-guenstiges-fussballtrikot","11":"product_tag-manchester-city-torwarttrikot","12":"product_tag-manchester-city-trikot-22-23","13":"product_tag-manchester-city-trikot-away","14":"product_tag-manchester-city-trikots","16":"first","17":"instock","18":"shipping-taxable","19":"purchasable","20":"product-type-variable"},"_links":{"self":[{"href":"https:\/\/www.billigtrikotde.com\/fr\/wp-json\/wp\/v2\/product\/8598","targetHints":{"allow":["GET"]}}],"collection":[{"href":"https:\/\/www.billigtrikotde.com\/fr\/wp-json\/wp\/v2\/product"}],"about":[{"href":"https:\/\/www.billigtrikotde.com\/fr\/wp-json\/wp\/v2\/types\/product"}],"replies":[{"embeddable":true,"href":"https:\/\/www.billigtrikotde.com\/fr\/wp-json\/wp\/v2\/comments?post=8598"}],"wp:featuredmedia":[{"embeddable":true,"href":"https:\/\/www.billigtrikotde.com\/fr\/wp-json\/wp\/v2\/media\/8632"}],"wp:attachment":[{"href":"https:\/\/www.billigtrikotde.com\/fr\/wp-json\/wp\/v2\/media?parent=8598"}],"wp:term":[{"taxonomy":"product_brand","embeddable":true,"href":"https:\/\/www.billigtrikotde.com\/fr\/wp-json\/wp\/v2\/product_brand?post=8598"},{"taxonomy":"product_cat","embeddable":true,"href":"https:\/\/www.billigtrikotde.com\/fr\/wp-json\/wp\/v2\/product_cat?post=8598"},{"taxonomy":"product_tag","embeddable":true,"href":"https:\/\/www.billigtrikotde.com\/fr\/wp-json\/wp\/v2\/product_tag?post=8598"}],"curies":[{"name":"wp","href":"https:\/\/api.w.org\/{rel}","templated":true}]}}