{"id":8552,"date":"2024-10-24T01:42:39","date_gmt":"2024-10-23T23:42:39","guid":{"rendered":"http:\/\/billigtrikots.com\/?post_type=product&#038;p=8552"},"modified":"2024-10-24T01:44:54","modified_gmt":"2024-10-23T23:44:54","slug":"herren-manchester-city-trikot-away-2022-2023-schwarz-rot-mit-aufdruck-bernardo-20","status":"publish","type":"product","link":"https:\/\/www.billigtrikotde.com\/fr\/herren-manchester-city-trikot-away-2022-2023-schwarz-rot-mit-aufdruck-bernardo-20\/","title":{"rendered":"Hommes Manchester City Maillot Away 2022\/2023 noir rouge avec impression BERNARDO 20"},"content":{"rendered":"<p>La ville a organis\u00e9 un spectacle. Lorsque la promotion de 1969 est descendue dans la rue, elle a fait sensation avec son football audacieux, techniquement comp\u00e9tent \u2013 et son nouveau maillot ext\u00e9rieur courageux et brillant. Les rayures verticales en rouge et noir con\u00e7ues par le l\u00e9gendaire Malcolm Allison se sont r\u00e9v\u00e9l\u00e9es victorieuses lors de la finale de la FA Cup 1969 et des finales de la Coupe de la Ligue et de la Coupe des vainqueurs de coupe 1970, et ont m\u00e9rit\u00e9 leur place parmi les favoris absolus des supporters. La saison 2022\/23 de Manchester City F.C. Le maillot ext\u00e9rieur insuffle une nouvelle \u00e9nergie \u00e0 un design classique. Pour la premi\u00e8re fois, des rayures rouges et noires traversent en diagonale le maillot, inspir\u00e9es du blason du club et de la repr\u00e9sentation des trois rivi\u00e8res de Manchester.<\/p>\n<p>Conseils pour l'impression : Si le nom et le num\u00e9ro figurant sur l'image correspondent exactement \u00e0 ce que vous souhaitez, vous ne devez pas les saisir \u00e0 nouveau. Si ce n'est pas le cas, vous devez saisir le nom et le num\u00e9ro que vous souhaitez.<\/p>\n<p>Conseils pour le lavage : Il est recommand\u00e9 de laver les maillots de football \u00e0 la main. Si vous souhaitez utiliser la machine \u00e0 laver, pensez \u00e0 retourner les maillots de football avant de les laver. Remplissez la machine avec de l'eau froide et utilisez un cycle de lavage d\u00e9licat pour mieux prot\u00e9ger les couleurs.<\/p>","protected":false},"excerpt":{"rendered":"<p>La ville a sorti un num\u00e9ro. Lorsque la promotion de 1969 est descendue dans la rue, elle a fait sensation avec son football audacieux et techniquement habile \u2014 et son nouvel away jersey courageux et brillant. Les rayures verticales en rouge et noir dessin\u00e9es par le l\u00e9gendaire Malcolm Allison se sont av\u00e9r\u00e9es d\u00e9cisives lors de la finale de la FA Cup 1969 et des finales du [\u2026]<\/p>","protected":false},"featured_media":8593,"comment_status":"open","ping_status":"closed","template":"","meta":[],"product_brand":[],"product_cat":[82],"product_tag":[20,21,22,333,24,334,273,337,84],"class_list":{"0":"post-8552","1":"product","2":"type-product","3":"status-publish","4":"has-post-thumbnail","6":"product_cat-manchester-city","7":"product_tag-coole-fussballtrikots","8":"product_tag-fussballtrikot-fuer-herren","9":"product_tag-fussballtrikot-guenstig-kaufen","10":"product_tag-fussballtrikot-langaermeliges","11":"product_tag-guenstiges-fussballtrikot","12":"product_tag-manchester-city-torwarttrikot","13":"product_tag-manchester-city-trikot-22-23","14":"product_tag-manchester-city-trikot-away","15":"product_tag-manchester-city-trikots","17":"first","18":"instock","19":"shipping-taxable","20":"purchasable","21":"product-type-variable"},"_links":{"self":[{"href":"https:\/\/www.billigtrikotde.com\/fr\/wp-json\/wp\/v2\/product\/8552","targetHints":{"allow":["GET"]}}],"collection":[{"href":"https:\/\/www.billigtrikotde.com\/fr\/wp-json\/wp\/v2\/product"}],"about":[{"href":"https:\/\/www.billigtrikotde.com\/fr\/wp-json\/wp\/v2\/types\/product"}],"replies":[{"embeddable":true,"href":"https:\/\/www.billigtrikotde.com\/fr\/wp-json\/wp\/v2\/comments?post=8552"}],"wp:featuredmedia":[{"embeddable":true,"href":"https:\/\/www.billigtrikotde.com\/fr\/wp-json\/wp\/v2\/media\/8593"}],"wp:attachment":[{"href":"https:\/\/www.billigtrikotde.com\/fr\/wp-json\/wp\/v2\/media?parent=8552"}],"wp:term":[{"taxonomy":"product_brand","embeddable":true,"href":"https:\/\/www.billigtrikotde.com\/fr\/wp-json\/wp\/v2\/product_brand?post=8552"},{"taxonomy":"product_cat","embeddable":true,"href":"https:\/\/www.billigtrikotde.com\/fr\/wp-json\/wp\/v2\/product_cat?post=8552"},{"taxonomy":"product_tag","embeddable":true,"href":"https:\/\/www.billigtrikotde.com\/fr\/wp-json\/wp\/v2\/product_tag?post=8552"}],"curies":[{"name":"wp","href":"https:\/\/api.w.org\/{rel}","templated":true}]}}