{"id":8530,"date":"2024-10-24T01:41:29","date_gmt":"2024-10-23T23:41:29","guid":{"rendered":"http:\/\/billigtrikots.com\/?post_type=product&#038;p=8530"},"modified":"2024-10-24T01:43:42","modified_gmt":"2024-10-23T23:43:42","slug":"england-auswaertstrikots-fuer-die-fussball-weltmeisterschaft-2022-rot-online-kaufen","status":"publish","type":"product","link":"https:\/\/www.billigtrikotde.com\/fr\/england-auswaertstrikots-fuer-die-fussball-weltmeisterschaft-2022-rot-online-kaufen\/","title":{"rendered":"Angleterre maillot ext\u00e9rieur de la Coupe du Monde de Football 2022 rouge Acheter en ligne"},"content":{"rendered":"<p>Ceci est le maillot ext\u00e9rieur de la Coupe du Monde FIFA 2022 de Nike pour l'Angleterre. Le maillot ext\u00e9rieur de l'\u00e9quipe nationale de football d'Angleterre 2022 de Nike est rouge, combin\u00e9 avec des logos et des \u00e9l\u00e9ments de design bleu marine et bleu clair. C'est le premier maillot ext\u00e9rieur principalement rouge de l'Angleterre depuis la Coupe du Monde 2018. Pantalons rouges et chaussettes compl\u00e8tent le maillot ext\u00e9rieur de l'Angleterre 2022 de Nike pour la Coupe du Monde.<\/p>\n<p>Conseils pour l'impression : Si le nom et le num\u00e9ro figurant sur l'image correspondent exactement \u00e0 ce que vous souhaitez, vous ne devez pas les saisir \u00e0 nouveau. Si ce n'est pas le cas, vous devez saisir le nom et le num\u00e9ro que vous souhaitez.<\/p>\n<p>Conseils pour le lavage : Il est recommand\u00e9 de laver les maillots de football \u00e0 la main. Si vous souhaitez utiliser la machine \u00e0 laver, pensez \u00e0 retourner les maillots de football avant de les laver. Remplissez la machine avec de l'eau froide et utilisez un cycle de lavage d\u00e9licat pour mieux prot\u00e9ger les couleurs.<\/p>","protected":false},"excerpt":{"rendered":"<p>Ceci est le maillot ext\u00e9rieur de la Coupe du Monde 2022 du Nike England. Le maillot ext\u00e9rieur de l'\u00e9quipe nationale de football d'Angleterre Nike 2022 est rouge, combin\u00e9 avec des logos et des \u00e9l\u00e9ments de design marine et ciel. C'est le premier maillot ext\u00e9rieur principal rouge de l'Angleterre depuis la Coupe du Monde 2018. Le short rouge et les chaussettes compl\u00e8tent le maillot ext\u00e9rieur pour la Coupe du Monde 2022 d'Angleterre par Nike. Conseils d'impression: si le nom [\u2026]<\/p>","protected":false},"featured_media":8570,"comment_status":"open","ping_status":"closed","template":"","meta":[],"product_brand":[],"product_cat":[115],"product_tag":[20,379,21,22,23,24],"class_list":{"0":"post-8530","1":"product","2":"type-product","3":"status-publish","4":"has-post-thumbnail","6":"product_cat-england-trikots","7":"product_tag-coole-fussballtrikots","8":"product_tag-england-wm-2022-auswaertstrikot","9":"product_tag-fussballtrikot-fuer-herren","10":"product_tag-fussballtrikot-guenstig-kaufen","11":"product_tag-fussballtrikot-kurzarm","12":"product_tag-guenstiges-fussballtrikot","14":"first","15":"instock","16":"shipping-taxable","17":"purchasable","18":"product-type-variable"},"_links":{"self":[{"href":"https:\/\/www.billigtrikotde.com\/fr\/wp-json\/wp\/v2\/product\/8530","targetHints":{"allow":["GET"]}}],"collection":[{"href":"https:\/\/www.billigtrikotde.com\/fr\/wp-json\/wp\/v2\/product"}],"about":[{"href":"https:\/\/www.billigtrikotde.com\/fr\/wp-json\/wp\/v2\/types\/product"}],"replies":[{"embeddable":true,"href":"https:\/\/www.billigtrikotde.com\/fr\/wp-json\/wp\/v2\/comments?post=8530"}],"wp:featuredmedia":[{"embeddable":true,"href":"https:\/\/www.billigtrikotde.com\/fr\/wp-json\/wp\/v2\/media\/8570"}],"wp:attachment":[{"href":"https:\/\/www.billigtrikotde.com\/fr\/wp-json\/wp\/v2\/media?parent=8530"}],"wp:term":[{"taxonomy":"product_brand","embeddable":true,"href":"https:\/\/www.billigtrikotde.com\/fr\/wp-json\/wp\/v2\/product_brand?post=8530"},{"taxonomy":"product_cat","embeddable":true,"href":"https:\/\/www.billigtrikotde.com\/fr\/wp-json\/wp\/v2\/product_cat?post=8530"},{"taxonomy":"product_tag","embeddable":true,"href":"https:\/\/www.billigtrikotde.com\/fr\/wp-json\/wp\/v2\/product_tag?post=8530"}],"curies":[{"name":"wp","href":"https:\/\/api.w.org\/{rel}","templated":true}]}}