{"id":8508,"date":"2024-10-24T01:40:20","date_gmt":"2024-10-23T23:40:20","guid":{"rendered":"http:\/\/billigtrikots.com\/?post_type=product&#038;p=8508"},"modified":"2024-10-24T01:42:32","modified_gmt":"2024-10-23T23:42:32","slug":"fussballtrikot-fuer-herren-belgien-wm-2022-auswaertstrikot-online-kaufen","status":"publish","type":"product","link":"https:\/\/www.billigtrikotde.com\/fr\/fussballtrikot-fuer-herren-belgien-wm-2022-auswaertstrikot-online-kaufen\/","title":{"rendered":"Maillot de foot homme Belgique Coupe du Monde 2022 Maillot ext\u00e9rieur Acheter en ligne"},"content":{"rendered":"<p>Ceci est le nouveau maillot ext\u00e9rieur de coupe du monde 2022 d'Adidas Belgium. Le maillot ext\u00e9rieur Adidas Belgium 2022 est principalement blanc avec des d\u00e9corations color\u00e9es sur le col, les manches, l'ourlet et les avant-bras. Le maillot s'inspire de la collection \u00ab LOVE \u00bb d'Adidas x Belgian FA x Tomorrowland et a la m\u00eame esth\u00e9tique. Les couleurs vives se retrouvent \u00e9galement sur le logo Adidas et l'embl\u00e8me de la FA belge. Les trois bandes sur les \u00e9paules du maillot ext\u00e9rieur Adidas Belgium 2022 World Cup sont gris clair et le mot \u00ab LOVE \u00bb est imprim\u00e9 en texte multicolore \u00e0 l'arri\u00e8re. Le short principal du maillot ext\u00e9rieur de Belgique 2022 est blanc, mais il existe aussi des shorts bleu fonc\u00e9.<\/p>\n<p>Conseils pour l'impression : Si le nom et le num\u00e9ro figurant sur l'image correspondent exactement \u00e0 ce que vous souhaitez, vous ne devez pas les saisir \u00e0 nouveau. Si ce n'est pas le cas, vous devez saisir le nom et le num\u00e9ro que vous souhaitez.<\/p>\n<p>Conseils pour le lavage : Il est recommand\u00e9 de laver les maillots de football \u00e0 la main. Si vous souhaitez utiliser la machine \u00e0 laver, pensez \u00e0 retourner les maillots de football avant de les laver. Remplissez la machine avec de l'eau froide et utilisez un cycle de lavage d\u00e9licat pour mieux prot\u00e9ger les couleurs.<\/p>","protected":false},"excerpt":{"rendered":"<p>Dies ist das neue Adidas Belgien WM-Ausw\u00e4rtstrikot f\u00fcr 2022.Das Adidas Belgium 2022 Ausw\u00e4rtstrikot ist \u00fcberwiegend wei\u00df mit bunten Verzierungen an Kragen, \u00c4rmeln, Saum und Unterarmen. Das Trikot ist von der Adidas x Belgian FA x Tomorrowland &#8222;LOVE&#8220;-Kollektion inspiriert und hat die gleiche \u00c4sthetik.Die leuchtenden Farben finden sich auch auf dem Adidas-Logo und dem belgischen FA-Abzeichen [&hellip;]<\/p>","protected":false},"featured_media":8547,"comment_status":"open","ping_status":"closed","template":"","meta":[],"product_brand":[],"product_cat":[173],"product_tag":[383,120,384,20,21,22,23,24],"class_list":{"0":"post-8508","1":"product","2":"type-product","3":"status-publish","4":"has-post-thumbnail","6":"product_cat-belgien-trikots","7":"product_tag-belgien-auswaertstrikot","8":"product_tag-belgien-trikots","9":"product_tag-belgien-wm-2022-auswaertstrikot","10":"product_tag-coole-fussballtrikots","11":"product_tag-fussballtrikot-fuer-herren","12":"product_tag-fussballtrikot-guenstig-kaufen","13":"product_tag-fussballtrikot-kurzarm","14":"product_tag-guenstiges-fussballtrikot","16":"first","17":"instock","18":"shipping-taxable","19":"purchasable","20":"product-type-variable"},"_links":{"self":[{"href":"https:\/\/www.billigtrikotde.com\/fr\/wp-json\/wp\/v2\/product\/8508","targetHints":{"allow":["GET"]}}],"collection":[{"href":"https:\/\/www.billigtrikotde.com\/fr\/wp-json\/wp\/v2\/product"}],"about":[{"href":"https:\/\/www.billigtrikotde.com\/fr\/wp-json\/wp\/v2\/types\/product"}],"replies":[{"embeddable":true,"href":"https:\/\/www.billigtrikotde.com\/fr\/wp-json\/wp\/v2\/comments?post=8508"}],"wp:featuredmedia":[{"embeddable":true,"href":"https:\/\/www.billigtrikotde.com\/fr\/wp-json\/wp\/v2\/media\/8547"}],"wp:attachment":[{"href":"https:\/\/www.billigtrikotde.com\/fr\/wp-json\/wp\/v2\/media?parent=8508"}],"wp:term":[{"taxonomy":"product_brand","embeddable":true,"href":"https:\/\/www.billigtrikotde.com\/fr\/wp-json\/wp\/v2\/product_brand?post=8508"},{"taxonomy":"product_cat","embeddable":true,"href":"https:\/\/www.billigtrikotde.com\/fr\/wp-json\/wp\/v2\/product_cat?post=8508"},{"taxonomy":"product_tag","embeddable":true,"href":"https:\/\/www.billigtrikotde.com\/fr\/wp-json\/wp\/v2\/product_tag?post=8508"}],"curies":[{"name":"wp","href":"https:\/\/api.w.org\/{rel}","templated":true}]}}