{"id":8504,"date":"2024-10-24T01:40:17","date_gmt":"2024-10-23T23:40:17","guid":{"rendered":"http:\/\/billigtrikots.com\/?post_type=product&#038;p=8504"},"modified":"2024-10-24T01:42:30","modified_gmt":"2024-10-23T23:42:30","slug":"herren-kroatien-2022-world-cup-heimtrikot-rot-weiss-blaue-fussballtrikots","status":"publish","type":"product","link":"https:\/\/www.billigtrikotde.com\/fr\/herren-kroatien-2022-world-cup-heimtrikot-rot-weiss-blaue-fussballtrikots\/","title":{"rendered":"Hommes Croatie 2022 Coupe du Monde \u00e0 domicile maillot de football rouge blanc bleu"},"content":{"rendered":"<p>Il y a des carr\u00e9s rouges du coin sup\u00e9rieur droit jusqu\u2019au milieu, mais pas dans la partie inf\u00e9rieure, ce qui cr\u00e9e l\u2019illusion d\u2019un drapeau qui flotte. Le Swoosh et le logo de Kroatie ne se trouvent pas au centre, mais \u00e0 droite\/gauche. MTN a \u00e9galement ajout\u00e9 quelques d\u00e9tails rouge-blanc-bleu au col et aux poignets des manches, qui s\u2019inspirent \u00e9galement du maillot de 1998.<\/p>\n<p>Conseils pour l'impression : Si le nom et le num\u00e9ro figurant sur l'image correspondent exactement \u00e0 ce que vous souhaitez, vous ne devez pas les saisir \u00e0 nouveau. Si ce n'est pas le cas, vous devez saisir le nom et le num\u00e9ro que vous souhaitez.<\/p>\n<p>Conseils pour le lavage : Il est recommand\u00e9 de laver les maillots de football \u00e0 la main. Si vous souhaitez utiliser la machine \u00e0 laver, pensez \u00e0 retourner les maillots de football avant de les laver. Remplissez la machine avec de l'eau froide et utilisez un cycle de lavage d\u00e9licat pour mieux prot\u00e9ger les couleurs.<\/p>","protected":false},"excerpt":{"rendered":"<p>Il y a des carr\u00e9s rouges du coin sup\u00e9rieur droit jusqu\u2019au milieu, mais pas dans la partie inf\u00e9rieure, ce qui cr\u00e9e l\u2019illusion d\u2019un drapeau qui flotte. Le Swoosh et le logo de Kroatie ne se trouvent pas au centre, mais \u00e0 droite\/gauche. MTN a \u00e9galement ajout\u00e9 quelques d\u00e9tails rouge-blanc-bleu au col et aux poignets des manches, qui s\u2019inspirent \u00e9galement du maillot de 1998.<\/p>","protected":false},"featured_media":8545,"comment_status":"open","ping_status":"closed","template":"","meta":[],"product_brand":[],"product_cat":[261],"product_tag":[20,35,21,22,23,24,381,263,264],"class_list":{"0":"post-8504","1":"product","2":"type-product","3":"status-publish","4":"has-post-thumbnail","6":"product_cat-kroatien-trikots","7":"product_tag-coole-fussballtrikots","8":"product_tag-fussball-torwarttrikots","9":"product_tag-fussballtrikot-fuer-herren","10":"product_tag-fussballtrikot-guenstig-kaufen","11":"product_tag-fussballtrikot-kurzarm","12":"product_tag-guenstiges-fussballtrikot","13":"product_tag-kroatien-2022-world-cup-heimtrikot","14":"product_tag-kroatien-trikot-herren","15":"product_tag-kroatien-trikots","17":"first","18":"instock","19":"shipping-taxable","20":"purchasable","21":"product-type-variable"},"_links":{"self":[{"href":"https:\/\/www.billigtrikotde.com\/fr\/wp-json\/wp\/v2\/product\/8504","targetHints":{"allow":["GET"]}}],"collection":[{"href":"https:\/\/www.billigtrikotde.com\/fr\/wp-json\/wp\/v2\/product"}],"about":[{"href":"https:\/\/www.billigtrikotde.com\/fr\/wp-json\/wp\/v2\/types\/product"}],"replies":[{"embeddable":true,"href":"https:\/\/www.billigtrikotde.com\/fr\/wp-json\/wp\/v2\/comments?post=8504"}],"wp:featuredmedia":[{"embeddable":true,"href":"https:\/\/www.billigtrikotde.com\/fr\/wp-json\/wp\/v2\/media\/8545"}],"wp:attachment":[{"href":"https:\/\/www.billigtrikotde.com\/fr\/wp-json\/wp\/v2\/media?parent=8504"}],"wp:term":[{"taxonomy":"product_brand","embeddable":true,"href":"https:\/\/www.billigtrikotde.com\/fr\/wp-json\/wp\/v2\/product_brand?post=8504"},{"taxonomy":"product_cat","embeddable":true,"href":"https:\/\/www.billigtrikotde.com\/fr\/wp-json\/wp\/v2\/product_cat?post=8504"},{"taxonomy":"product_tag","embeddable":true,"href":"https:\/\/www.billigtrikotde.com\/fr\/wp-json\/wp\/v2\/product_tag?post=8504"}],"curies":[{"name":"wp","href":"https:\/\/api.w.org\/{rel}","templated":true}]}}