{"id":8502,"date":"2024-10-24T01:40:15","date_gmt":"2024-10-23T23:40:15","guid":{"rendered":"http:\/\/billigtrikots.com\/?post_type=product&#038;p=8502"},"modified":"2024-10-24T01:42:29","modified_gmt":"2024-10-23T23:42:29","slug":"herren-croatia-2022-world-cup-auswaertstrikot-blackened-blue-neuen-fussballtrikots","status":"publish","type":"product","link":"https:\/\/www.billigtrikotde.com\/fr\/herren-croatia-2022-world-cup-auswaertstrikot-blackened-blue-neuen-fussballtrikots\/","title":{"rendered":"Hommes Croatia 2022 World Cup Maillot Ext\u00e9rieur blackened blue Nouveaux maillots de football"},"content":{"rendered":"<p>Ceci est le maillot ext\u00e9rieur Nike Croatie pour la Coupe du Monde 2022 au Qatar. Le maillot ext\u00e9rieur Nike Croatie 2022 pour la Coupe du Monde poss\u00e8de une combinaison de couleurs typique pour les maillots ext\u00e9rieurs de la Croatie \u2013 il combine une couleur de fond bleu marine fonc\u00e9 avec des \u00e9l\u00e9ments graphiques bleu clair et des logos rouges. Officiellement, les couleurs sont \u00ab Blackened Blue \/ University Red \u00bb.<\/p>\n<p>Conseils pour l'impression : Si le nom et le num\u00e9ro figurant sur l'image correspondent exactement \u00e0 ce que vous souhaitez, vous ne devez pas les saisir \u00e0 nouveau. Si ce n'est pas le cas, vous devez saisir le nom et le num\u00e9ro que vous souhaitez.<\/p>\n<p>Conseils pour le lavage : Il est recommand\u00e9 de laver les maillots de football \u00e0 la main. Si vous souhaitez utiliser la machine \u00e0 laver, pensez \u00e0 retourner les maillots de football avant de les laver. Remplissez la machine avec de l'eau froide et utilisez un cycle de lavage d\u00e9licat pour mieux prot\u00e9ger les couleurs.<\/p>","protected":false},"excerpt":{"rendered":"<p>Ceci est le maillot ext\u00e9rieur Nike de la Croatie pour la Coupe du Monde 2022 \u00e0 Katar. Le maillot ext\u00e9rieur Nike Croatie 2022 pour la Coupe du Monde pr\u00e9sente une combinaison de couleurs typique des maillots ext\u00e9rieurs de la Croatie \u2013 il associe une couleur de fond bleu marine sombre \u00e0 des \u00e9l\u00e9ments graphiques bleu clair et des logos rouges. Officiellement, les couleurs sont \u00ab Blackened Blue \/ University Red \u00bb. Conseils d'impression : Si le nom et les [\u2026]<\/p>","protected":false},"featured_media":8536,"comment_status":"open","ping_status":"closed","template":"","meta":[],"product_brand":[],"product_cat":[261],"product_tag":[20,35,21,22,23,24,380,263,264],"class_list":{"0":"post-8502","1":"product","2":"type-product","3":"status-publish","4":"has-post-thumbnail","6":"product_cat-kroatien-trikots","7":"product_tag-coole-fussballtrikots","8":"product_tag-fussball-torwarttrikots","9":"product_tag-fussballtrikot-fuer-herren","10":"product_tag-fussballtrikot-guenstig-kaufen","11":"product_tag-fussballtrikot-kurzarm","12":"product_tag-guenstiges-fussballtrikot","13":"product_tag-kroatien-2022-wm-auswaertstrikot","14":"product_tag-kroatien-trikot-herren","15":"product_tag-kroatien-trikots","17":"first","18":"instock","19":"shipping-taxable","20":"purchasable","21":"product-type-variable"},"_links":{"self":[{"href":"https:\/\/www.billigtrikotde.com\/fr\/wp-json\/wp\/v2\/product\/8502","targetHints":{"allow":["GET"]}}],"collection":[{"href":"https:\/\/www.billigtrikotde.com\/fr\/wp-json\/wp\/v2\/product"}],"about":[{"href":"https:\/\/www.billigtrikotde.com\/fr\/wp-json\/wp\/v2\/types\/product"}],"replies":[{"embeddable":true,"href":"https:\/\/www.billigtrikotde.com\/fr\/wp-json\/wp\/v2\/comments?post=8502"}],"wp:featuredmedia":[{"embeddable":true,"href":"https:\/\/www.billigtrikotde.com\/fr\/wp-json\/wp\/v2\/media\/8536"}],"wp:attachment":[{"href":"https:\/\/www.billigtrikotde.com\/fr\/wp-json\/wp\/v2\/media?parent=8502"}],"wp:term":[{"taxonomy":"product_brand","embeddable":true,"href":"https:\/\/www.billigtrikotde.com\/fr\/wp-json\/wp\/v2\/product_brand?post=8502"},{"taxonomy":"product_cat","embeddable":true,"href":"https:\/\/www.billigtrikotde.com\/fr\/wp-json\/wp\/v2\/product_cat?post=8502"},{"taxonomy":"product_tag","embeddable":true,"href":"https:\/\/www.billigtrikotde.com\/fr\/wp-json\/wp\/v2\/product_tag?post=8502"}],"curies":[{"name":"wp","href":"https:\/\/api.w.org\/{rel}","templated":true}]}}