{"id":8463,"date":"2024-10-24T01:38:05","date_gmt":"2024-10-23T23:38:05","guid":{"rendered":"http:\/\/billigtrikots.com\/?post_type=product&#038;p=8463"},"modified":"2024-10-24T01:40:44","modified_gmt":"2024-10-23T23:40:44","slug":"fussballtrikots-der-saison-2022-23-chelsea-fc-ausweichtrikot-trikotsatz-fuer-herren","status":"publish","type":"product","link":"https:\/\/www.billigtrikotde.com\/fr\/fussballtrikots-der-saison-2022-23-chelsea-fc-ausweichtrikot-trikotsatz-fuer-herren\/","title":{"rendered":"Maillots de football de la saison 2022\/23 Chelsea FC maillot ext\u00e9rieur pour hommes"},"content":{"rendered":"<p>Le troisi\u00e8me maillot de Chelsea 2022-2023 combine une base en \u00ab S\u00e9same \u00bb (or) avec du noir et de l'orange. C'est un design tr\u00e8s simple sans graphiques ou motifs \u00e9labor\u00e9s. Les seuls d\u00e9tails apparaissent sous la forme du panneau du col arri\u00e8re ainsi que des poignets de manches, qui sont noirs avec de l'orange. Un short dor\u00e9 et des chaussettes blanches avec une bande transversale noire-orange-noire compl\u00e8tent le maillot Nike Chelsea 22-23.<\/p>\n<p>Conseils pour l'impression : Si le nom et le num\u00e9ro figurant sur l'image correspondent exactement \u00e0 ce que vous souhaitez, vous ne devez pas les saisir \u00e0 nouveau. Si ce n'est pas le cas, vous devez saisir le nom et le num\u00e9ro que vous souhaitez.<\/p>\n<p>Conseils pour le lavage : Il est recommand\u00e9 de laver les maillots de football \u00e0 la main. Si vous souhaitez utiliser la machine \u00e0 laver, pensez \u00e0 retourner les maillots de football avant de les laver. Remplissez la machine avec de l'eau froide et utilisez un cycle de lavage d\u00e9licat pour mieux prot\u00e9ger les couleurs.<\/p>","protected":false},"excerpt":{"rendered":"<p>Le troisi\u00e8me maillot de Chelsea 2022-2023 combine une base en \u00ab S\u00e9same \u00bb (or) avec du noir et de l'orange. C'est un design tr\u00e8s simple sans graphiques ou motifs \u00e9labor\u00e9s. Les seuls d\u00e9tails apparaissent sous la forme du panneau du col arri\u00e8re ainsi que des poignets de manches, qui sont noirs avec de l'orange. Un short dor\u00e9 et des chaussettes blanches avec une bande transversale noire-orange-noire compl\u00e8tent le maillot Nike Chelsea 22-23.<\/p>","protected":false},"featured_media":8501,"comment_status":"open","ping_status":"closed","template":"","meta":[],"product_brand":[],"product_cat":[72],"product_tag":[20,375,308,309,310,73,21,24],"class_list":{"0":"post-8463","1":"product","2":"type-product","3":"status-publish","4":"has-post-thumbnail","6":"product_cat-chelsea","7":"product_tag-coole-fussballtrikots","8":"product_tag-chelsea-2022-2023-third-jersey","9":"product_tag-chelsea-fc-22-23-trikot-deutschland","10":"product_tag-chelsea-fc-22-23-trikot-guenstig","11":"product_tag-chelsea-fc-22-23-trikot-kaufen","12":"product_tag-chelsea-trikots","13":"product_tag-fussballtrikot-fuer-herren","14":"product_tag-guenstiges-fussballtrikot","16":"first","17":"instock","18":"shipping-taxable","19":"purchasable","20":"product-type-variable"},"_links":{"self":[{"href":"https:\/\/www.billigtrikotde.com\/fr\/wp-json\/wp\/v2\/product\/8463","targetHints":{"allow":["GET"]}}],"collection":[{"href":"https:\/\/www.billigtrikotde.com\/fr\/wp-json\/wp\/v2\/product"}],"about":[{"href":"https:\/\/www.billigtrikotde.com\/fr\/wp-json\/wp\/v2\/types\/product"}],"replies":[{"embeddable":true,"href":"https:\/\/www.billigtrikotde.com\/fr\/wp-json\/wp\/v2\/comments?post=8463"}],"wp:featuredmedia":[{"embeddable":true,"href":"https:\/\/www.billigtrikotde.com\/fr\/wp-json\/wp\/v2\/media\/8501"}],"wp:attachment":[{"href":"https:\/\/www.billigtrikotde.com\/fr\/wp-json\/wp\/v2\/media?parent=8463"}],"wp:term":[{"taxonomy":"product_brand","embeddable":true,"href":"https:\/\/www.billigtrikotde.com\/fr\/wp-json\/wp\/v2\/product_brand?post=8463"},{"taxonomy":"product_cat","embeddable":true,"href":"https:\/\/www.billigtrikotde.com\/fr\/wp-json\/wp\/v2\/product_cat?post=8463"},{"taxonomy":"product_tag","embeddable":true,"href":"https:\/\/www.billigtrikotde.com\/fr\/wp-json\/wp\/v2\/product_tag?post=8463"}],"curies":[{"name":"wp","href":"https:\/\/api.w.org\/{rel}","templated":true}]}}