{"id":8439,"date":"2024-10-24T01:36:54","date_gmt":"2024-10-23T23:36:54","guid":{"rendered":"http:\/\/billigtrikots.com\/?post_type=product&#038;p=8439"},"modified":"2024-10-24T01:39:08","modified_gmt":"2024-10-23T23:39:08","slug":"herren-manchester-united-22-23-ausweichtrikot-gruen-kurzarm-schwarz-kurze-hosen","status":"publish","type":"product","link":"https:\/\/www.billigtrikotde.com\/fr\/herren-manchester-united-22-23-ausweichtrikot-gruen-kurzarm-schwarz-kurze-hosen\/","title":{"rendered":"Hommes Manchester United 22-23 Maillot \u00c9chapp\u00e9e Vert Manches Courtes + Cuissard Noir"},"content":{"rendered":"<p>Das dritte Fu\u00dfballtrikot von Adidas Manchester United 22-23 kombiniert eine gelbe Grundfarbe mit dunkelblauen Applikationen und Logos.<\/p>\n<p>Conseils pour l'impression : Si le nom et le num\u00e9ro figurant sur l'image correspondent exactement \u00e0 ce que vous souhaitez, vous ne devez pas les saisir \u00e0 nouveau. Si ce n'est pas le cas, vous devez saisir le nom et le num\u00e9ro que vous souhaitez.<\/p>\n<p>Conseils pour le lavage : Il est recommand\u00e9 de laver les maillots de football \u00e0 la main. Si vous souhaitez utiliser la machine \u00e0 laver, pensez \u00e0 retourner les maillots de football avant de les laver. Remplissez la machine avec de l'eau froide et utilisez un cycle de lavage d\u00e9licat pour mieux prot\u00e9ger les couleurs.<\/p>","protected":false},"excerpt":{"rendered":"<p>Le troisi\u00e8me maillot de football d'Adidas Manchester United 22-23 associe une couleur de fond jaune avec des applications et logos bleu fonc\u00e9. Conseils d'impression : Si le nom et le num\u00e9ro sur l'image correspondent exactement \u00e0 vos souhaits, vous n'avez pas besoin de les saisir \u00e0 nouveau. Sinon, vous devriez saisir le nom et le num\u00e9ro souhait\u00e9s. Conseils de lavage : Il sera [\u2026]<\/p>","protected":false},"featured_media":8478,"comment_status":"open","ping_status":"closed","template":"","meta":[],"product_brand":[],"product_cat":[50],"product_tag":[20,21,22,23,24,217,223,52],"class_list":{"0":"post-8439","1":"product","2":"type-product","3":"status-publish","4":"has-post-thumbnail","6":"product_cat-manchester-united","7":"product_tag-coole-fussballtrikots","8":"product_tag-fussballtrikot-fuer-herren","9":"product_tag-fussballtrikot-guenstig-kaufen","10":"product_tag-fussballtrikot-kurzarm","11":"product_tag-guenstiges-fussballtrikot","12":"product_tag-manchester-united-trikot-bestellen","13":"product_tag-manchester-united-trikot-shop","14":"product_tag-manchester-united-trikots","16":"first","17":"instock","18":"shipping-taxable","19":"purchasable","20":"product-type-variable"},"_links":{"self":[{"href":"https:\/\/www.billigtrikotde.com\/fr\/wp-json\/wp\/v2\/product\/8439","targetHints":{"allow":["GET"]}}],"collection":[{"href":"https:\/\/www.billigtrikotde.com\/fr\/wp-json\/wp\/v2\/product"}],"about":[{"href":"https:\/\/www.billigtrikotde.com\/fr\/wp-json\/wp\/v2\/types\/product"}],"replies":[{"embeddable":true,"href":"https:\/\/www.billigtrikotde.com\/fr\/wp-json\/wp\/v2\/comments?post=8439"}],"wp:featuredmedia":[{"embeddable":true,"href":"https:\/\/www.billigtrikotde.com\/fr\/wp-json\/wp\/v2\/media\/8478"}],"wp:attachment":[{"href":"https:\/\/www.billigtrikotde.com\/fr\/wp-json\/wp\/v2\/media?parent=8439"}],"wp:term":[{"taxonomy":"product_brand","embeddable":true,"href":"https:\/\/www.billigtrikotde.com\/fr\/wp-json\/wp\/v2\/product_brand?post=8439"},{"taxonomy":"product_cat","embeddable":true,"href":"https:\/\/www.billigtrikotde.com\/fr\/wp-json\/wp\/v2\/product_cat?post=8439"},{"taxonomy":"product_tag","embeddable":true,"href":"https:\/\/www.billigtrikotde.com\/fr\/wp-json\/wp\/v2\/product_tag?post=8439"}],"curies":[{"name":"wp","href":"https:\/\/api.w.org\/{rel}","templated":true}]}}