{"id":8427,"date":"2024-10-24T01:36:19","date_gmt":"2024-10-23T23:36:19","guid":{"rendered":"http:\/\/billigtrikots.com\/?post_type=product&#038;p=8427"},"modified":"2024-10-24T01:38:32","modified_gmt":"2024-10-23T23:38:32","slug":"herren-fc-liverpool-2022-23-auswaertstrikot-kaufen-kurzarm-kurze-hosen-virgil-4","status":"publish","type":"product","link":"https:\/\/www.billigtrikotde.com\/fr\/herren-fc-liverpool-2022-23-auswaertstrikot-kaufen-kurzarm-kurze-hosen-virgil-4\/","title":{"rendered":"Homme FC Liverpool 2022-23 maillot ext\u00e9rieur achat manches courtes + pantalonnets VIRGIL 4"},"content":{"rendered":"<p>Le maillot ext\u00e9rieur de Liverpool 2022-23 Nike est majoritairement blanc, associ\u00e9 au noir pour les logos et les \u00e9l\u00e9ments.<\/p>\n<p>Ce qui fait ressortir le maillot ext\u00e9rieur Liverpool 22-23, c'est un motif marbr\u00e9 tourbillonnant en bleu clair et violet clair.<\/p>\n<p>Conseils pour l'impression : Si le nom et le num\u00e9ro figurant sur l'image correspondent exactement \u00e0 ce que vous souhaitez, vous ne devez pas les saisir \u00e0 nouveau. Si ce n'est pas le cas, vous devez saisir le nom et le num\u00e9ro que vous souhaitez.<\/p>\n<p>Conseils pour le lavage : Il est recommand\u00e9 de laver les maillots de football \u00e0 la main. Si vous souhaitez utiliser la machine \u00e0 laver, pensez \u00e0 retourner les maillots de football avant de les laver. Remplissez la machine avec de l'eau froide et utilisez un cycle de lavage d\u00e9licat pour mieux prot\u00e9ger les couleurs.<\/p>","protected":false},"excerpt":{"rendered":"<p>Le maillot ext\u00e9rieur Nike Liverpool 2022-23 est principalement blanc, combin\u00e9 avec du noir pour les logos et les applications. Ce qui fait ressortir le maillot ext\u00e9rieur Liverpool 22-23, c'est un design tourbillonnant en marbre en bleu clair et violet clair. Conseils pour l'impression : si le nom et le num\u00e9ro sur l'image correspondent exactement \u00e0 vos souhaits, vous n'avez pas besoin de les saisir \u00e0 nouveau. Sinon, vous devriez [\u2026]<\/p>","protected":false},"featured_media":8466,"comment_status":"open","ping_status":"closed","template":"","meta":[],"product_brand":[],"product_cat":[176],"product_tag":[20,21,22,23,24,156,153,370],"class_list":{"0":"post-8427","1":"product","2":"type-product","3":"status-publish","4":"has-post-thumbnail","6":"product_cat-liverpool-fc","7":"product_tag-coole-fussballtrikots","8":"product_tag-fussballtrikot-fuer-herren","9":"product_tag-fussballtrikot-guenstig-kaufen","10":"product_tag-fussballtrikot-kurzarm","11":"product_tag-guenstiges-fussballtrikot","12":"product_tag-liverpool-auswaertstrikot","13":"product_tag-liverpool-trikots","14":"product_tag-liverpool-trikots-22-23","16":"first","17":"instock","18":"shipping-taxable","19":"purchasable","20":"product-type-variable"},"_links":{"self":[{"href":"https:\/\/www.billigtrikotde.com\/fr\/wp-json\/wp\/v2\/product\/8427","targetHints":{"allow":["GET"]}}],"collection":[{"href":"https:\/\/www.billigtrikotde.com\/fr\/wp-json\/wp\/v2\/product"}],"about":[{"href":"https:\/\/www.billigtrikotde.com\/fr\/wp-json\/wp\/v2\/types\/product"}],"replies":[{"embeddable":true,"href":"https:\/\/www.billigtrikotde.com\/fr\/wp-json\/wp\/v2\/comments?post=8427"}],"wp:featuredmedia":[{"embeddable":true,"href":"https:\/\/www.billigtrikotde.com\/fr\/wp-json\/wp\/v2\/media\/8466"}],"wp:attachment":[{"href":"https:\/\/www.billigtrikotde.com\/fr\/wp-json\/wp\/v2\/media?parent=8427"}],"wp:term":[{"taxonomy":"product_brand","embeddable":true,"href":"https:\/\/www.billigtrikotde.com\/fr\/wp-json\/wp\/v2\/product_brand?post=8427"},{"taxonomy":"product_cat","embeddable":true,"href":"https:\/\/www.billigtrikotde.com\/fr\/wp-json\/wp\/v2\/product_cat?post=8427"},{"taxonomy":"product_tag","embeddable":true,"href":"https:\/\/www.billigtrikotde.com\/fr\/wp-json\/wp\/v2\/product_tag?post=8427"}],"curies":[{"name":"wp","href":"https:\/\/api.w.org\/{rel}","templated":true}]}}