{"id":8363,"date":"2024-10-24T01:33:20","date_gmt":"2024-10-23T23:33:20","guid":{"rendered":"http:\/\/billigtrikots.com\/?post_type=product&#038;p=8363"},"modified":"2024-10-24T01:35:32","modified_gmt":"2024-10-23T23:35:32","slug":"neuen-fussballtrikots-england-2022-world-cup-weiss-blau-herren-heimtrikot","status":"publish","type":"product","link":"https:\/\/www.billigtrikotde.com\/fr\/neuen-fussballtrikots-england-2022-world-cup-weiss-blau-herren-heimtrikot\/","title":{"rendered":"Nouveaux maillots de football Angleterre 2022 Coupe du Monde blanc bleu maillot domicile hommes"},"content":{"rendered":"<p>Le maillot domicile Nike de la Coupe du Monde 2022 de l'Angleterre, qui poss\u00e8de une base blanche propre, tire une grande partie de ses ventes des d\u00e9grad\u00e9s de couleurs sur les manches raglan. Commencant derri\u00e8re les \u00e9paules, la base blanche commence un passage progressif et d\u00e9lav\u00e9 vers le bleu, d\u00e9butant par une teinte claire avant de descendre en une teinte tr\u00e8s fonc\u00e9e au niveau de l'encolure ronde. Les tons bleu clair et fonc\u00e9 sont appliqu\u00e9s dans un design clair moiti\u00e9-moiti\u00e9 sur les poignets des manches, ressemblant aux couleurs du maillot ext\u00e9rieur croate pour l'ann\u00e9e mentionn\u00e9e. Historiquement, le bleu fonc\u00e9 utilis\u00e9 \u00e9voque d'une certaine mani\u00e8re l'ambiance des kits des ann\u00e9es 90.<\/p>","protected":false},"excerpt":{"rendered":"<p>Le maillot domicile Nike de la Coupe du Monde 2022 de l'Angleterre, qui poss\u00e8de une base blanche propre, tire une grande partie de ses ventes des d\u00e9grad\u00e9s de couleurs sur les manches raglan. Commencant derri\u00e8re les \u00e9paules, la base blanche commence un passage progressif et d\u00e9lav\u00e9 vers le bleu, d\u00e9butant par une teinte claire avant de devenir une teinte tr\u00e8s profonde en [\u2026]<\/p>","protected":false},"featured_media":8404,"comment_status":"open","ping_status":"closed","template":"","meta":[],"product_brand":[],"product_cat":[115],"product_tag":[20,363,116,21,22,23,24],"class_list":{"0":"post-8363","1":"product","2":"type-product","3":"status-publish","4":"has-post-thumbnail","6":"product_cat-england-trikots","7":"product_tag-coole-fussballtrikots","8":"product_tag-england-2022-world-cup-trikot","9":"product_tag-england-heimtrikot","10":"product_tag-fussballtrikot-fuer-herren","11":"product_tag-fussballtrikot-guenstig-kaufen","12":"product_tag-fussballtrikot-kurzarm","13":"product_tag-guenstiges-fussballtrikot","15":"first","16":"instock","17":"shipping-taxable","18":"purchasable","19":"product-type-variable"},"_links":{"self":[{"href":"https:\/\/www.billigtrikotde.com\/fr\/wp-json\/wp\/v2\/product\/8363","targetHints":{"allow":["GET"]}}],"collection":[{"href":"https:\/\/www.billigtrikotde.com\/fr\/wp-json\/wp\/v2\/product"}],"about":[{"href":"https:\/\/www.billigtrikotde.com\/fr\/wp-json\/wp\/v2\/types\/product"}],"replies":[{"embeddable":true,"href":"https:\/\/www.billigtrikotde.com\/fr\/wp-json\/wp\/v2\/comments?post=8363"}],"wp:featuredmedia":[{"embeddable":true,"href":"https:\/\/www.billigtrikotde.com\/fr\/wp-json\/wp\/v2\/media\/8404"}],"wp:attachment":[{"href":"https:\/\/www.billigtrikotde.com\/fr\/wp-json\/wp\/v2\/media?parent=8363"}],"wp:term":[{"taxonomy":"product_brand","embeddable":true,"href":"https:\/\/www.billigtrikotde.com\/fr\/wp-json\/wp\/v2\/product_brand?post=8363"},{"taxonomy":"product_cat","embeddable":true,"href":"https:\/\/www.billigtrikotde.com\/fr\/wp-json\/wp\/v2\/product_cat?post=8363"},{"taxonomy":"product_tag","embeddable":true,"href":"https:\/\/www.billigtrikotde.com\/fr\/wp-json\/wp\/v2\/product_tag?post=8363"}],"curies":[{"name":"wp","href":"https:\/\/api.w.org\/{rel}","templated":true}]}}