{"id":8355,"date":"2024-10-24T01:32:48","date_gmt":"2024-10-23T23:32:48","guid":{"rendered":"http:\/\/billigtrikots.com\/?post_type=product&#038;p=8355"},"modified":"2024-10-24T01:34:59","modified_gmt":"2024-10-23T23:34:59","slug":"kinder-japan-heim-trikot-wm-2022-blau-kurzarm-weiss-kurze-hosen","status":"publish","type":"product","link":"https:\/\/www.billigtrikotde.com\/fr\/kinder-japan-heim-trikot-wm-2022-blau-kurzarm-weiss-kurze-hosen\/","title":{"rendered":"Enfants Japon domicile CM 2022 bleu \u00e0 manches courtes + short blanc"},"content":{"rendered":"<p>Avec le maillot domicile pour enfant en bleu, adidas lance un produit avec lequel tu peux soutenir ton \u00e9quipe dans les bons comme dans les mauvais moments avec passion et d\u00e9vouement. Montre ton soutien \u2013 avec ce maillot domicile Japon tu \u00e9largis ta collection de fans avec un v\u00eatement dans le design original, comme le portent les joueurs lors de la Coupe du monde. Il est respirant, confortable et \u00e0 sweat-wicking. De plus, il offre une grande r\u00e9sistance. Il se distingue visuellement par un logo du confr\u00e9rie sur la poitrine. Avec ce maillot tu peux devenir encore plus performant et te pr\u00e9parer pour le prochain match.<\/p>\n<p>Conseils pour l'impression : Si le nom et le num\u00e9ro figurant sur l'image correspondent exactement \u00e0 ce que vous souhaitez, vous ne devez pas les saisir \u00e0 nouveau. Si ce n'est pas le cas, vous devez saisir le nom et le num\u00e9ro que vous souhaitez.<\/p>\n<p>Conseils pour le lavage : Il est recommand\u00e9 de laver les maillots de football \u00e0 la main. Si vous souhaitez utiliser la machine \u00e0 laver, pensez \u00e0 retourner les maillots de football avant de les laver. Remplissez la machine avec de l'eau froide et utilisez un cycle de lavage d\u00e9licat pour mieux prot\u00e9ger les couleurs.<\/p>","protected":false},"excerpt":{"rendered":"<p>Avec le maillot enfant bleu, adidas lance un produit qui te permet de soutenir ton \u00e9quipe dans les bons comme dans les mauvais moments avec c\u0153ur et d\u00e9vouement. Montre ton soutien \u2014 avec ce maillot domicile du Japon, tu \u00e9largis ta collection de fans avec un v\u00eatement au design original tel que port\u00e9 par les joueurs lors de la Coupe du Monde. Il est [\u2026]<\/p>","protected":false},"featured_media":8394,"comment_status":"open","ping_status":"closed","template":"","meta":[],"product_brand":[],"product_cat":[111],"product_tag":[20,222,21,22,23,24,361,362,94],"class_list":{"0":"post-8355","1":"product","2":"type-product","3":"status-publish","4":"has-post-thumbnail","6":"product_cat-nationaltrikot","7":"product_tag-coole-fussballtrikots","8":"product_tag-fussball-wm-2022-trikots","9":"product_tag-fussballtrikot-fuer-herren","10":"product_tag-fussballtrikot-guenstig-kaufen","11":"product_tag-fussballtrikot-kurzarm","12":"product_tag-guenstiges-fussballtrikot","13":"product_tag-japan-heimtrikot","14":"product_tag-japan-trikots","15":"product_tag-kinder-fussball-trikotsatz","17":"first","18":"instock","19":"shipping-taxable","20":"purchasable","21":"product-type-variable"},"_links":{"self":[{"href":"https:\/\/www.billigtrikotde.com\/fr\/wp-json\/wp\/v2\/product\/8355","targetHints":{"allow":["GET"]}}],"collection":[{"href":"https:\/\/www.billigtrikotde.com\/fr\/wp-json\/wp\/v2\/product"}],"about":[{"href":"https:\/\/www.billigtrikotde.com\/fr\/wp-json\/wp\/v2\/types\/product"}],"replies":[{"embeddable":true,"href":"https:\/\/www.billigtrikotde.com\/fr\/wp-json\/wp\/v2\/comments?post=8355"}],"wp:featuredmedia":[{"embeddable":true,"href":"https:\/\/www.billigtrikotde.com\/fr\/wp-json\/wp\/v2\/media\/8394"}],"wp:attachment":[{"href":"https:\/\/www.billigtrikotde.com\/fr\/wp-json\/wp\/v2\/media?parent=8355"}],"wp:term":[{"taxonomy":"product_brand","embeddable":true,"href":"https:\/\/www.billigtrikotde.com\/fr\/wp-json\/wp\/v2\/product_brand?post=8355"},{"taxonomy":"product_cat","embeddable":true,"href":"https:\/\/www.billigtrikotde.com\/fr\/wp-json\/wp\/v2\/product_cat?post=8355"},{"taxonomy":"product_tag","embeddable":true,"href":"https:\/\/www.billigtrikotde.com\/fr\/wp-json\/wp\/v2\/product_tag?post=8355"}],"curies":[{"name":"wp","href":"https:\/\/api.w.org\/{rel}","templated":true}]}}