{"id":8343,"date":"2024-10-24T01:32:13","date_gmt":"2024-10-23T23:32:13","guid":{"rendered":"http:\/\/billigtrikots.com\/?post_type=product&#038;p=8343"},"modified":"2024-10-24T01:34:23","modified_gmt":"2024-10-23T23:34:23","slug":"new-portugal-2022-world-cup-away-football-shirt","status":"publish","type":"product","link":"https:\/\/www.billigtrikotde.com\/fr\/new-portugal-2022-world-cup-away-football-shirt\/","title":{"rendered":"Nouveau Portugal 2022 Coupe du Monde maillot ext\u00e9rieur de football"},"content":{"rendered":"<p>Un look frais mais classique pour le Portugal, le maillot away de football Nike Portugal 2022 associe une base \u00e9cru \u00e0 du bleu marine pour le Swoosh. Officiellement, les couleurs sont \u00ab Sail \/ Obsidian \u00bb, tandis que \u00ab Pepper Red \u00bb est la couleur tertiaire. Selon Nike, la couleur l\u00e9g\u00e8rement plus sombre a \u00e9t\u00e9 choisie afin que les Portugais \u00ab se d\u00e9marquent dans une mer de kits blancs vifs \u00bb. Short et chaussettes dans les m\u00eames couleurs que le maillot compl\u00e8tent l\u2019uniforme Portugal 2022 pour la Coupe du Monde.<\/p>","protected":false},"excerpt":{"rendered":"<p>A fresh yet classic look for Portugal, the Nike Portugal 2022 away football shirt combines an off-white base with navy for the Swoosh. Officially, the colors are &#8222;Sail \/ Obsidian&#8220;, while &#8222;Pepper Red&#8220; is the tertiary color.As per Nike, the slightly darker color was chosen so that the Portuguese &#8222;stand out in a sea of [&hellip;]<\/p>","protected":false},"featured_media":8382,"comment_status":"open","ping_status":"closed","template":"","meta":[],"product_brand":[],"product_cat":[239],"product_tag":[20,222,21,23,24,94,240,347,352],"class_list":{"0":"post-8343","1":"product","2":"type-product","3":"status-publish","4":"has-post-thumbnail","6":"product_cat-portugal-trikots","7":"product_tag-coole-fussballtrikots","8":"product_tag-fussball-wm-2022-trikots","9":"product_tag-fussballtrikot-fuer-herren","10":"product_tag-fussballtrikot-kurzarm","11":"product_tag-guenstiges-fussballtrikot","12":"product_tag-kinder-fussball-trikotsatz","13":"product_tag-portugal-heimtrikot","14":"product_tag-portugal-trikots","15":"product_tag-portugal-trikotsatz-trikot","17":"first","18":"instock","19":"shipping-taxable","20":"purchasable","21":"product-type-variable"},"_links":{"self":[{"href":"https:\/\/www.billigtrikotde.com\/fr\/wp-json\/wp\/v2\/product\/8343","targetHints":{"allow":["GET"]}}],"collection":[{"href":"https:\/\/www.billigtrikotde.com\/fr\/wp-json\/wp\/v2\/product"}],"about":[{"href":"https:\/\/www.billigtrikotde.com\/fr\/wp-json\/wp\/v2\/types\/product"}],"replies":[{"embeddable":true,"href":"https:\/\/www.billigtrikotde.com\/fr\/wp-json\/wp\/v2\/comments?post=8343"}],"wp:featuredmedia":[{"embeddable":true,"href":"https:\/\/www.billigtrikotde.com\/fr\/wp-json\/wp\/v2\/media\/8382"}],"wp:attachment":[{"href":"https:\/\/www.billigtrikotde.com\/fr\/wp-json\/wp\/v2\/media?parent=8343"}],"wp:term":[{"taxonomy":"product_brand","embeddable":true,"href":"https:\/\/www.billigtrikotde.com\/fr\/wp-json\/wp\/v2\/product_brand?post=8343"},{"taxonomy":"product_cat","embeddable":true,"href":"https:\/\/www.billigtrikotde.com\/fr\/wp-json\/wp\/v2\/product_cat?post=8343"},{"taxonomy":"product_tag","embeddable":true,"href":"https:\/\/www.billigtrikotde.com\/fr\/wp-json\/wp\/v2\/product_tag?post=8343"}],"curies":[{"name":"wp","href":"https:\/\/api.w.org\/{rel}","templated":true}]}}