{"id":8296,"date":"2024-10-24T01:29:59","date_gmt":"2024-10-23T23:29:59","guid":{"rendered":"http:\/\/billigtrikots.com\/?post_type=product&#038;p=8296"},"modified":"2024-10-24T01:32:03","modified_gmt":"2024-10-23T23:32:03","slug":"alvarez-9-argentinien-heimtrikot-wm-2022-weiss-blau-kurzarm-fuer-herren","status":"publish","type":"product","link":"https:\/\/www.billigtrikotde.com\/fr\/alvarez-9-argentinien-heimtrikot-wm-2022-weiss-blau-kurzarm-fuer-herren\/","title":{"rendered":"ALVAREZ 9 Argentine Maillot domicile Coupe du Monde 2022 Blanc Bleu Manches Courtes Hommes"},"content":{"rendered":"<p>Au lieu de cela, le maillot doit \u00eatre compos\u00e9 de deux bandes bleu ciel plus fines au centre et de deux bandes plus larges sur les c\u00f4t\u00e9s du maillot. Celles-ci doivent faire environ trois fois la largeur des bandes au centre, qui repr\u00e9sentent le drapeau argentin.<br \/>\nLes bandes sur le nouveau maillot de la Coupe du Monde 2022 de l'Argentine sont classiques, mais seulement sur le devant. Les bandes \u00e0 l'arri\u00e8re sont vraiment inhabituelles : au lieu d'\u00eatre de la m\u00eame largeur, il y a deux bandes bleu ciel plus fines au centre et deux bandes plus larges sur les c\u00f4t\u00e9s du maillot. Ces bandes plus larges font environ trois fois la largeur des bandes au centre.<\/p>\n<p>Conseils pour l'impression : Si le nom et le num\u00e9ro figurant sur l'image correspondent exactement \u00e0 ce que vous souhaitez, vous ne devez pas les saisir \u00e0 nouveau. Si ce n'est pas le cas, vous devez saisir le nom et le num\u00e9ro que vous souhaitez.<\/p>\n<p>Conseils pour le lavage : Il est recommand\u00e9 de laver les maillots de football \u00e0 la main. Si vous souhaitez utiliser la machine \u00e0 laver, pensez \u00e0 retourner les maillots de football avant de les laver. Remplissez la machine avec de l'eau froide et utilisez un cycle de lavage d\u00e9licat pour mieux prot\u00e9ger les couleurs.<\/p>","protected":false},"excerpt":{"rendered":"<p>Stattdessen soll das Trikot aus zwei d\u00fcnneren himmelblauen Streifen in der Mitte und zwei breiteren an den Au\u00dfenseiten des Trikots bestehen. Diese sollen etwa dreimal so breit wie die Streifen in der Mitte sein, die die argentinische Flagge darstellen soll. Die Streifen auf dem neuen Argentinien WM 2022 Trikot sind klassisch, aber nur auf der [&hellip;]<\/p>","protected":false},"featured_media":8334,"comment_status":"open","ping_status":"closed","template":"","meta":[],"product_brand":[],"product_cat":[325],"product_tag":[356,20,21,22,23,24],"class_list":{"0":"post-8296","1":"product","2":"type-product","3":"status-publish","4":"has-post-thumbnail","6":"product_cat-argentinien-trikots","7":"product_tag-argentinien-trikots","8":"product_tag-coole-fussballtrikots","9":"product_tag-fussballtrikot-fuer-herren","10":"product_tag-fussballtrikot-guenstig-kaufen","11":"product_tag-fussballtrikot-kurzarm","12":"product_tag-guenstiges-fussballtrikot","14":"first","15":"instock","16":"shipping-taxable","17":"purchasable","18":"product-type-variable"},"_links":{"self":[{"href":"https:\/\/www.billigtrikotde.com\/fr\/wp-json\/wp\/v2\/product\/8296","targetHints":{"allow":["GET"]}}],"collection":[{"href":"https:\/\/www.billigtrikotde.com\/fr\/wp-json\/wp\/v2\/product"}],"about":[{"href":"https:\/\/www.billigtrikotde.com\/fr\/wp-json\/wp\/v2\/types\/product"}],"replies":[{"embeddable":true,"href":"https:\/\/www.billigtrikotde.com\/fr\/wp-json\/wp\/v2\/comments?post=8296"}],"wp:featuredmedia":[{"embeddable":true,"href":"https:\/\/www.billigtrikotde.com\/fr\/wp-json\/wp\/v2\/media\/8334"}],"wp:attachment":[{"href":"https:\/\/www.billigtrikotde.com\/fr\/wp-json\/wp\/v2\/media?parent=8296"}],"wp:term":[{"taxonomy":"product_brand","embeddable":true,"href":"https:\/\/www.billigtrikotde.com\/fr\/wp-json\/wp\/v2\/product_brand?post=8296"},{"taxonomy":"product_cat","embeddable":true,"href":"https:\/\/www.billigtrikotde.com\/fr\/wp-json\/wp\/v2\/product_cat?post=8296"},{"taxonomy":"product_tag","embeddable":true,"href":"https:\/\/www.billigtrikotde.com\/fr\/wp-json\/wp\/v2\/product_tag?post=8296"}],"curies":[{"name":"wp","href":"https:\/\/api.w.org\/{rel}","templated":true}]}}