{"id":8244,"date":"2024-10-24T01:27:11","date_gmt":"2024-10-23T23:27:11","guid":{"rendered":"http:\/\/billigtrikots.com\/?post_type=product&#038;p=8244"},"modified":"2024-10-24T01:29:50","modified_gmt":"2024-10-23T23:29:50","slug":"fussballtrikot-fuer-herren-paris-saint-germain-psg-auswaertstrikot-2022-23-grau-verratti-6","status":"publish","type":"product","link":"https:\/\/www.billigtrikotde.com\/fr\/fussballtrikot-fuer-herren-paris-saint-germain-psg-auswaertstrikot-2022-23-grau-verratti-6\/","title":{"rendered":"Maillot de football pour hommes Paris Saint-Germain PSG maillot ext\u00e9rieur 2022\/23 Gris VERRATTi 6"},"content":{"rendered":"<p>Le maillot ext\u00e9rieur Jordan PSG 2022-23 pr\u00e9sente un nouveau look en gris avec une bande centrale noire qui s'estompe au milieu pour laisser la place au sponsor Qatar Airways. Une \u00e9tiquette sp\u00e9ciale est appos\u00e9e \u00e0 l'int\u00e9rieur du col.<\/p>\n<p>Les couleurs du nouveau maillot ext\u00e9rieur du PSG 22-23 s'inspirent du stade du Parc des Princes, qui f\u00eate cette ann\u00e9e son 50e anniversaire.Un pantalon gris au design inspir\u00e9 des Chicago Bills et des chaussettes compl\u00e8tent le look du nouveau maillot ext\u00e9rieur du PSG 2022-23 de Jordan.<\/p>\n<p>Conseils pour l'impression : Si le nom et le num\u00e9ro figurant sur l'image correspondent exactement \u00e0 ce que vous souhaitez, vous ne devez pas les saisir \u00e0 nouveau. Si ce n'est pas le cas, vous devez saisir le nom et le num\u00e9ro que vous souhaitez.<\/p>\n<p>Conseils pour le lavage : Il est recommand\u00e9 de laver les maillots de football \u00e0 la main. Si vous souhaitez utiliser la machine \u00e0 laver, pensez \u00e0 retourner les maillots de football avant de les laver. Remplissez la machine avec de l'eau froide et utilisez un cycle de lavage d\u00e9licat pour mieux prot\u00e9ger les couleurs.<\/p>","protected":false},"excerpt":{"rendered":"<p>Le maillot ext\u00e9rieur Jordan PSG 2022-23 se pr\u00e9sente dans un nouveau look gris avec une bande centrale noire, qui s'estompe au centre pour faire place au sponsor Qatar Airways. \u00c0 l'int\u00e9rieur du col se trouve une \u00e9tiquette sp\u00e9ciale. La coloration du nouveau maillot ext\u00e9rieur PSG 22-23 est inspir\u00e9e du stade Parc des Princes, [...]<\/p>","protected":false},"featured_media":8288,"comment_status":"open","ping_status":"closed","template":"","meta":[],"product_brand":[],"product_cat":[39],"product_tag":[286,20,43,21,22,23,24,44,41,244,290],"class_list":{"0":"post-8244","1":"product","2":"type-product","3":"status-publish","4":"has-post-thumbnail","6":"product_cat-paris-saint-germain","7":"product_tag-alle-neuen-psg-trikots","8":"product_tag-coole-fussballtrikots","9":"product_tag-fussballkleidung","10":"product_tag-fussballtrikot-fuer-herren","11":"product_tag-fussballtrikot-guenstig-kaufen","12":"product_tag-fussballtrikot-kurzarm","13":"product_tag-guenstiges-fussballtrikot","14":"product_tag-paris-saint-germain-auswaertstrikot","15":"product_tag-paris-saint-germain-trikots","16":"product_tag-psg-trikot-2022-23","17":"product_tag-psg-trikot-2022-23-fussballtrikots","19":"first","20":"instock","21":"shipping-taxable","22":"purchasable","23":"product-type-variable"},"_links":{"self":[{"href":"https:\/\/www.billigtrikotde.com\/fr\/wp-json\/wp\/v2\/product\/8244","targetHints":{"allow":["GET"]}}],"collection":[{"href":"https:\/\/www.billigtrikotde.com\/fr\/wp-json\/wp\/v2\/product"}],"about":[{"href":"https:\/\/www.billigtrikotde.com\/fr\/wp-json\/wp\/v2\/types\/product"}],"replies":[{"embeddable":true,"href":"https:\/\/www.billigtrikotde.com\/fr\/wp-json\/wp\/v2\/comments?post=8244"}],"wp:featuredmedia":[{"embeddable":true,"href":"https:\/\/www.billigtrikotde.com\/fr\/wp-json\/wp\/v2\/media\/8288"}],"wp:attachment":[{"href":"https:\/\/www.billigtrikotde.com\/fr\/wp-json\/wp\/v2\/media?parent=8244"}],"wp:term":[{"taxonomy":"product_brand","embeddable":true,"href":"https:\/\/www.billigtrikotde.com\/fr\/wp-json\/wp\/v2\/product_brand?post=8244"},{"taxonomy":"product_cat","embeddable":true,"href":"https:\/\/www.billigtrikotde.com\/fr\/wp-json\/wp\/v2\/product_cat?post=8244"},{"taxonomy":"product_tag","embeddable":true,"href":"https:\/\/www.billigtrikotde.com\/fr\/wp-json\/wp\/v2\/product_tag?post=8244"}],"curies":[{"name":"wp","href":"https:\/\/api.w.org\/{rel}","templated":true}]}}