{"id":816,"date":"2024-10-23T13:05:08","date_gmt":"2024-10-23T11:05:08","guid":{"rendered":"http:\/\/billigtrikots.com\/?post_type=product&#038;p=816"},"modified":"2024-10-23T13:07:09","modified_gmt":"2024-10-23T11:07:09","slug":"real-madrid-heimtrikot-2022-weiss-blau-mit-aufdruck-odriozola-19","status":"publish","type":"product","link":"https:\/\/www.billigtrikotde.com\/fr\/real-madrid-heimtrikot-2022-weiss-blau-mit-aufdruck-odriozola-19\/","title":{"rendered":"Maillot domicile Real Madrid 2022 blanc bleu avec impression Odriozola 19"},"content":{"rendered":"<p>Les victoires et succ\u00e8s sont affich\u00e9s par l'\u00e9quipe sur le terrain. Ils sont c\u00e9l\u00e9br\u00e9s sur la Plaza de Cibeles devant les fans en d\u00e9lire. Pas \u00e9tonnant que ce maillot adidas du Real Madrid, avec son motif circulaire et en spirale, soit inspir\u00e9 par cet endroit et ses fontaines. Le design pour les fans est en mat\u00e9riau doux avec la technologie absorbante d'humidit\u00e9 AEROREADY et garantit une sensation de confort et de s\u00e9cheresse agr\u00e9able.<\/p>\n<p>Conseils pour l'impression : Si le nom et le num\u00e9ro figurant sur l'image correspondent exactement \u00e0 ce que vous souhaitez, vous ne devez pas les saisir \u00e0 nouveau. Si ce n'est pas le cas, vous devez saisir le nom et le num\u00e9ro que vous souhaitez.<\/p>\n<p>Conseils pour le lavage : Il est recommand\u00e9 de laver les maillots de football \u00e0 la main. Si vous souhaitez utiliser la machine \u00e0 laver, pensez \u00e0 retourner les maillots de football avant de les laver. Remplissez la machine avec de l'eau froide et utilisez un cycle de lavage d\u00e9licat pour mieux prot\u00e9ger les couleurs.<\/p>","protected":false},"excerpt":{"rendered":"<p>Les victoires et les succ\u00e8s sont affich\u00e9s par l'\u00e9quipe sur le terrain. Ils sont c\u00e9l\u00e9br\u00e9s sur la Plaza de Cibeles devant les fans en d\u00e9lire. Pas \u00e9tonnant que ce maillot adidas Real Madrid avec son motif en cercles et spirales soit inspir\u00e9 par cet endroit et ses fontaines. Le design pour les fans est en mat\u00e9riau doux avec une absorption de l'humidit\u00e9 AEROREADY [...]<\/p>","protected":false},"featured_media":863,"comment_status":"open","ping_status":"closed","template":"","meta":[],"product_brand":[],"product_cat":[45],"product_tag":[20,21,22,23,24,46,47],"class_list":{"0":"post-816","1":"product","2":"type-product","3":"status-publish","4":"has-post-thumbnail","6":"product_cat-real-madrid","7":"product_tag-coole-fussballtrikots","8":"product_tag-fussballtrikot-fuer-herren","9":"product_tag-fussballtrikot-guenstig-kaufen","10":"product_tag-fussballtrikot-kurzarm","11":"product_tag-guenstiges-fussballtrikot","12":"product_tag-real-madrid-heimtrikot","13":"product_tag-real-madrid-trikots","15":"first","16":"instock","17":"shipping-taxable","18":"purchasable","19":"product-type-variable"},"_links":{"self":[{"href":"https:\/\/www.billigtrikotde.com\/fr\/wp-json\/wp\/v2\/product\/816","targetHints":{"allow":["GET"]}}],"collection":[{"href":"https:\/\/www.billigtrikotde.com\/fr\/wp-json\/wp\/v2\/product"}],"about":[{"href":"https:\/\/www.billigtrikotde.com\/fr\/wp-json\/wp\/v2\/types\/product"}],"replies":[{"embeddable":true,"href":"https:\/\/www.billigtrikotde.com\/fr\/wp-json\/wp\/v2\/comments?post=816"}],"wp:featuredmedia":[{"embeddable":true,"href":"https:\/\/www.billigtrikotde.com\/fr\/wp-json\/wp\/v2\/media\/863"}],"wp:attachment":[{"href":"https:\/\/www.billigtrikotde.com\/fr\/wp-json\/wp\/v2\/media?parent=816"}],"wp:term":[{"taxonomy":"product_brand","embeddable":true,"href":"https:\/\/www.billigtrikotde.com\/fr\/wp-json\/wp\/v2\/product_brand?post=816"},{"taxonomy":"product_cat","embeddable":true,"href":"https:\/\/www.billigtrikotde.com\/fr\/wp-json\/wp\/v2\/product_cat?post=816"},{"taxonomy":"product_tag","embeddable":true,"href":"https:\/\/www.billigtrikotde.com\/fr\/wp-json\/wp\/v2\/product_tag?post=816"}],"curies":[{"name":"wp","href":"https:\/\/api.w.org\/{rel}","templated":true}]}}