{"id":8060,"date":"2024-10-24T01:17:54","date_gmt":"2024-10-23T23:17:54","guid":{"rendered":"http:\/\/billigtrikots.com\/?post_type=product&#038;p=8060"},"modified":"2024-10-24T01:20:03","modified_gmt":"2024-10-23T23:20:03","slug":"herren-niederlande-auswaertstrikot-euro-2022-weiss-fussballtrikots-set-blind-17","status":"publish","type":"product","link":"https:\/\/www.billigtrikotde.com\/fr\/herren-niederlande-auswaertstrikot-euro-2022-weiss-fussballtrikots-set-blind-17\/","title":{"rendered":"Heren Niederlande Ausw\u00e4rtstrikot Euro 2022 weiss Fu\u00dfballtrikots Set BLIND 17"},"content":{"rendered":"<p>Le maillot ext\u00e9rieur de l'Euro 2022 des Pays-Bas de Nike est principalement blanc et pr\u00e9sente un design sur mesure, inspir\u00e9 du drapeau n\u00e9erlandais. Les rectangles bleus et rouges sont r\u00e9partis de mani\u00e8re asym\u00e9trique sur tout le maillot.<\/p>\n<p>Le logo sur le c\u00f4t\u00e9 gauche de la poitrine du maillot ext\u00e9rieur Nike des Pays-Bas 2022 est \u00e9galement unique : il est rouge et repr\u00e9sente une lionne orange.<\/p>\n<p>Conseils pour l'impression : Si le nom et le num\u00e9ro figurant sur l'image correspondent exactement \u00e0 ce que vous souhaitez, vous ne devez pas les saisir \u00e0 nouveau. Si ce n'est pas le cas, vous devez saisir le nom et le num\u00e9ro que vous souhaitez.<\/p>\n<p>Conseils pour le lavage : Il est recommand\u00e9 de laver les maillots de football \u00e0 la main. Si vous souhaitez utiliser la machine \u00e0 laver, pensez \u00e0 retourner les maillots de football avant de les laver. Remplissez la machine avec de l'eau froide et utilisez un cycle de lavage d\u00e9licat pour mieux prot\u00e9ger les couleurs.<\/p>","protected":false},"excerpt":{"rendered":"<p>Le maillot ext\u00e9rieur de l'\u00e9quipe des Pays-Bas Euro 2022 de Nike est principalement blanc et pr\u00e9sente un design sur mesure, inspir\u00e9 du drapeau n\u00e9erlandais. Les rectangles bleus et rouges sont r\u00e9partis de mani\u00e8re asym\u00e9trique sur tout le maillot. Le logo sur le c\u00f4t\u00e9 gauche de la poitrine du maillot ext\u00e9rieur Nike Pays-Bas 2022 est \u00e9galement unique : il est rouge et affiche une couleur orange [\u2026]<\/p>","protected":false},"featured_media":8101,"comment_status":"open","ping_status":"closed","template":"","meta":[],"product_brand":[],"product_cat":[219],"product_tag":[20,21,22,23,24,355,221],"class_list":{"0":"post-8060","1":"product","2":"type-product","3":"status-publish","4":"has-post-thumbnail","6":"product_cat-niederlande-trikots","7":"product_tag-coole-fussballtrikots","8":"product_tag-fussballtrikot-fuer-herren","9":"product_tag-fussballtrikot-guenstig-kaufen","10":"product_tag-fussballtrikot-kurzarm","11":"product_tag-guenstiges-fussballtrikot","12":"product_tag-niederlande-auswaertstrikot","13":"product_tag-niederlande-trikots","15":"first","16":"instock","17":"shipping-taxable","18":"purchasable","19":"product-type-variable"},"_links":{"self":[{"href":"https:\/\/www.billigtrikotde.com\/fr\/wp-json\/wp\/v2\/product\/8060","targetHints":{"allow":["GET"]}}],"collection":[{"href":"https:\/\/www.billigtrikotde.com\/fr\/wp-json\/wp\/v2\/product"}],"about":[{"href":"https:\/\/www.billigtrikotde.com\/fr\/wp-json\/wp\/v2\/types\/product"}],"replies":[{"embeddable":true,"href":"https:\/\/www.billigtrikotde.com\/fr\/wp-json\/wp\/v2\/comments?post=8060"}],"wp:featuredmedia":[{"embeddable":true,"href":"https:\/\/www.billigtrikotde.com\/fr\/wp-json\/wp\/v2\/media\/8101"}],"wp:attachment":[{"href":"https:\/\/www.billigtrikotde.com\/fr\/wp-json\/wp\/v2\/media?parent=8060"}],"wp:term":[{"taxonomy":"product_brand","embeddable":true,"href":"https:\/\/www.billigtrikotde.com\/fr\/wp-json\/wp\/v2\/product_brand?post=8060"},{"taxonomy":"product_cat","embeddable":true,"href":"https:\/\/www.billigtrikotde.com\/fr\/wp-json\/wp\/v2\/product_cat?post=8060"},{"taxonomy":"product_tag","embeddable":true,"href":"https:\/\/www.billigtrikotde.com\/fr\/wp-json\/wp\/v2\/product_tag?post=8060"}],"curies":[{"name":"wp","href":"https:\/\/api.w.org\/{rel}","templated":true}]}}