{"id":7884,"date":"2024-10-24T01:09:31","date_gmt":"2024-10-23T23:09:31","guid":{"rendered":"http:\/\/billigtrikots.com\/?post_type=product&#038;p=7884"},"modified":"2024-10-24T01:11:41","modified_gmt":"2024-10-23T23:11:41","slug":"deutschland-heimtrikot-dfb-wm-2022-herren-trikot-weiss-schwarz","status":"publish","type":"product","link":"https:\/\/www.billigtrikotde.com\/fr\/deutschland-heimtrikot-dfb-wm-2022-herren-trikot-weiss-schwarz\/","title":{"rendered":"Allemagne maillot domicile DFB CM 2022 homme maillot blanc noir"},"content":{"rendered":"<p>Ce look fait battre votre c\u0153ur plus fort : le logo brod\u00e9 de la f\u00e9d\u00e9ration en or donne une place particuli\u00e8re sur la poitrine de ce maillot DFB adidas. Ce maillot domicile se pr\u00e9sente de mani\u00e8re tr\u00e8s moderne avec une rayure verticale marquante et une \u00e9nergie d'\u00e9quipe noire-rouge-or \u00e0 couper le souffle. La technologie AEROREADY absorbante et les empi\u00e8cements en mesh vous offrent une sensation de s\u00e8cheresse lorsque vous encouragez et vibrez.<\/p>\n<p>Simplicit\u00e9 iconique dans sa meilleure forme tout en alliant modernit\u00e9 et cr\u00e9dibilit\u00e9. Le nouveau maillot domicile allemand 2022 arrive dans un design \u00e9pur\u00e9, inspir\u00e9 par des rayures de course audacieuses pour attirer l'attention \u00e0 grande vitesse. Un design fort qui se renforce en unissant les \u00e9paules en tant qu'\u00e9quipe et nation et cr\u00e9e une v\u00e9ritable \u00ab affaire de c\u0153ur \u00bb.<\/p>\n<p>Conseils pour l'impression : Si le nom et le num\u00e9ro figurant sur l'image correspondent exactement \u00e0 ce que vous souhaitez, vous ne devez pas les saisir \u00e0 nouveau. Si ce n'est pas le cas, vous devez saisir le nom et le num\u00e9ro que vous souhaitez.<\/p>\n<p>Conseils pour le lavage : Il est recommand\u00e9 de laver les maillots de football \u00e0 la main. Si vous souhaitez utiliser la machine \u00e0 laver, pensez \u00e0 retourner les maillots de football avant de les laver. Remplissez la machine avec de l'eau froide et utilisez un cycle de lavage d\u00e9licat pour mieux prot\u00e9ger les couleurs.<\/p>","protected":false},"excerpt":{"rendered":"<p>Ce look fait battre votre c\u0153ur plus fort : le logo brod\u00e9 de la f\u00e9d\u00e9ration en or donne une place particuli\u00e8re sur la poitrine de ce maillot DFB adidas. Ce maillot domicile se pr\u00e9sente de mani\u00e8re tr\u00e8s moderne avec une rayure verticale marquante et une \u00e9nergie d'\u00e9quipe noire-rouge-or \u00e0 couper le souffle. La technologie AEROREADY absorbante et les empi\u00e8cements en mesh vous offrent une sensation de s\u00e8cheresse lorsque vous encouragez et vibrez.<\/p>","protected":false},"featured_media":7923,"comment_status":"open","ping_status":"closed","template":"","meta":[],"product_brand":[],"product_cat":[170],"product_tag":[20,212,172,222,21,22,23,24],"class_list":{"0":"post-7884","1":"product","2":"type-product","3":"status-publish","4":"has-post-thumbnail","6":"product_cat-deutschland-trikots","7":"product_tag-coole-fussballtrikots","8":"product_tag-deutschland-heimtrikot","9":"product_tag-deutschland-trikots","10":"product_tag-fussball-wm-2022-trikots","11":"product_tag-fussballtrikot-fuer-herren","12":"product_tag-fussballtrikot-guenstig-kaufen","13":"product_tag-fussballtrikot-kurzarm","14":"product_tag-guenstiges-fussballtrikot","16":"first","17":"instock","18":"shipping-taxable","19":"purchasable","20":"product-type-variable"},"_links":{"self":[{"href":"https:\/\/www.billigtrikotde.com\/fr\/wp-json\/wp\/v2\/product\/7884","targetHints":{"allow":["GET"]}}],"collection":[{"href":"https:\/\/www.billigtrikotde.com\/fr\/wp-json\/wp\/v2\/product"}],"about":[{"href":"https:\/\/www.billigtrikotde.com\/fr\/wp-json\/wp\/v2\/types\/product"}],"replies":[{"embeddable":true,"href":"https:\/\/www.billigtrikotde.com\/fr\/wp-json\/wp\/v2\/comments?post=7884"}],"wp:featuredmedia":[{"embeddable":true,"href":"https:\/\/www.billigtrikotde.com\/fr\/wp-json\/wp\/v2\/media\/7923"}],"wp:attachment":[{"href":"https:\/\/www.billigtrikotde.com\/fr\/wp-json\/wp\/v2\/media?parent=7884"}],"wp:term":[{"taxonomy":"product_brand","embeddable":true,"href":"https:\/\/www.billigtrikotde.com\/fr\/wp-json\/wp\/v2\/product_brand?post=7884"},{"taxonomy":"product_cat","embeddable":true,"href":"https:\/\/www.billigtrikotde.com\/fr\/wp-json\/wp\/v2\/product_cat?post=7884"},{"taxonomy":"product_tag","embeddable":true,"href":"https:\/\/www.billigtrikotde.com\/fr\/wp-json\/wp\/v2\/product_tag?post=7884"}],"curies":[{"name":"wp","href":"https:\/\/api.w.org\/{rel}","templated":true}]}}