{"id":7882,"date":"2024-10-24T01:09:29","date_gmt":"2024-10-23T23:09:29","guid":{"rendered":"http:\/\/billigtrikots.com\/?post_type=product&#038;p=7882"},"modified":"2024-10-24T01:11:40","modified_gmt":"2024-10-23T23:11:40","slug":"frankreich-trikot-wm-2022-heimtrikot-blau-fuer-herren-kurzarm-kurze-hosen","status":"publish","type":"product","link":"https:\/\/www.billigtrikotde.com\/fr\/frankreich-trikot-wm-2022-heimtrikot-blau-fuer-herren-kurzarm-kurze-hosen\/","title":{"rendered":"France Maillot Coupe du Monde 2022 domicile bleu pour hommes manches courtes + short"},"content":{"rendered":"<p>Frankreichs Heimtrikot folgt dem Spitznamen der Nationalelf. Les Bleus werden die franz\u00f6sischen Kicker genannt. Und fast ganz in Blau ist auch das franz\u00f6sische Dress gehalten. Abgesetzt ist es nur durch einen schmalen roten Brustring und entsprechend auch durch rote Stutzen. Im Ausw\u00e4rtstrikot l\u00e4uft die Equipe Tricolore hingegen komplett in Wei\u00df auf. Nur seitlich auf dem Trikot und der Hose finden sich Streifen in Rot und Blau, die die franz\u00f6sische Flagge signalisieren. Von 1972 bis 2010 war Adidas der Ausr\u00fcster der franz\u00f6sischen Mannschaft. Seit 2011 zeichnet der US-amerikanische Sportartikel-Hersteller Nike f\u00fcr das Design beim Frankreich Trikot verantwortlich.<\/p>\n<p>Conseils pour l'impression : Si le nom et le num\u00e9ro figurant sur l'image correspondent exactement \u00e0 ce que vous souhaitez, vous ne devez pas les saisir \u00e0 nouveau. Si ce n'est pas le cas, vous devez saisir le nom et le num\u00e9ro que vous souhaitez.<\/p>\n<p>Conseils pour le lavage : Il est recommand\u00e9 de laver les maillots de football \u00e0 la main. Si vous souhaitez utiliser la machine \u00e0 laver, pensez \u00e0 retourner les maillots de football avant de les laver. Remplissez la machine avec de l'eau froide et utilisez un cycle de lavage d\u00e9licat pour mieux prot\u00e9ger les couleurs.<\/p>","protected":false},"excerpt":{"rendered":"<p>Frankreichs Heimtrikot folgt dem Spitznamen der Nationalelf. Les Bleus werden die franz\u00f6sischen Kicker genannt. Und fast ganz in Blau ist auch das franz\u00f6sische Dress gehalten. Abgesetzt ist es nur durch einen schmalen roten Brustring und entsprechend auch durch rote Stutzen. Im Ausw\u00e4rtstrikot l\u00e4uft die Equipe Tricolore hingegen komplett in Wei\u00df auf. Nur seitlich auf dem [&hellip;]<\/p>","protected":false},"featured_media":7922,"comment_status":"open","ping_status":"closed","template":"","meta":[],"product_brand":[],"product_cat":[117],"product_tag":[20,121,119,21,22,23,24],"class_list":{"0":"post-7882","1":"product","2":"type-product","3":"status-publish","4":"has-post-thumbnail","6":"product_cat-frankreich-trikots","7":"product_tag-coole-fussballtrikots","8":"product_tag-frankreich-heimtrikot","9":"product_tag-frankreich-trikots","10":"product_tag-fussballtrikot-fuer-herren","11":"product_tag-fussballtrikot-guenstig-kaufen","12":"product_tag-fussballtrikot-kurzarm","13":"product_tag-guenstiges-fussballtrikot","15":"first","16":"instock","17":"shipping-taxable","18":"purchasable","19":"product-type-variable"},"_links":{"self":[{"href":"https:\/\/www.billigtrikotde.com\/fr\/wp-json\/wp\/v2\/product\/7882","targetHints":{"allow":["GET"]}}],"collection":[{"href":"https:\/\/www.billigtrikotde.com\/fr\/wp-json\/wp\/v2\/product"}],"about":[{"href":"https:\/\/www.billigtrikotde.com\/fr\/wp-json\/wp\/v2\/types\/product"}],"replies":[{"embeddable":true,"href":"https:\/\/www.billigtrikotde.com\/fr\/wp-json\/wp\/v2\/comments?post=7882"}],"wp:featuredmedia":[{"embeddable":true,"href":"https:\/\/www.billigtrikotde.com\/fr\/wp-json\/wp\/v2\/media\/7922"}],"wp:attachment":[{"href":"https:\/\/www.billigtrikotde.com\/fr\/wp-json\/wp\/v2\/media?parent=7882"}],"wp:term":[{"taxonomy":"product_brand","embeddable":true,"href":"https:\/\/www.billigtrikotde.com\/fr\/wp-json\/wp\/v2\/product_brand?post=7882"},{"taxonomy":"product_cat","embeddable":true,"href":"https:\/\/www.billigtrikotde.com\/fr\/wp-json\/wp\/v2\/product_cat?post=7882"},{"taxonomy":"product_tag","embeddable":true,"href":"https:\/\/www.billigtrikotde.com\/fr\/wp-json\/wp\/v2\/product_tag?post=7882"}],"curies":[{"name":"wp","href":"https:\/\/api.w.org\/{rel}","templated":true}]}}