{"id":7870,"date":"2024-10-24T01:08:54","date_gmt":"2024-10-23T23:08:54","guid":{"rendered":"http:\/\/billigtrikots.com\/?post_type=product&#038;p=7870"},"modified":"2024-10-24T01:11:07","modified_gmt":"2024-10-23T23:11:07","slug":"kinder-portugal-heimtrikot-wm-2022-home-trikot-rot-gruen-kurzarm-kurze-hosen","status":"publish","type":"product","link":"https:\/\/www.billigtrikotde.com\/fr\/kinder-portugal-heimtrikot-wm-2022-home-trikot-rot-gruen-kurzarm-kurze-hosen\/","title":{"rendered":"Enfants Portugal maillot domicile CM 2022 Maillot domicile rouge vert \u00e0 manches courtes + short"},"content":{"rendered":"<p>Le maillot Portugal 2022 de Nike est principalement rouge (\u00ab Pepper Red \u00bb), combin\u00e9 avec du vert dans un design diagonal \u00e0 la mani\u00e8re de Monaco et des logos dor\u00e9s-jaunes (\u00ab Gold Dart \u00bb).<\/p>\n<p>Un look exceptionnel et une nouveaut\u00e9 dans l'histoire de l'\u00e9quipe : le maillot pour la Coupe du Monde de football 2022 au Portugal poss\u00e8de un graphique diagonal vert sur le devant et l'arri\u00e8re. Il se poursuit m\u00eame sur la manche droite. Ce look est cens\u00e9 imiter le drapeau enroul\u00e9 autour du corps, selon le communiqu\u00e9 officiel.<\/p>\n<p>Tout comme pour l'Euro 2020, Nike associe le maillot domicile Portugal 2022 avec un pantalon vert. Les chaussettes du maillot domicile Portugal 2022 sont rouges, avec un revers vert et des logos dor\u00e9s.<\/p>\n<p>Conseils pour l'impression : Si le nom et le num\u00e9ro figurant sur l'image correspondent exactement \u00e0 ce que vous souhaitez, vous ne devez pas les saisir \u00e0 nouveau. Si ce n'est pas le cas, vous devez saisir le nom et le num\u00e9ro que vous souhaitez.<\/p>\n<p>Conseils pour le lavage : Il est recommand\u00e9 de laver les maillots de football \u00e0 la main. Si vous souhaitez utiliser la machine \u00e0 laver, pensez \u00e0 retourner les maillots de football avant de les laver. Remplissez la machine avec de l'eau froide et utilisez un cycle de lavage d\u00e9licat pour mieux prot\u00e9ger les couleurs.<\/p>","protected":false},"excerpt":{"rendered":"<p>Le maillot Nike Portugal 2022 est principalement rouge (\u00ab Pepper Red \u00bb), combin\u00e9 avec du vert dans un design diagonal \u00e0 la mani\u00e8re de Monaco et des logos dor\u00e9s-jaunes (\u00ab Gold Dart \u00bb). Un look exceptionnel et une nouveaut\u00e9 dans l'histoire de l'\u00e9quipe : le maillot pour la Coupe du Monde de football 2022 au Portugal poss\u00e8de un graphique diagonal vert sur le devant et l'arri\u00e8re. Ils [\u2026]<\/p>","protected":false},"featured_media":7910,"comment_status":"open","ping_status":"closed","template":"","meta":[],"product_brand":[],"product_cat":[239],"product_tag":[20,222,21,23,24,94,240,347,348],"class_list":{"0":"post-7870","1":"product","2":"type-product","3":"status-publish","4":"has-post-thumbnail","6":"product_cat-portugal-trikots","7":"product_tag-coole-fussballtrikots","8":"product_tag-fussball-wm-2022-trikots","9":"product_tag-fussballtrikot-fuer-herren","10":"product_tag-fussballtrikot-kurzarm","11":"product_tag-guenstiges-fussballtrikot","12":"product_tag-kinder-fussball-trikotsatz","13":"product_tag-portugal-heimtrikot","14":"product_tag-portugal-trikots","15":"product_tag-portugal-trikotsatz-fuer-kinder","17":"first","18":"instock","19":"shipping-taxable","20":"purchasable","21":"product-type-variable"},"_links":{"self":[{"href":"https:\/\/www.billigtrikotde.com\/fr\/wp-json\/wp\/v2\/product\/7870","targetHints":{"allow":["GET"]}}],"collection":[{"href":"https:\/\/www.billigtrikotde.com\/fr\/wp-json\/wp\/v2\/product"}],"about":[{"href":"https:\/\/www.billigtrikotde.com\/fr\/wp-json\/wp\/v2\/types\/product"}],"replies":[{"embeddable":true,"href":"https:\/\/www.billigtrikotde.com\/fr\/wp-json\/wp\/v2\/comments?post=7870"}],"wp:featuredmedia":[{"embeddable":true,"href":"https:\/\/www.billigtrikotde.com\/fr\/wp-json\/wp\/v2\/media\/7910"}],"wp:attachment":[{"href":"https:\/\/www.billigtrikotde.com\/fr\/wp-json\/wp\/v2\/media?parent=7870"}],"wp:term":[{"taxonomy":"product_brand","embeddable":true,"href":"https:\/\/www.billigtrikotde.com\/fr\/wp-json\/wp\/v2\/product_brand?post=7870"},{"taxonomy":"product_cat","embeddable":true,"href":"https:\/\/www.billigtrikotde.com\/fr\/wp-json\/wp\/v2\/product_cat?post=7870"},{"taxonomy":"product_tag","embeddable":true,"href":"https:\/\/www.billigtrikotde.com\/fr\/wp-json\/wp\/v2\/product_tag?post=7870"}],"curies":[{"name":"wp","href":"https:\/\/api.w.org\/{rel}","templated":true}]}}