{"id":7866,"date":"2024-10-24T01:08:50","date_gmt":"2024-10-23T23:08:50","guid":{"rendered":"http:\/\/billigtrikots.com\/?post_type=product&#038;p=7866"},"modified":"2024-10-24T01:11:05","modified_gmt":"2024-10-23T23:11:05","slug":"deutschland-heimtrikot-dfb-wm-2022-kinder-trikots-weiss-schwarz-trikotsatz","status":"publish","type":"product","link":"https:\/\/www.billigtrikotde.com\/fr\/deutschland-heimtrikot-dfb-wm-2022-kinder-trikots-weiss-schwarz-trikotsatz\/","title":{"rendered":"Allemagne maillot domicile DFB CM 2022 enfants Maillots blancs noirs ensemble de maillots"},"content":{"rendered":"<p>Le maillot Allemagne Coupe du Monde 2022 est comme toujours blanc. Cependant, cette fois-ci, une large bande noire verticale est repr\u00e9sent\u00e9e sur le devant du maillot. Sur la bande noire se trouvent un num\u00e9ro dor\u00e9, le logo de la DFB avec les quatre \u00e9toiles et le logo Adidas.<\/p>\n<p>De plus, le maillot a un large ourlet de manche en noir. Le col du maillot comporte de fines bandes aux couleurs du drapeau allemand.<\/p>\n<p>De plus, le maillot est imprim\u00e9 avec un motif qui couvre l\u2019int\u00e9gralit\u00e9 du maillot.<br \/>\nLes maillots rappellent par leur apparence les maillots ext\u00e9rieurs de l\u2019Euro 2008, qui avaient \u00e9galement cette bande noire.<\/p>\n<p>Conseils pour l'impression : Si le nom et le num\u00e9ro figurant sur l'image correspondent exactement \u00e0 ce que vous souhaitez, vous ne devez pas les saisir \u00e0 nouveau. Si ce n'est pas le cas, vous devez saisir le nom et le num\u00e9ro que vous souhaitez.<\/p>\n<p>Conseils pour le lavage : Il est recommand\u00e9 de laver les maillots de football \u00e0 la main. Si vous souhaitez utiliser la machine \u00e0 laver, pensez \u00e0 retourner les maillots de football avant de les laver. Remplissez la machine avec de l'eau froide et utilisez un cycle de lavage d\u00e9licat pour mieux prot\u00e9ger les couleurs.<\/p>","protected":false},"excerpt":{"rendered":"<p>Das Deutschland WM 2022 Trikot ist wie immer in Wei\u00df. Allerdings ist diesmal ein dicker schwarzer Balken vertikal vor auf dem Shirt abgebildet. Auf dem schwarzen Streifen befinden sich eine goldene Nummer, das DFB-Logo mit den vier Sternen und das Adidas-Logo. Au\u00dferdem hat das Trikot einen breiten \u00c4rmelsaum in Schwarz. Der Kragen des Shirts hat [\u2026]<\/p>","protected":false},"featured_media":7900,"comment_status":"open","ping_status":"closed","template":"","meta":[],"product_brand":[],"product_cat":[170],"product_tag":[20,212,172,213,21,22,23,24],"class_list":{"0":"post-7866","1":"product","2":"type-product","3":"status-publish","4":"has-post-thumbnail","6":"product_cat-deutschland-trikots","7":"product_tag-coole-fussballtrikots","8":"product_tag-deutschland-heimtrikot","9":"product_tag-deutschland-trikots","10":"product_tag-fussball-wm-2022","11":"product_tag-fussballtrikot-fuer-herren","12":"product_tag-fussballtrikot-guenstig-kaufen","13":"product_tag-fussballtrikot-kurzarm","14":"product_tag-guenstiges-fussballtrikot","16":"first","17":"instock","18":"shipping-taxable","19":"purchasable","20":"product-type-variable"},"_links":{"self":[{"href":"https:\/\/www.billigtrikotde.com\/fr\/wp-json\/wp\/v2\/product\/7866","targetHints":{"allow":["GET"]}}],"collection":[{"href":"https:\/\/www.billigtrikotde.com\/fr\/wp-json\/wp\/v2\/product"}],"about":[{"href":"https:\/\/www.billigtrikotde.com\/fr\/wp-json\/wp\/v2\/types\/product"}],"replies":[{"embeddable":true,"href":"https:\/\/www.billigtrikotde.com\/fr\/wp-json\/wp\/v2\/comments?post=7866"}],"wp:featuredmedia":[{"embeddable":true,"href":"https:\/\/www.billigtrikotde.com\/fr\/wp-json\/wp\/v2\/media\/7900"}],"wp:attachment":[{"href":"https:\/\/www.billigtrikotde.com\/fr\/wp-json\/wp\/v2\/media?parent=7866"}],"wp:term":[{"taxonomy":"product_brand","embeddable":true,"href":"https:\/\/www.billigtrikotde.com\/fr\/wp-json\/wp\/v2\/product_brand?post=7866"},{"taxonomy":"product_cat","embeddable":true,"href":"https:\/\/www.billigtrikotde.com\/fr\/wp-json\/wp\/v2\/product_cat?post=7866"},{"taxonomy":"product_tag","embeddable":true,"href":"https:\/\/www.billigtrikotde.com\/fr\/wp-json\/wp\/v2\/product_tag?post=7866"}],"curies":[{"name":"wp","href":"https:\/\/api.w.org\/{rel}","templated":true}]}}