{"id":7860,"date":"2024-10-24T01:08:20","date_gmt":"2024-10-23T23:08:20","guid":{"rendered":"http:\/\/billigtrikots.com\/?post_type=product&#038;p=7860"},"modified":"2024-10-24T01:10:33","modified_gmt":"2024-10-23T23:10:33","slug":"herren-fc-barcelona-2022-23-auswaertstrikot-grau-online-bestellen","status":"publish","type":"product","link":"https:\/\/www.billigtrikotde.com\/fr\/herren-fc-barcelona-2022-23-auswaertstrikot-grau-online-bestellen\/","title":{"rendered":"Homme FC Barcelone 2022-23 Maillot ext\u00e9rieur gris Commander en ligne"},"content":{"rendered":"<p>Soutenez les Blaugrana sur le terrain d'entra\u00eenement et sur les tribunes du Camp Nou avec le maillot Nike FC Barcelone 22\/23 Dri-Fit Stadium de remplacement.<\/p>\n<p>Avec le swoosh Nike sur la droite de la poitrine et l'embl\u00e8me l\u00e9gendaire du Bar\u00e7a sur la gauche au-dessus du c\u0153ur, ce maillot montre votre passion pour le club. Le troisi\u00e8me maillot 2022\/23 incarne la devise \u00ab Mes que un Club \u00bb (Plus qu'un club) du FC Barcelone et doit c\u00e9l\u00e9brer le 30e anniversaire de l'attribution de la Creu de Sant Jordi (Croix de Saint-Jordy) du club. Les couleurs rouges et bleues embl\u00e9matiques se transforment en une croix marquante qui illustre l'engagement de Barcelone envers son devoir citoyen et sa contribution \u00e0 sa communaut\u00e9.<\/p>\n<p>La technologie Dri-FIT de Nike \u00e9vacue la transpiration de la peau pour vous garder au sec et \u00e0 l'aise, et la construction l\u00e9g\u00e8re vous maintient en forme pendant les 90 minutes. Le mat\u00e9riau \u00e0 s\u00e9chage rapide signifie que vous pouvez le laver et le porter imm\u00e9diatement, ce qui est id\u00e9al pour un entra\u00eenement ou des matchs de courte dur\u00e9e.<\/p>\n<p>Conseils pour l'impression : Si le nom et le num\u00e9ro figurant sur l'image correspondent exactement \u00e0 ce que vous souhaitez, vous ne devez pas les saisir \u00e0 nouveau. Si ce n'est pas le cas, vous devez saisir le nom et le num\u00e9ro que vous souhaitez.<\/p>\n<p>Conseils pour le lavage : Il est recommand\u00e9 de laver les maillots de football \u00e0 la main. Si vous souhaitez utiliser la machine \u00e0 laver, pensez \u00e0 retourner les maillots de football avant de les laver. Remplissez la machine avec de l'eau froide et utilisez un cycle de lavage d\u00e9licat pour mieux prot\u00e9ger les couleurs.<\/p>","protected":false},"excerpt":{"rendered":"<p>Unterst\u00fctze die Blaugrana auf dem Trainingsplatz und auf der Trib\u00fcne des Camp Nou mit dem Nike FC Barcelona 22\/23 Dri-Fit Stadium Ausweichtrikot. Mit dem Nike-Swoosh auf der rechten Brust und dem legend\u00e4ren Barca-Wappen auf der linken Seite \u00fcber dem Herzen zeigt dieses Trikot deine Leidenschaft f\u00fcr den Verein. Das dritte Trikot 2022\/23 verk\u00f6rpert das Motto [&hellip;]<\/p>","protected":false},"featured_media":7899,"comment_status":"open","ping_status":"closed","template":"","meta":[],"product_brand":[],"product_cat":[31],"product_tag":[20,346,33,21,22,23,24,345],"class_list":{"0":"post-7860","1":"product","2":"type-product","3":"status-publish","4":"has-post-thumbnail","6":"product_cat-fc-barcelona","7":"product_tag-coole-fussballtrikots","8":"product_tag-fc-barcelona-2022-23-trikot","9":"product_tag-fc-barcelona-trikots","10":"product_tag-fussballtrikot-fuer-herren","11":"product_tag-fussballtrikot-guenstig-kaufen","12":"product_tag-fussballtrikot-kurzarm","13":"product_tag-guenstiges-fussballtrikot","14":"product_tag-neuen-fc-barcelona-trikots","16":"first","17":"instock","18":"shipping-taxable","19":"purchasable","20":"product-type-variable"},"_links":{"self":[{"href":"https:\/\/www.billigtrikotde.com\/fr\/wp-json\/wp\/v2\/product\/7860","targetHints":{"allow":["GET"]}}],"collection":[{"href":"https:\/\/www.billigtrikotde.com\/fr\/wp-json\/wp\/v2\/product"}],"about":[{"href":"https:\/\/www.billigtrikotde.com\/fr\/wp-json\/wp\/v2\/types\/product"}],"replies":[{"embeddable":true,"href":"https:\/\/www.billigtrikotde.com\/fr\/wp-json\/wp\/v2\/comments?post=7860"}],"wp:featuredmedia":[{"embeddable":true,"href":"https:\/\/www.billigtrikotde.com\/fr\/wp-json\/wp\/v2\/media\/7899"}],"wp:attachment":[{"href":"https:\/\/www.billigtrikotde.com\/fr\/wp-json\/wp\/v2\/media?parent=7860"}],"wp:term":[{"taxonomy":"product_brand","embeddable":true,"href":"https:\/\/www.billigtrikotde.com\/fr\/wp-json\/wp\/v2\/product_brand?post=7860"},{"taxonomy":"product_cat","embeddable":true,"href":"https:\/\/www.billigtrikotde.com\/fr\/wp-json\/wp\/v2\/product_cat?post=7860"},{"taxonomy":"product_tag","embeddable":true,"href":"https:\/\/www.billigtrikotde.com\/fr\/wp-json\/wp\/v2\/product_tag?post=7860"}],"curies":[{"name":"wp","href":"https:\/\/api.w.org\/{rel}","templated":true}]}}