{"id":7812,"date":"2024-10-24T01:05:59","date_gmt":"2024-10-23T23:05:59","guid":{"rendered":"http:\/\/billigtrikots.com\/?post_type=product&#038;p=7812"},"modified":"2024-10-24T01:08:09","modified_gmt":"2024-10-23T23:08:09","slug":"fc-barcelona-2022-23-auswaertstrikot-goldene-away-shirt-fuer-herren-messi-10","status":"publish","type":"product","link":"https:\/\/www.billigtrikotde.com\/fr\/fc-barcelona-2022-23-auswaertstrikot-goldene-away-shirt-fuer-herren-messi-10\/","title":{"rendered":"Maillot ext\u00e9rieur FC Barcelone 2022-23 maillot ext\u00e9rieur dor\u00e9 pour hommes MESSI 10"},"content":{"rendered":"<p>Le maillot ext\u00e9rieur FC Barcelone 22-23 a une couleur de fond dor\u00e9e, \u00e9voquant les souvenirs des ann\u00e9es 2000. Tous les logos sont en bleu marine fonc\u00e9.<\/p>\n<p>La couleur et le design des manches du nouveau maillot font r\u00e9f\u00e9rence aux m\u00e9dailles d'or que les athl\u00e8tes re\u00e7oivent lors des Jeux Olympiques, 30 ans apr\u00e8s les Jeux Olympiques de 1992 qui se sont tenus \u00e0 Barcelone. Les Jeux ont \u00e9t\u00e9 inaugur\u00e9s le 25 juillet 1992. De plus, les couleurs des cinq anneaux olympiques sont visibles sur les poignets des manches et sur les chaussettes.<\/p>\n<p>Un motif discret repr\u00e9sentant la carte de la ville de Barcelone compl\u00e8te le look. Il s'agit d'une impression du plan de la ville, o\u00f9 l'on peut voir, entre autres, plusieurs quadrillages de blocs de maisons dans le quartier de L\u2019Eixample et sur l'Avenida Diagonal.<\/p>\n<p>Conseils pour l'impression : Si le nom et le num\u00e9ro figurant sur l'image correspondent exactement \u00e0 ce que vous souhaitez, vous ne devez pas les saisir \u00e0 nouveau. Si ce n'est pas le cas, vous devez saisir le nom et le num\u00e9ro que vous souhaitez.<\/p>\n<p>Conseils pour le lavage : Il est recommand\u00e9 de laver les maillots de football \u00e0 la main. Si vous souhaitez utiliser la machine \u00e0 laver, pensez \u00e0 retourner les maillots de football avant de les laver. Remplissez la machine avec de l'eau froide et utilisez un cycle de lavage d\u00e9licat pour mieux prot\u00e9ger les couleurs.<\/p>","protected":false},"excerpt":{"rendered":"<p>Le maillot ext\u00e9rieur FC Barcelone 22-23 a une couleur de fond dor\u00e9e, \u00e9voquant les souvenirs des ann\u00e9es 2000. Tous les logos sont en bleu marine fonc\u00e9. La couleur et le design des manches du nouveau maillot font r\u00e9f\u00e9rence aux m\u00e9dailles d'or que les athl\u00e8tes re\u00e7oivent lors des Jeux Olympiques, 30 ans apr\u00e8s les Jeux Olympiques de 1992 \u00e0 Barcelone [...]<\/p>","protected":false},"featured_media":7851,"comment_status":"open","ping_status":"closed","template":"","meta":[],"product_brand":[],"product_cat":[31],"product_tag":[20,346,33,21,22,23,24,345],"class_list":{"0":"post-7812","1":"product","2":"type-product","3":"status-publish","4":"has-post-thumbnail","6":"product_cat-fc-barcelona","7":"product_tag-coole-fussballtrikots","8":"product_tag-fc-barcelona-2022-23-trikot","9":"product_tag-fc-barcelona-trikots","10":"product_tag-fussballtrikot-fuer-herren","11":"product_tag-fussballtrikot-guenstig-kaufen","12":"product_tag-fussballtrikot-kurzarm","13":"product_tag-guenstiges-fussballtrikot","14":"product_tag-neuen-fc-barcelona-trikots","16":"first","17":"instock","18":"shipping-taxable","19":"purchasable","20":"product-type-variable"},"_links":{"self":[{"href":"https:\/\/www.billigtrikotde.com\/fr\/wp-json\/wp\/v2\/product\/7812","targetHints":{"allow":["GET"]}}],"collection":[{"href":"https:\/\/www.billigtrikotde.com\/fr\/wp-json\/wp\/v2\/product"}],"about":[{"href":"https:\/\/www.billigtrikotde.com\/fr\/wp-json\/wp\/v2\/types\/product"}],"replies":[{"embeddable":true,"href":"https:\/\/www.billigtrikotde.com\/fr\/wp-json\/wp\/v2\/comments?post=7812"}],"wp:featuredmedia":[{"embeddable":true,"href":"https:\/\/www.billigtrikotde.com\/fr\/wp-json\/wp\/v2\/media\/7851"}],"wp:attachment":[{"href":"https:\/\/www.billigtrikotde.com\/fr\/wp-json\/wp\/v2\/media?parent=7812"}],"wp:term":[{"taxonomy":"product_brand","embeddable":true,"href":"https:\/\/www.billigtrikotde.com\/fr\/wp-json\/wp\/v2\/product_brand?post=7812"},{"taxonomy":"product_cat","embeddable":true,"href":"https:\/\/www.billigtrikotde.com\/fr\/wp-json\/wp\/v2\/product_cat?post=7812"},{"taxonomy":"product_tag","embeddable":true,"href":"https:\/\/www.billigtrikotde.com\/fr\/wp-json\/wp\/v2\/product_tag?post=7812"}],"curies":[{"name":"wp","href":"https:\/\/api.w.org\/{rel}","templated":true}]}}